{"id":1723,"date":"2025-02-28T13:46:42","date_gmt":"2025-02-28T12:46:42","guid":{"rendered":"https:\/\/locket-transport.com\/?page_id=1723"},"modified":"2025-03-03T16:31:26","modified_gmt":"2025-03-03T15:31:26","slug":"transporteur-routier-definition","status":"publish","type":"page","link":"https:\/\/locket-transport.com\/index.php\/transport-industriel-fonctionnement\/transporteur-routier-definition\/","title":{"rendered":"Qu&rsquo;est-ce qu&rsquo;un transporteur routier ?"},"content":{"rendered":"\t\t<div data-elementor-type=\"wp-page\" data-elementor-id=\"1723\" class=\"elementor elementor-1723\">\n\t\t\t\t<div class=\"elementor-element elementor-element-073da40 e-flex e-con-boxed e-con e-parent\" data-id=\"073da40\" data-element_type=\"container\">\n\t\t\t\t\t<div class=\"e-con-inner\">\n\t\t\t\t<div class=\"elementor-element elementor-element-77aa42e elementor-widget elementor-widget-spacer\" data-id=\"77aa42e\" data-element_type=\"widget\" data-widget_type=\"spacer.default\">\n\t\t\t\t<div class=\"elementor-widget-container\">\n\t\t\t\t\t\t\t<div class=\"elementor-spacer\">\n\t\t\t<div class=\"elementor-spacer-inner\"><\/div>\n\t\t<\/div>\n\t\t\t\t\t\t<\/div>\n\t\t\t\t<\/div>\n\t\t\t\t\t<\/div>\n\t\t\t\t<\/div>\n\t\t<div class=\"elementor-element elementor-element-0f194f4 e-flex e-con-boxed e-con e-parent\" data-id=\"0f194f4\" data-element_type=\"container\">\n\t\t\t\t\t<div class=\"e-con-inner\">\n\t\t\t\t<div class=\"elementor-element elementor-element-13bdf80 elementor-widget elementor-widget-heading\" data-id=\"13bdf80\" data-element_type=\"widget\" data-widget_type=\"heading.default\">\n\t\t\t\t<div class=\"elementor-widget-container\">\n\t\t\t\t\t<h1 class=\"elementor-heading-title elementor-size-default\">Qu'est-ce qu'un transporteur routier ?<\/h1>\t\t\t\t<\/div>\n\t\t\t\t<\/div>\n\t\t\t\t\t<\/div>\n\t\t\t\t<\/div>\n\t\t<div class=\"elementor-element elementor-element-449b2b7 e-flex e-con-boxed e-con e-parent\" data-id=\"449b2b7\" data-element_type=\"container\">\n\t\t\t\t\t<div class=\"e-con-inner\">\n\t\t\t\t<div class=\"elementor-element elementor-element-4183564 elementor-widget elementor-widget-text-editor\" data-id=\"4183564\" data-element_type=\"widget\" data-widget_type=\"text-editor.default\">\n\t\t\t\t<div class=\"elementor-widget-container\">\n\t\t\t\t\t\t\t\t\t<p>Le <strong>transporteur routier<\/strong> est un maillon essentiel de la cha\u00eene logistique, assurant l&rsquo;acheminement de marchandises par la route. Il peut s&rsquo;agir d&rsquo;entreprises de toutes tailles, utilisant des v\u00e9hicules allant du petit utilitaire au <strong>poids lourd<\/strong>.<\/p><p>Pour exercer cette activit\u00e9, la capacit\u00e9 professionnelle de transport est indispensable, prouvant la comp\u00e9tence du gestionnaire de l&rsquo;entreprise.\u00a0 L&rsquo;inscription au <strong>registre des transporteurs<\/strong> et la <strong>possession d&rsquo;une licence de transport routier de marchandises<\/strong> sont obligatoires.\u00a0 Des autorisations sp\u00e9cifiques peuvent \u00eatre n\u00e9cessaires pour le <strong>transport de mati\u00e8res dangereuses<\/strong> (ADR) ou de <strong>denr\u00e9es p\u00e9rissables<\/strong> (ATP).<\/p><p>Le <strong>transporteur routier<\/strong> doit poss\u00e9der un excellent sens de l&rsquo;organisation et de la rigueur. La connaissance de la r\u00e9glementation du <strong>transport routier<\/strong>, incluant les temps de conduite et de repos, est primordiale. La ma\u00eetrise des outils de navigation et de communication est essentielle pour optimiser les trajets et rester en contact avec les clients.<\/p>\t\t\t\t\t\t\t\t<\/div>\n\t\t\t\t<\/div>\n\t\t\t\t\t<\/div>\n\t\t\t\t<\/div>\n\t\t<div class=\"elementor-element elementor-element-9d465c6 e-flex e-con-boxed e-con e-parent\" data-id=\"9d465c6\" data-element_type=\"container\">\n\t\t\t\t\t<div class=\"e-con-inner\">\n\t\t\t\t<div class=\"elementor-element elementor-element-b35dd9a elementor-widget elementor-widget-image\" data-id=\"b35dd9a\" data-element_type=\"widget\" data-widget_type=\"image.default\">\n\t\t\t\t<div class=\"elementor-widget-container\">\n\t\t\t\t\t\t\t\t\t\t\t\t\t\t\t<img fetchpriority=\"high\" decoding=\"async\" width=\"1024\" height=\"763\" src=\"https:\/\/locket-transport.com\/wp-content\/uploads\/2024\/11\/entrepot-camions-1024x763.jpg\" class=\"attachment-large size-large wp-image-1264\" alt=\"Flotte de camions - Locket Transport\" srcset=\"https:\/\/locket-transport.com\/wp-content\/uploads\/2024\/11\/entrepot-camions-1024x763.jpg 1024w, https:\/\/locket-transport.com\/wp-content\/uploads\/2024\/11\/entrepot-camions-300x224.jpg 300w, https:\/\/locket-transport.com\/wp-content\/uploads\/2024\/11\/entrepot-camions-768x572.jpg 768w, https:\/\/locket-transport.com\/wp-content\/uploads\/2024\/11\/entrepot-camions.jpg 1280w\" sizes=\"(max-width: 1024px) 100vw, 1024px\" \/>\t\t\t\t\t\t\t\t\t\t\t\t\t\t\t<\/div>\n\t\t\t\t<\/div>\n\t\t\t\t\t<\/div>\n\t\t\t\t<\/div>\n\t\t<div class=\"elementor-element elementor-element-3ef5c2c e-flex e-con-boxed e-con e-parent\" data-id=\"3ef5c2c\" data-element_type=\"container\">\n\t\t\t\t\t<div class=\"e-con-inner\">\n\t\t\t\t<div class=\"elementor-element elementor-element-aa49598 elementor-widget elementor-widget-text-editor\" data-id=\"aa49598\" data-element_type=\"widget\" data-widget_type=\"text-editor.default\">\n\t\t\t\t<div class=\"elementor-widget-container\">\n\t\t\t\t\t\t\t\t\t<p>Le quotidien d&rsquo;un dirigeant d&rsquo;entreprise de transport routier est rythm\u00e9 par la <strong>gestion des plannings des conducteurs<\/strong>, l&rsquo;entretien de la flotte de v\u00e9hicules, la relation client, la <strong>recherche de fret<\/strong> et la gestion administrative. Il doit \u00e9galement se tenir inform\u00e9 des \u00e9volutions technologiques (syst\u00e8mes embarqu\u00e9s, bourses de fret) et r\u00e9glementaires.<\/p><p>Les <strong>transporteurs routiers<\/strong> utilisent une vari\u00e9t\u00e9 d&rsquo;outils : camions, semi-remorques,\u00a0 syst\u00e8mes de g\u00e9olocalisation, <strong>logiciels de gestion de flotte<\/strong> (TMS).\u00a0 Au-del\u00e0 de ces \u00e9quipements, le transporteur doit s&rsquo;\u00e9quiper de nombreux outils de manutention et de levage pour s\u00e9curiser et manipuler les charges. On peut citer les sangles d&rsquo;arrimage, les crochets de levage, les \u00e9lingues de levage, et tout autre outil permettant de garantir la s\u00e9curit\u00e9 et l&rsquo;int\u00e9grit\u00e9 des <strong>marchandises transport\u00e9es<\/strong>.<\/p><p>Le secteur du transport routier est en pleine mutation, avec des enjeux importants comme la r\u00e9duction des \u00e9missions polluantes, l&rsquo;optimisation des flux logistiques et la digitalisation. Les <strong>transporteurs routiers<\/strong> doivent innover pour rester comp\u00e9titifs.<\/p>\t\t\t\t\t\t\t\t<\/div>\n\t\t\t\t<\/div>\n\t\t\t\t\t<\/div>\n\t\t\t\t<\/div>\n\t\t<div class=\"elementor-element elementor-element-79febc9 e-flex e-con-boxed e-con e-parent\" data-id=\"79febc9\" data-element_type=\"container\" data-settings=\"{&quot;background_background&quot;:&quot;classic&quot;}\">\n\t\t\t\t\t<div class=\"e-con-inner\">\n\t\t<div class=\"elementor-element elementor-element-4525b35 e-con-full e-flex e-con e-child\" data-id=\"4525b35\" data-element_type=\"container\" data-settings=\"{&quot;background_background&quot;:&quot;classic&quot;}\">\n\t\t\t\t<div class=\"elementor-element elementor-element-4fe495b elementor-widget elementor-widget-heading\" data-id=\"4fe495b\" data-element_type=\"widget\" data-widget_type=\"heading.default\">\n\t\t\t\t<div class=\"elementor-widget-container\">\n\t\t\t\t\t<h5 class=\"elementor-heading-title elementor-size-default\">Contactez-nous ! <\/h5>\t\t\t\t<\/div>\n\t\t\t\t<\/div>\n\t\t<div class=\"elementor-element elementor-element-eb12f5b e-con-full e-flex e-con e-child\" data-id=\"eb12f5b\" data-element_type=\"container\">\n\t\t\t\t<div class=\"elementor-element elementor-element-24b7469 elementor-widget elementor-widget-text-editor\" data-id=\"24b7469\" data-element_type=\"widget\" data-widget_type=\"text-editor.default\">\n\t\t\t\t<div class=\"elementor-widget-container\">\n\t\t\t\t\t\t\t\t\t<p>T\u00e9l : (+33) 06 85 38 38 50<\/p><p>@ : trs.locquet@gmail.com<\/p>\t\t\t\t\t\t\t\t<\/div>\n\t\t\t\t<\/div>\n\t\t\t\t<\/div>\n\t\t<div class=\"elementor-element elementor-element-1d565a6 e-con-full e-flex e-con e-child\" data-id=\"1d565a6\" data-element_type=\"container\">\n\t\t\t\t<div class=\"elementor-element elementor-element-bd4cebe elementor-align-center elementor-widget elementor-widget-button\" data-id=\"bd4cebe\" data-element_type=\"widget\" data-widget_type=\"button.default\">\n\t\t\t\t<div class=\"elementor-widget-container\">\n\t\t\t\t\t\t\t\t\t<div class=\"elementor-button-wrapper\">\n\t\t\t\t\t<a class=\"elementor-button elementor-button-link elementor-size-sm\" href=\"https:\/\/locket-transport.com\/index.php\/contact\/\">\n\t\t\t\t\t\t<span class=\"elementor-button-content-wrapper\">\n\t\t\t\t\t\t\t\t\t<span class=\"elementor-button-text\">Devis gratuit<\/span>\n\t\t\t\t\t<\/span>\n\t\t\t\t\t<\/a>\n\t\t\t\t<\/div>\n\t\t\t\t\t\t\t\t<\/div>\n\t\t\t\t<\/div>\n\t\t\t\t<\/div>\n\t\t\t\t<\/div>\n\t\t<div class=\"elementor-element elementor-element-ff07543 e-con-full e-flex e-con e-child\" data-id=\"ff07543\" data-element_type=\"container\" data-settings=\"{&quot;background_background&quot;:&quot;classic&quot;}\">\n\t\t<div class=\"elementor-element elementor-element-9c4d471 e-flex e-con-boxed e-con e-child\" data-id=\"9c4d471\" data-element_type=\"container\">\n\t\t\t\t\t<div class=\"e-con-inner\">\n\t\t<div class=\"elementor-element elementor-element-75f3aa3 e-con-full e-flex e-con e-child\" data-id=\"75f3aa3\" data-element_type=\"container\">\n\t\t\t\t<div class=\"elementor-element elementor-element-41e3643 elementor-widget elementor-widget-image\" data-id=\"41e3643\" data-element_type=\"widget\" data-widget_type=\"image.default\">\n\t\t\t\t<div class=\"elementor-widget-container\">\n\t\t\t\t\t\t\t\t\t\t\t\t\t\t\t<img decoding=\"async\" width=\"1024\" height=\"299\" src=\"https:\/\/locket-transport.com\/wp-content\/uploads\/2024\/07\/locketTransport_logoTxtGraphisme2-1024x299.png\" class=\"attachment-large size-large wp-image-233\" alt=\"\" srcset=\"https:\/\/locket-transport.com\/wp-content\/uploads\/2024\/07\/locketTransport_logoTxtGraphisme2-1024x299.png 1024w, https:\/\/locket-transport.com\/wp-content\/uploads\/2024\/07\/locketTransport_logoTxtGraphisme2-300x88.png 300w, https:\/\/locket-transport.com\/wp-content\/uploads\/2024\/07\/locketTransport_logoTxtGraphisme2-768x225.png 768w, https:\/\/locket-transport.com\/wp-content\/uploads\/2024\/07\/locketTransport_logoTxtGraphisme2-1536x449.png 1536w, https:\/\/locket-transport.com\/wp-content\/uploads\/2024\/07\/locketTransport_logoTxtGraphisme2-2048x599.png 2048w, https:\/\/locket-transport.com\/wp-content\/uploads\/2024\/07\/locketTransport_logoTxtGraphisme2-600x175.png 600w\" sizes=\"(max-width: 1024px) 100vw, 1024px\" \/>\t\t\t\t\t\t\t\t\t\t\t\t\t\t\t<\/div>\n\t\t\t\t<\/div>\n\t\t\t\t<\/div>\n\t\t<div class=\"elementor-element elementor-element-4939030 e-con-full e-flex e-con e-child\" data-id=\"4939030\" data-element_type=\"container\">\n\t\t\t\t<div class=\"elementor-element elementor-element-3b7bf87 elementor-widget elementor-widget-text-editor\" data-id=\"3b7bf87\" data-element_type=\"widget\" data-widget_type=\"text-editor.default\">\n\t\t\t\t<div class=\"elementor-widget-container\">\n\t\t\t\t\t\t\t\t\t<p><strong>Locket Transport, l&rsquo;expert de vos transports quotidiens.<\/strong><\/p>\t\t\t\t\t\t\t\t<\/div>\n\t\t\t\t<\/div>\n\t\t\t\t<\/div>\n\t\t\t\t\t<\/div>\n\t\t\t\t<\/div>\n\t\t\t\t<\/div>\n\t\t\t\t\t<\/div>\n\t\t\t\t<\/div>\n\t\t<div class=\"elementor-element elementor-element-02182c5 e-flex e-con-boxed e-con e-parent\" data-id=\"02182c5\" data-element_type=\"container\">\n\t\t\t\t\t<div class=\"e-con-inner\">\n\t\t\t\t<div class=\"elementor-element elementor-element-08672b3 elementor-widget elementor-widget-spacer\" data-id=\"08672b3\" data-element_type=\"widget\" data-widget_type=\"spacer.default\">\n\t\t\t\t<div class=\"elementor-widget-container\">\n\t\t\t\t\t\t\t<div class=\"elementor-spacer\">\n\t\t\t<div class=\"elementor-spacer-inner\"><\/div>\n\t\t<\/div>\n\t\t\t\t\t\t<\/div>\n\t\t\t\t<\/div>\n\t\t\t\t\t<\/div>\n\t\t\t\t<\/div>\n\t\t\t\t<\/div>\n\t\t","protected":false},"excerpt":{"rendered":"<p>Qu&rsquo;est-ce qu&rsquo;un transporteur routier ? Le transporteur routier est un maillon essentiel de la cha\u00eene logistique, assurant l&rsquo;acheminement de marchandises&#8230;<\/p>\n","protected":false},"author":1,"featured_media":1558,"parent":1713,"menu_order":0,"comment_status":"closed","ping_status":"closed","template":"","meta":{"footnotes":""},"class_list":["post-1723","page","type-page","status-publish","has-post-thumbnail","hentry"],"yoast_head":"<!-- This site is optimized with the Yoast SEO plugin v25.9 - https:\/\/yoast.com\/wordpress\/plugins\/seo\/ -->\n<title>Qu&#039;est-ce qu&#039;un transporteur routier ? - LOCKET Transport<\/title>\n<meta name=\"description\" content=\"Locket Transport vous explique en quelques mots l&#039;organisation quotidienne d&#039;un transporteur routier gr\u00e2ce \u00e0 son exp\u00e9rience du terrain.\" \/>\n<meta name=\"robots\" content=\"index, follow, max-snippet:-1, max-image-preview:large, max-video-preview:-1\" \/>\n<link rel=\"canonical\" href=\"https:\/\/locket-transport.com\/index.php\/transport-industriel-fonctionnement\/transporteur-routier-definition\/\" \/>\n<meta property=\"og:locale\" content=\"fr_FR\" \/>\n<meta property=\"og:type\" content=\"article\" \/>\n<meta property=\"og:title\" content=\"Qu&#039;est-ce qu&#039;un transporteur routier ? - LOCKET Transport\" \/>\n<meta property=\"og:description\" content=\"Locket Transport vous explique en quelques mots l&#039;organisation quotidienne d&#039;un transporteur routier gr\u00e2ce \u00e0 son exp\u00e9rience du terrain.\" \/>\n<meta property=\"og:url\" content=\"https:\/\/locket-transport.com\/index.php\/transport-industriel-fonctionnement\/transporteur-routier-definition\/\" \/>\n<meta property=\"og:site_name\" content=\"LOCKET Transport\" \/>\n<meta property=\"article:modified_time\" content=\"2025-03-03T15:31:26+00:00\" \/>\n<meta property=\"og:image\" content=\"https:\/\/locket-transport.com\/wp-content\/uploads\/2025\/01\/camions-sur-autoroute.jpg\" \/>\n\t<meta property=\"og:image:width\" content=\"1280\" \/>\n\t<meta property=\"og:image:height\" content=\"851\" \/>\n\t<meta property=\"og:image:type\" content=\"image\/jpeg\" \/>\n<meta name=\"twitter:card\" content=\"summary_large_image\" \/>\n<meta name=\"twitter:label1\" content=\"Dur\u00e9e de lecture estim\u00e9e\" \/>\n\t<meta name=\"twitter:data1\" content=\"3 minutes\" \/>\n<script type=\"application\/ld+json\" class=\"yoast-schema-graph\">{\"@context\":\"https:\/\/schema.org\",\"@graph\":[{\"@type\":\"WebPage\",\"@id\":\"https:\/\/locket-transport.com\/index.php\/transport-industriel-fonctionnement\/transporteur-routier-definition\/\",\"url\":\"https:\/\/locket-transport.com\/index.php\/transport-industriel-fonctionnement\/transporteur-routier-definition\/\",\"name\":\"Qu'est-ce qu'un transporteur routier ? - LOCKET Transport\",\"isPartOf\":{\"@id\":\"https:\/\/locket-transport.com\/#website\"},\"primaryImageOfPage\":{\"@id\":\"https:\/\/locket-transport.com\/index.php\/transport-industriel-fonctionnement\/transporteur-routier-definition\/#primaryimage\"},\"image\":{\"@id\":\"https:\/\/locket-transport.com\/index.php\/transport-industriel-fonctionnement\/transporteur-routier-definition\/#primaryimage\"},\"thumbnailUrl\":\"https:\/\/locket-transport.com\/wp-content\/uploads\/2025\/01\/camions-sur-autoroute.jpg\",\"datePublished\":\"2025-02-28T12:46:42+00:00\",\"dateModified\":\"2025-03-03T15:31:26+00:00\",\"description\":\"Locket Transport vous explique en quelques mots l'organisation quotidienne d'un transporteur routier gr\u00e2ce \u00e0 son exp\u00e9rience du terrain.\",\"breadcrumb\":{\"@id\":\"https:\/\/locket-transport.com\/index.php\/transport-industriel-fonctionnement\/transporteur-routier-definition\/#breadcrumb\"},\"inLanguage\":\"fr-FR\",\"potentialAction\":[{\"@type\":\"ReadAction\",\"target\":[\"https:\/\/locket-transport.com\/index.php\/transport-industriel-fonctionnement\/transporteur-routier-definition\/\"]}]},{\"@type\":\"ImageObject\",\"inLanguage\":\"fr-FR\",\"@id\":\"https:\/\/locket-transport.com\/index.php\/transport-industriel-fonctionnement\/transporteur-routier-definition\/#primaryimage\",\"url\":\"https:\/\/locket-transport.com\/wp-content\/uploads\/2025\/01\/camions-sur-autoroute.jpg\",\"contentUrl\":\"https:\/\/locket-transport.com\/wp-content\/uploads\/2025\/01\/camions-sur-autoroute.jpg\",\"width\":1280,\"height\":851,\"caption\":\"Circulation dense de camions et transporteurs industriels sur l'autoroute.\"},{\"@type\":\"BreadcrumbList\",\"@id\":\"https:\/\/locket-transport.com\/index.php\/transport-industriel-fonctionnement\/transporteur-routier-definition\/#breadcrumb\",\"itemListElement\":[{\"@type\":\"ListItem\",\"position\":1,\"name\":\"Accueil\",\"item\":\"https:\/\/locket-transport.com\/\"},{\"@type\":\"ListItem\",\"position\":2,\"name\":\"Transport industriel : termes &amp; fonctionnement\",\"item\":\"https:\/\/locket-transport.com\/index.php\/transport-industriel-fonctionnement\/\"},{\"@type\":\"ListItem\",\"position\":3,\"name\":\"Qu&rsquo;est-ce qu&rsquo;un transporteur routier ?\"}]},{\"@type\":\"WebSite\",\"@id\":\"https:\/\/locket-transport.com\/#website\",\"url\":\"https:\/\/locket-transport.com\/\",\"name\":\"LOCKET Transport\",\"description\":\"Le sp\u00e9cialiste qui d\u00e9place vos envies !\",\"publisher\":{\"@id\":\"https:\/\/locket-transport.com\/#organization\"},\"potentialAction\":[{\"@type\":\"SearchAction\",\"target\":{\"@type\":\"EntryPoint\",\"urlTemplate\":\"https:\/\/locket-transport.com\/?s={search_term_string}\"},\"query-input\":{\"@type\":\"PropertyValueSpecification\",\"valueRequired\":true,\"valueName\":\"search_term_string\"}}],\"inLanguage\":\"fr-FR\"},{\"@type\":\"Organization\",\"@id\":\"https:\/\/locket-transport.com\/#organization\",\"name\":\"LOCKET Transport\",\"url\":\"https:\/\/locket-transport.com\/\",\"logo\":{\"@type\":\"ImageObject\",\"inLanguage\":\"fr-FR\",\"@id\":\"https:\/\/locket-transport.com\/#\/schema\/logo\/image\/\",\"url\":\"https:\/\/locket-transport.com\/wp-content\/uploads\/2024\/07\/cropped-locketTransport_logoTxtGraphisme1-2.png\",\"contentUrl\":\"https:\/\/locket-transport.com\/wp-content\/uploads\/2024\/07\/cropped-locketTransport_logoTxtGraphisme1-2.png\",\"width\":1273,\"height\":1102,\"caption\":\"LOCKET Transport\"},\"image\":{\"@id\":\"https:\/\/locket-transport.com\/#\/schema\/logo\/image\/\"}}]}<\/script>\n<!-- \/ Yoast SEO plugin. -->","yoast_head_json":{"title":"Qu'est-ce qu'un transporteur routier ? - LOCKET Transport","description":"Locket Transport vous explique en quelques mots l'organisation quotidienne d'un transporteur routier gr\u00e2ce \u00e0 son exp\u00e9rience du terrain.","robots":{"index":"index","follow":"follow","max-snippet":"max-snippet:-1","max-image-preview":"max-image-preview:large","max-video-preview":"max-video-preview:-1"},"canonical":"https:\/\/locket-transport.com\/index.php\/transport-industriel-fonctionnement\/transporteur-routier-definition\/","og_locale":"fr_FR","og_type":"article","og_title":"Qu'est-ce qu'un transporteur routier ? - LOCKET Transport","og_description":"Locket Transport vous explique en quelques mots l'organisation quotidienne d'un transporteur routier gr\u00e2ce \u00e0 son exp\u00e9rience du terrain.","og_url":"https:\/\/locket-transport.com\/index.php\/transport-industriel-fonctionnement\/transporteur-routier-definition\/","og_site_name":"LOCKET Transport","article_modified_time":"2025-03-03T15:31:26+00:00","og_image":[{"width":1280,"height":851,"url":"https:\/\/locket-transport.com\/wp-content\/uploads\/2025\/01\/camions-sur-autoroute.jpg","type":"image\/jpeg"}],"twitter_card":"summary_large_image","twitter_misc":{"Dur\u00e9e de lecture estim\u00e9e":"3 minutes"},"schema":{"@context":"https:\/\/schema.org","@graph":[{"@type":"WebPage","@id":"https:\/\/locket-transport.com\/index.php\/transport-industriel-fonctionnement\/transporteur-routier-definition\/","url":"https:\/\/locket-transport.com\/index.php\/transport-industriel-fonctionnement\/transporteur-routier-definition\/","name":"Qu'est-ce qu'un transporteur routier ? - LOCKET Transport","isPartOf":{"@id":"https:\/\/locket-transport.com\/#website"},"primaryImageOfPage":{"@id":"https:\/\/locket-transport.com\/index.php\/transport-industriel-fonctionnement\/transporteur-routier-definition\/#primaryimage"},"image":{"@id":"https:\/\/locket-transport.com\/index.php\/transport-industriel-fonctionnement\/transporteur-routier-definition\/#primaryimage"},"thumbnailUrl":"https:\/\/locket-transport.com\/wp-content\/uploads\/2025\/01\/camions-sur-autoroute.jpg","datePublished":"2025-02-28T12:46:42+00:00","dateModified":"2025-03-03T15:31:26+00:00","description":"Locket Transport vous explique en quelques mots l'organisation quotidienne d'un transporteur routier gr\u00e2ce \u00e0 son exp\u00e9rience du terrain.","breadcrumb":{"@id":"https:\/\/locket-transport.com\/index.php\/transport-industriel-fonctionnement\/transporteur-routier-definition\/#breadcrumb"},"inLanguage":"fr-FR","potentialAction":[{"@type":"ReadAction","target":["https:\/\/locket-transport.com\/index.php\/transport-industriel-fonctionnement\/transporteur-routier-definition\/"]}]},{"@type":"ImageObject","inLanguage":"fr-FR","@id":"https:\/\/locket-transport.com\/index.php\/transport-industriel-fonctionnement\/transporteur-routier-definition\/#primaryimage","url":"https:\/\/locket-transport.com\/wp-content\/uploads\/2025\/01\/camions-sur-autoroute.jpg","contentUrl":"https:\/\/locket-transport.com\/wp-content\/uploads\/2025\/01\/camions-sur-autoroute.jpg","width":1280,"height":851,"caption":"Circulation dense de camions et transporteurs industriels sur l'autoroute."},{"@type":"BreadcrumbList","@id":"https:\/\/locket-transport.com\/index.php\/transport-industriel-fonctionnement\/transporteur-routier-definition\/#breadcrumb","itemListElement":[{"@type":"ListItem","position":1,"name":"Accueil","item":"https:\/\/locket-transport.com\/"},{"@type":"ListItem","position":2,"name":"Transport industriel : termes &amp; fonctionnement","item":"https:\/\/locket-transport.com\/index.php\/transport-industriel-fonctionnement\/"},{"@type":"ListItem","position":3,"name":"Qu&rsquo;est-ce qu&rsquo;un transporteur routier ?"}]},{"@type":"WebSite","@id":"https:\/\/locket-transport.com\/#website","url":"https:\/\/locket-transport.com\/","name":"LOCKET Transport","description":"Le sp\u00e9cialiste qui d\u00e9place vos envies !","publisher":{"@id":"https:\/\/locket-transport.com\/#organization"},"potentialAction":[{"@type":"SearchAction","target":{"@type":"EntryPoint","urlTemplate":"https:\/\/locket-transport.com\/?s={search_term_string}"},"query-input":{"@type":"PropertyValueSpecification","valueRequired":true,"valueName":"search_term_string"}}],"inLanguage":"fr-FR"},{"@type":"Organization","@id":"https:\/\/locket-transport.com\/#organization","name":"LOCKET Transport","url":"https:\/\/locket-transport.com\/","logo":{"@type":"ImageObject","inLanguage":"fr-FR","@id":"https:\/\/locket-transport.com\/#\/schema\/logo\/image\/","url":"https:\/\/locket-transport.com\/wp-content\/uploads\/2024\/07\/cropped-locketTransport_logoTxtGraphisme1-2.png","contentUrl":"https:\/\/locket-transport.com\/wp-content\/uploads\/2024\/07\/cropped-locketTransport_logoTxtGraphisme1-2.png","width":1273,"height":1102,"caption":"LOCKET Transport"},"image":{"@id":"https:\/\/locket-transport.com\/#\/schema\/logo\/image\/"}}]}},"_links":{"self":[{"href":"https:\/\/locket-transport.com\/index.php\/wp-json\/wp\/v2\/pages\/1723","targetHints":{"allow":["GET"]}}],"collection":[{"href":"https:\/\/locket-transport.com\/index.php\/wp-json\/wp\/v2\/pages"}],"about":[{"href":"https:\/\/locket-transport.com\/index.php\/wp-json\/wp\/v2\/types\/page"}],"author":[{"embeddable":true,"href":"https:\/\/locket-transport.com\/index.php\/wp-json\/wp\/v2\/users\/1"}],"replies":[{"embeddable":true,"href":"https:\/\/locket-transport.com\/index.php\/wp-json\/wp\/v2\/comments?post=1723"}],"version-history":[{"count":19,"href":"https:\/\/locket-transport.com\/index.php\/wp-json\/wp\/v2\/pages\/1723\/revisions"}],"predecessor-version":[{"id":1785,"href":"https:\/\/locket-transport.com\/index.php\/wp-json\/wp\/v2\/pages\/1723\/revisions\/1785"}],"up":[{"embeddable":true,"href":"https:\/\/locket-transport.com\/index.php\/wp-json\/wp\/v2\/pages\/1713"}],"wp:featuredmedia":[{"embeddable":true,"href":"https:\/\/locket-transport.com\/index.php\/wp-json\/wp\/v2\/media\/1558"}],"wp:attachment":[{"href":"https:\/\/locket-transport.com\/index.php\/wp-json\/wp\/v2\/media?parent=1723"}],"curies":[{"name":"wp","href":"https:\/\/api.w.org\/{rel}","templated":true}]}}