{"id":1801,"date":"2025-03-03T16:44:45","date_gmt":"2025-03-03T15:44:45","guid":{"rendered":"https:\/\/locket-transport.com\/?page_id=1801"},"modified":"2025-03-03T16:51:55","modified_gmt":"2025-03-03T15:51:55","slug":"transport-vrac-definition","status":"publish","type":"page","link":"https:\/\/locket-transport.com\/index.php\/transport-industriel-fonctionnement\/transport-vrac-definition\/","title":{"rendered":"Qu&rsquo;est-ce qu&rsquo;un transport en vrac ?"},"content":{"rendered":"\t\t<div data-elementor-type=\"wp-page\" data-elementor-id=\"1801\" class=\"elementor elementor-1801\">\n\t\t\t\t<div class=\"elementor-element elementor-element-6d4a815 e-flex e-con-boxed e-con e-parent\" data-id=\"6d4a815\" data-element_type=\"container\">\n\t\t\t\t\t<div class=\"e-con-inner\">\n\t\t\t\t<div class=\"elementor-element elementor-element-e962109 elementor-widget elementor-widget-spacer\" data-id=\"e962109\" data-element_type=\"widget\" data-widget_type=\"spacer.default\">\n\t\t\t\t<div class=\"elementor-widget-container\">\n\t\t\t\t\t\t\t<div class=\"elementor-spacer\">\n\t\t\t<div class=\"elementor-spacer-inner\"><\/div>\n\t\t<\/div>\n\t\t\t\t\t\t<\/div>\n\t\t\t\t<\/div>\n\t\t\t\t\t<\/div>\n\t\t\t\t<\/div>\n\t\t<div class=\"elementor-element elementor-element-2da777d e-flex e-con-boxed e-con e-parent\" data-id=\"2da777d\" data-element_type=\"container\">\n\t\t\t\t\t<div class=\"e-con-inner\">\n\t\t\t\t<div class=\"elementor-element elementor-element-8f82583 elementor-widget elementor-widget-heading\" data-id=\"8f82583\" data-element_type=\"widget\" data-widget_type=\"heading.default\">\n\t\t\t\t<div class=\"elementor-widget-container\">\n\t\t\t\t\t<h1 class=\"elementor-heading-title elementor-size-default\">Qu'est-ce qu'un transport en vrac ?<\/h1>\t\t\t\t<\/div>\n\t\t\t\t<\/div>\n\t\t\t\t\t<\/div>\n\t\t\t\t<\/div>\n\t\t<div class=\"elementor-element elementor-element-519ee65 e-flex e-con-boxed e-con e-parent\" data-id=\"519ee65\" data-element_type=\"container\">\n\t\t\t\t\t<div class=\"e-con-inner\">\n\t\t\t\t<div class=\"elementor-element elementor-element-362a644 elementor-widget elementor-widget-text-editor\" data-id=\"362a644\" data-element_type=\"widget\" data-widget_type=\"text-editor.default\">\n\t\t\t\t<div class=\"elementor-widget-container\">\n\t\t\t\t\t\t\t\t\t<p>Le <strong>transport en vrac<\/strong> correspond au transport de marchandises sans emballage. Le transport en vrac est connu dans le milieu agricole et le secteur industriel.\u00a0<\/p><p>En effet, les agriculteurs font appel \u00e0 des transporteurs dot\u00e9s d\u2019une flotte de <strong>camions bennes \u00e0 fond ouvrant<\/strong>, poss\u00e9dant les certifications alimentaires pour r\u00e9colter et livrer leurs clients en c\u00e9r\u00e9ales (bl\u00e9, orge, ma\u00efs, etc.) et l\u00e9gumes (pommes de terres, oignons, carottes, etc.).\u00a0<\/p><p>Tout comme les agriculteurs, les industriels, dont l\u2019activit\u00e9 est la <strong>transformation<\/strong> et le <strong>conditionnement de mati\u00e8res premi\u00e8res<\/strong>, font appel \u00e0 des camions bennes \u00e0 fond ouvrant pour transporter et <strong>transformer le sable<\/strong>, les cailloux et gravats issus de carri\u00e8res, d\u00e9ch\u00e8teries, chantiers, usines, etc.\u00a0<\/p><p>Le <strong>transport en vrac<\/strong> intervient principalement au d\u00e9but des cha\u00eenes de production quel que soit le secteur d\u2019activit\u00e9.<\/p>\t\t\t\t\t\t\t\t<\/div>\n\t\t\t\t<\/div>\n\t\t\t\t\t<\/div>\n\t\t\t\t<\/div>\n\t\t<div class=\"elementor-element elementor-element-3fd8845 e-flex e-con-boxed e-con e-parent\" data-id=\"3fd8845\" data-element_type=\"container\">\n\t\t\t\t\t<div class=\"e-con-inner\">\n\t\t\t\t<div class=\"elementor-element elementor-element-2c51d34 elementor-widget elementor-widget-image\" data-id=\"2c51d34\" data-element_type=\"widget\" data-widget_type=\"image.default\">\n\t\t\t\t<div class=\"elementor-widget-container\">\n\t\t\t\t\t\t\t\t\t\t\t\t\t\t\t<img fetchpriority=\"high\" decoding=\"async\" width=\"1024\" height=\"576\" src=\"https:\/\/locket-transport.com\/wp-content\/uploads\/2024\/11\/dechargement-vrac-1024x576.jpg\" class=\"attachment-large size-large wp-image-1262\" alt=\"D\u00e9chargement d&#039;un camion benne\" srcset=\"https:\/\/locket-transport.com\/wp-content\/uploads\/2024\/11\/dechargement-vrac-1024x576.jpg 1024w, https:\/\/locket-transport.com\/wp-content\/uploads\/2024\/11\/dechargement-vrac-300x169.jpg 300w, https:\/\/locket-transport.com\/wp-content\/uploads\/2024\/11\/dechargement-vrac-768x432.jpg 768w, https:\/\/locket-transport.com\/wp-content\/uploads\/2024\/11\/dechargement-vrac.jpg 1280w\" sizes=\"(max-width: 1024px) 100vw, 1024px\" \/>\t\t\t\t\t\t\t\t\t\t\t\t\t\t\t<\/div>\n\t\t\t\t<\/div>\n\t\t\t\t\t<\/div>\n\t\t\t\t<\/div>\n\t\t<div class=\"elementor-element elementor-element-d13763d e-flex e-con-boxed e-con e-parent\" data-id=\"d13763d\" data-element_type=\"container\" data-settings=\"{&quot;background_background&quot;:&quot;classic&quot;}\">\n\t\t\t\t\t<div class=\"e-con-inner\">\n\t\t<div class=\"elementor-element elementor-element-c319ab3 e-con-full e-flex e-con e-child\" data-id=\"c319ab3\" data-element_type=\"container\" data-settings=\"{&quot;background_background&quot;:&quot;classic&quot;}\">\n\t\t\t\t<div class=\"elementor-element elementor-element-806ceb1 elementor-widget elementor-widget-heading\" data-id=\"806ceb1\" data-element_type=\"widget\" data-widget_type=\"heading.default\">\n\t\t\t\t<div class=\"elementor-widget-container\">\n\t\t\t\t\t<h5 class=\"elementor-heading-title elementor-size-default\">Contactez-nous ! <\/h5>\t\t\t\t<\/div>\n\t\t\t\t<\/div>\n\t\t<div class=\"elementor-element elementor-element-1ef1c6c e-con-full e-flex e-con e-child\" data-id=\"1ef1c6c\" data-element_type=\"container\">\n\t\t\t\t<div class=\"elementor-element elementor-element-53f88ad elementor-widget elementor-widget-text-editor\" data-id=\"53f88ad\" data-element_type=\"widget\" data-widget_type=\"text-editor.default\">\n\t\t\t\t<div class=\"elementor-widget-container\">\n\t\t\t\t\t\t\t\t\t<p>T\u00e9l : (+33) 06 85 38 38 50<\/p><p>@ : trs.locquet@gmail.com<\/p>\t\t\t\t\t\t\t\t<\/div>\n\t\t\t\t<\/div>\n\t\t\t\t<\/div>\n\t\t<div class=\"elementor-element elementor-element-a845837 e-con-full e-flex e-con e-child\" data-id=\"a845837\" data-element_type=\"container\">\n\t\t\t\t<div class=\"elementor-element elementor-element-e429f26 elementor-align-center elementor-widget elementor-widget-button\" data-id=\"e429f26\" data-element_type=\"widget\" data-widget_type=\"button.default\">\n\t\t\t\t<div class=\"elementor-widget-container\">\n\t\t\t\t\t\t\t\t\t<div class=\"elementor-button-wrapper\">\n\t\t\t\t\t<a class=\"elementor-button elementor-button-link elementor-size-sm\" href=\"https:\/\/locket-transport.com\/index.php\/contact\/\">\n\t\t\t\t\t\t<span class=\"elementor-button-content-wrapper\">\n\t\t\t\t\t\t\t\t\t<span class=\"elementor-button-text\">Devis gratuit<\/span>\n\t\t\t\t\t<\/span>\n\t\t\t\t\t<\/a>\n\t\t\t\t<\/div>\n\t\t\t\t\t\t\t\t<\/div>\n\t\t\t\t<\/div>\n\t\t\t\t<\/div>\n\t\t\t\t<\/div>\n\t\t<div class=\"elementor-element elementor-element-fcc612a e-con-full e-flex e-con e-child\" data-id=\"fcc612a\" data-element_type=\"container\" data-settings=\"{&quot;background_background&quot;:&quot;classic&quot;}\">\n\t\t<div class=\"elementor-element elementor-element-defeba0 e-flex e-con-boxed e-con e-child\" data-id=\"defeba0\" data-element_type=\"container\">\n\t\t\t\t\t<div class=\"e-con-inner\">\n\t\t<div class=\"elementor-element elementor-element-cbb6605 e-con-full e-flex e-con e-child\" data-id=\"cbb6605\" data-element_type=\"container\">\n\t\t\t\t<div class=\"elementor-element elementor-element-d39e5b4 elementor-widget elementor-widget-image\" data-id=\"d39e5b4\" data-element_type=\"widget\" data-widget_type=\"image.default\">\n\t\t\t\t<div class=\"elementor-widget-container\">\n\t\t\t\t\t\t\t\t\t\t\t\t\t\t\t<img decoding=\"async\" width=\"1024\" height=\"299\" src=\"https:\/\/locket-transport.com\/wp-content\/uploads\/2024\/07\/locketTransport_logoTxtGraphisme2-1024x299.png\" class=\"attachment-large size-large wp-image-233\" alt=\"\" srcset=\"https:\/\/locket-transport.com\/wp-content\/uploads\/2024\/07\/locketTransport_logoTxtGraphisme2-1024x299.png 1024w, https:\/\/locket-transport.com\/wp-content\/uploads\/2024\/07\/locketTransport_logoTxtGraphisme2-300x88.png 300w, https:\/\/locket-transport.com\/wp-content\/uploads\/2024\/07\/locketTransport_logoTxtGraphisme2-768x225.png 768w, https:\/\/locket-transport.com\/wp-content\/uploads\/2024\/07\/locketTransport_logoTxtGraphisme2-1536x449.png 1536w, https:\/\/locket-transport.com\/wp-content\/uploads\/2024\/07\/locketTransport_logoTxtGraphisme2-2048x599.png 2048w, https:\/\/locket-transport.com\/wp-content\/uploads\/2024\/07\/locketTransport_logoTxtGraphisme2-600x175.png 600w\" sizes=\"(max-width: 1024px) 100vw, 1024px\" \/>\t\t\t\t\t\t\t\t\t\t\t\t\t\t\t<\/div>\n\t\t\t\t<\/div>\n\t\t\t\t<\/div>\n\t\t<div class=\"elementor-element elementor-element-36282ce e-con-full e-flex e-con e-child\" data-id=\"36282ce\" data-element_type=\"container\">\n\t\t\t\t<div class=\"elementor-element elementor-element-4d3c338 elementor-widget elementor-widget-text-editor\" data-id=\"4d3c338\" data-element_type=\"widget\" data-widget_type=\"text-editor.default\">\n\t\t\t\t<div class=\"elementor-widget-container\">\n\t\t\t\t\t\t\t\t\t<p><strong>Locket Transport, l&rsquo;expert de vos transports quotidiens.<\/strong><\/p>\t\t\t\t\t\t\t\t<\/div>\n\t\t\t\t<\/div>\n\t\t\t\t<\/div>\n\t\t\t\t\t<\/div>\n\t\t\t\t<\/div>\n\t\t\t\t<\/div>\n\t\t\t\t\t<\/div>\n\t\t\t\t<\/div>\n\t\t<div class=\"elementor-element elementor-element-a10796d e-flex e-con-boxed e-con e-parent\" data-id=\"a10796d\" data-element_type=\"container\">\n\t\t\t\t\t<div class=\"e-con-inner\">\n\t\t\t\t<div class=\"elementor-element elementor-element-e9c4ed7 elementor-widget elementor-widget-spacer\" data-id=\"e9c4ed7\" data-element_type=\"widget\" data-widget_type=\"spacer.default\">\n\t\t\t\t<div class=\"elementor-widget-container\">\n\t\t\t\t\t\t\t<div class=\"elementor-spacer\">\n\t\t\t<div class=\"elementor-spacer-inner\"><\/div>\n\t\t<\/div>\n\t\t\t\t\t\t<\/div>\n\t\t\t\t<\/div>\n\t\t\t\t\t<\/div>\n\t\t\t\t<\/div>\n\t\t\t\t<\/div>\n\t\t","protected":false},"excerpt":{"rendered":"<p>Qu&rsquo;est-ce qu&rsquo;un transport en vrac ? Le transport en vrac correspond au transport de marchandises sans emballage. Le transport en&#8230;<\/p>\n","protected":false},"author":1,"featured_media":1262,"parent":1713,"menu_order":0,"comment_status":"closed","ping_status":"closed","template":"","meta":{"footnotes":""},"class_list":["post-1801","page","type-page","status-publish","has-post-thumbnail","hentry"],"yoast_head":"<!-- This site is optimized with the Yoast SEO plugin v25.9 - https:\/\/yoast.com\/wordpress\/plugins\/seo\/ -->\n<title>Qu&#039;est-ce qu&#039;un transport en vrac ? - LOCKET Transport<\/title>\n<meta name=\"description\" content=\"Locket Transport vous explique les possibilit\u00e9s du transport de marchandises en vrac. Marchandises industrielles, alimentaires, agricoles, etc.\" \/>\n<meta name=\"robots\" content=\"index, follow, max-snippet:-1, max-image-preview:large, max-video-preview:-1\" \/>\n<link rel=\"canonical\" href=\"https:\/\/locket-transport.com\/index.php\/transport-industriel-fonctionnement\/transport-vrac-definition\/\" \/>\n<meta property=\"og:locale\" content=\"fr_FR\" \/>\n<meta property=\"og:type\" content=\"article\" \/>\n<meta property=\"og:title\" content=\"Qu&#039;est-ce qu&#039;un transport en vrac ? - LOCKET Transport\" \/>\n<meta property=\"og:description\" content=\"Locket Transport vous explique les possibilit\u00e9s du transport de marchandises en vrac. Marchandises industrielles, alimentaires, agricoles, etc.\" \/>\n<meta property=\"og:url\" content=\"https:\/\/locket-transport.com\/index.php\/transport-industriel-fonctionnement\/transport-vrac-definition\/\" \/>\n<meta property=\"og:site_name\" content=\"LOCKET Transport\" \/>\n<meta property=\"article:modified_time\" content=\"2025-03-03T15:51:55+00:00\" \/>\n<meta property=\"og:image\" content=\"https:\/\/locket-transport.com\/wp-content\/uploads\/2024\/11\/dechargement-vrac.jpg\" \/>\n\t<meta property=\"og:image:width\" content=\"1280\" \/>\n\t<meta property=\"og:image:height\" content=\"720\" \/>\n\t<meta property=\"og:image:type\" content=\"image\/jpeg\" \/>\n<meta name=\"twitter:card\" content=\"summary_large_image\" \/>\n<meta name=\"twitter:label1\" content=\"Dur\u00e9e de lecture estim\u00e9e\" \/>\n\t<meta name=\"twitter:data1\" content=\"2 minutes\" \/>\n<script type=\"application\/ld+json\" class=\"yoast-schema-graph\">{\"@context\":\"https:\/\/schema.org\",\"@graph\":[{\"@type\":\"WebPage\",\"@id\":\"https:\/\/locket-transport.com\/index.php\/transport-industriel-fonctionnement\/transport-vrac-definition\/\",\"url\":\"https:\/\/locket-transport.com\/index.php\/transport-industriel-fonctionnement\/transport-vrac-definition\/\",\"name\":\"Qu'est-ce qu'un transport en vrac ? - LOCKET Transport\",\"isPartOf\":{\"@id\":\"https:\/\/locket-transport.com\/#website\"},\"primaryImageOfPage\":{\"@id\":\"https:\/\/locket-transport.com\/index.php\/transport-industriel-fonctionnement\/transport-vrac-definition\/#primaryimage\"},\"image\":{\"@id\":\"https:\/\/locket-transport.com\/index.php\/transport-industriel-fonctionnement\/transport-vrac-definition\/#primaryimage\"},\"thumbnailUrl\":\"https:\/\/locket-transport.com\/wp-content\/uploads\/2024\/11\/dechargement-vrac.jpg\",\"datePublished\":\"2025-03-03T15:44:45+00:00\",\"dateModified\":\"2025-03-03T15:51:55+00:00\",\"description\":\"Locket Transport vous explique les possibilit\u00e9s du transport de marchandises en vrac. Marchandises industrielles, alimentaires, agricoles, etc.\",\"breadcrumb\":{\"@id\":\"https:\/\/locket-transport.com\/index.php\/transport-industriel-fonctionnement\/transport-vrac-definition\/#breadcrumb\"},\"inLanguage\":\"fr-FR\",\"potentialAction\":[{\"@type\":\"ReadAction\",\"target\":[\"https:\/\/locket-transport.com\/index.php\/transport-industriel-fonctionnement\/transport-vrac-definition\/\"]}]},{\"@type\":\"ImageObject\",\"inLanguage\":\"fr-FR\",\"@id\":\"https:\/\/locket-transport.com\/index.php\/transport-industriel-fonctionnement\/transport-vrac-definition\/#primaryimage\",\"url\":\"https:\/\/locket-transport.com\/wp-content\/uploads\/2024\/11\/dechargement-vrac.jpg\",\"contentUrl\":\"https:\/\/locket-transport.com\/wp-content\/uploads\/2024\/11\/dechargement-vrac.jpg\",\"width\":1280,\"height\":720,\"caption\":\"D\u00e9chargement d'un camion benne\"},{\"@type\":\"BreadcrumbList\",\"@id\":\"https:\/\/locket-transport.com\/index.php\/transport-industriel-fonctionnement\/transport-vrac-definition\/#breadcrumb\",\"itemListElement\":[{\"@type\":\"ListItem\",\"position\":1,\"name\":\"Accueil\",\"item\":\"https:\/\/locket-transport.com\/\"},{\"@type\":\"ListItem\",\"position\":2,\"name\":\"Transport industriel : termes &amp; fonctionnement\",\"item\":\"https:\/\/locket-transport.com\/index.php\/transport-industriel-fonctionnement\/\"},{\"@type\":\"ListItem\",\"position\":3,\"name\":\"Qu&rsquo;est-ce qu&rsquo;un transport en vrac ?\"}]},{\"@type\":\"WebSite\",\"@id\":\"https:\/\/locket-transport.com\/#website\",\"url\":\"https:\/\/locket-transport.com\/\",\"name\":\"LOCKET Transport\",\"description\":\"Le sp\u00e9cialiste qui d\u00e9place vos envies !\",\"publisher\":{\"@id\":\"https:\/\/locket-transport.com\/#organization\"},\"potentialAction\":[{\"@type\":\"SearchAction\",\"target\":{\"@type\":\"EntryPoint\",\"urlTemplate\":\"https:\/\/locket-transport.com\/?s={search_term_string}\"},\"query-input\":{\"@type\":\"PropertyValueSpecification\",\"valueRequired\":true,\"valueName\":\"search_term_string\"}}],\"inLanguage\":\"fr-FR\"},{\"@type\":\"Organization\",\"@id\":\"https:\/\/locket-transport.com\/#organization\",\"name\":\"LOCKET Transport\",\"url\":\"https:\/\/locket-transport.com\/\",\"logo\":{\"@type\":\"ImageObject\",\"inLanguage\":\"fr-FR\",\"@id\":\"https:\/\/locket-transport.com\/#\/schema\/logo\/image\/\",\"url\":\"https:\/\/locket-transport.com\/wp-content\/uploads\/2024\/07\/cropped-locketTransport_logoTxtGraphisme1-2.png\",\"contentUrl\":\"https:\/\/locket-transport.com\/wp-content\/uploads\/2024\/07\/cropped-locketTransport_logoTxtGraphisme1-2.png\",\"width\":1273,\"height\":1102,\"caption\":\"LOCKET Transport\"},\"image\":{\"@id\":\"https:\/\/locket-transport.com\/#\/schema\/logo\/image\/\"}}]}<\/script>\n<!-- \/ Yoast SEO plugin. -->","yoast_head_json":{"title":"Qu'est-ce qu'un transport en vrac ? - LOCKET Transport","description":"Locket Transport vous explique les possibilit\u00e9s du transport de marchandises en vrac. Marchandises industrielles, alimentaires, agricoles, etc.","robots":{"index":"index","follow":"follow","max-snippet":"max-snippet:-1","max-image-preview":"max-image-preview:large","max-video-preview":"max-video-preview:-1"},"canonical":"https:\/\/locket-transport.com\/index.php\/transport-industriel-fonctionnement\/transport-vrac-definition\/","og_locale":"fr_FR","og_type":"article","og_title":"Qu'est-ce qu'un transport en vrac ? - LOCKET Transport","og_description":"Locket Transport vous explique les possibilit\u00e9s du transport de marchandises en vrac. Marchandises industrielles, alimentaires, agricoles, etc.","og_url":"https:\/\/locket-transport.com\/index.php\/transport-industriel-fonctionnement\/transport-vrac-definition\/","og_site_name":"LOCKET Transport","article_modified_time":"2025-03-03T15:51:55+00:00","og_image":[{"width":1280,"height":720,"url":"https:\/\/locket-transport.com\/wp-content\/uploads\/2024\/11\/dechargement-vrac.jpg","type":"image\/jpeg"}],"twitter_card":"summary_large_image","twitter_misc":{"Dur\u00e9e de lecture estim\u00e9e":"2 minutes"},"schema":{"@context":"https:\/\/schema.org","@graph":[{"@type":"WebPage","@id":"https:\/\/locket-transport.com\/index.php\/transport-industriel-fonctionnement\/transport-vrac-definition\/","url":"https:\/\/locket-transport.com\/index.php\/transport-industriel-fonctionnement\/transport-vrac-definition\/","name":"Qu'est-ce qu'un transport en vrac ? - LOCKET Transport","isPartOf":{"@id":"https:\/\/locket-transport.com\/#website"},"primaryImageOfPage":{"@id":"https:\/\/locket-transport.com\/index.php\/transport-industriel-fonctionnement\/transport-vrac-definition\/#primaryimage"},"image":{"@id":"https:\/\/locket-transport.com\/index.php\/transport-industriel-fonctionnement\/transport-vrac-definition\/#primaryimage"},"thumbnailUrl":"https:\/\/locket-transport.com\/wp-content\/uploads\/2024\/11\/dechargement-vrac.jpg","datePublished":"2025-03-03T15:44:45+00:00","dateModified":"2025-03-03T15:51:55+00:00","description":"Locket Transport vous explique les possibilit\u00e9s du transport de marchandises en vrac. Marchandises industrielles, alimentaires, agricoles, etc.","breadcrumb":{"@id":"https:\/\/locket-transport.com\/index.php\/transport-industriel-fonctionnement\/transport-vrac-definition\/#breadcrumb"},"inLanguage":"fr-FR","potentialAction":[{"@type":"ReadAction","target":["https:\/\/locket-transport.com\/index.php\/transport-industriel-fonctionnement\/transport-vrac-definition\/"]}]},{"@type":"ImageObject","inLanguage":"fr-FR","@id":"https:\/\/locket-transport.com\/index.php\/transport-industriel-fonctionnement\/transport-vrac-definition\/#primaryimage","url":"https:\/\/locket-transport.com\/wp-content\/uploads\/2024\/11\/dechargement-vrac.jpg","contentUrl":"https:\/\/locket-transport.com\/wp-content\/uploads\/2024\/11\/dechargement-vrac.jpg","width":1280,"height":720,"caption":"D\u00e9chargement d'un camion benne"},{"@type":"BreadcrumbList","@id":"https:\/\/locket-transport.com\/index.php\/transport-industriel-fonctionnement\/transport-vrac-definition\/#breadcrumb","itemListElement":[{"@type":"ListItem","position":1,"name":"Accueil","item":"https:\/\/locket-transport.com\/"},{"@type":"ListItem","position":2,"name":"Transport industriel : termes &amp; fonctionnement","item":"https:\/\/locket-transport.com\/index.php\/transport-industriel-fonctionnement\/"},{"@type":"ListItem","position":3,"name":"Qu&rsquo;est-ce qu&rsquo;un transport en vrac ?"}]},{"@type":"WebSite","@id":"https:\/\/locket-transport.com\/#website","url":"https:\/\/locket-transport.com\/","name":"LOCKET Transport","description":"Le sp\u00e9cialiste qui d\u00e9place vos envies !","publisher":{"@id":"https:\/\/locket-transport.com\/#organization"},"potentialAction":[{"@type":"SearchAction","target":{"@type":"EntryPoint","urlTemplate":"https:\/\/locket-transport.com\/?s={search_term_string}"},"query-input":{"@type":"PropertyValueSpecification","valueRequired":true,"valueName":"search_term_string"}}],"inLanguage":"fr-FR"},{"@type":"Organization","@id":"https:\/\/locket-transport.com\/#organization","name":"LOCKET Transport","url":"https:\/\/locket-transport.com\/","logo":{"@type":"ImageObject","inLanguage":"fr-FR","@id":"https:\/\/locket-transport.com\/#\/schema\/logo\/image\/","url":"https:\/\/locket-transport.com\/wp-content\/uploads\/2024\/07\/cropped-locketTransport_logoTxtGraphisme1-2.png","contentUrl":"https:\/\/locket-transport.com\/wp-content\/uploads\/2024\/07\/cropped-locketTransport_logoTxtGraphisme1-2.png","width":1273,"height":1102,"caption":"LOCKET Transport"},"image":{"@id":"https:\/\/locket-transport.com\/#\/schema\/logo\/image\/"}}]}},"_links":{"self":[{"href":"https:\/\/locket-transport.com\/index.php\/wp-json\/wp\/v2\/pages\/1801","targetHints":{"allow":["GET"]}}],"collection":[{"href":"https:\/\/locket-transport.com\/index.php\/wp-json\/wp\/v2\/pages"}],"about":[{"href":"https:\/\/locket-transport.com\/index.php\/wp-json\/wp\/v2\/types\/page"}],"author":[{"embeddable":true,"href":"https:\/\/locket-transport.com\/index.php\/wp-json\/wp\/v2\/users\/1"}],"replies":[{"embeddable":true,"href":"https:\/\/locket-transport.com\/index.php\/wp-json\/wp\/v2\/comments?post=1801"}],"version-history":[{"count":4,"href":"https:\/\/locket-transport.com\/index.php\/wp-json\/wp\/v2\/pages\/1801\/revisions"}],"predecessor-version":[{"id":1807,"href":"https:\/\/locket-transport.com\/index.php\/wp-json\/wp\/v2\/pages\/1801\/revisions\/1807"}],"up":[{"embeddable":true,"href":"https:\/\/locket-transport.com\/index.php\/wp-json\/wp\/v2\/pages\/1713"}],"wp:featuredmedia":[{"embeddable":true,"href":"https:\/\/locket-transport.com\/index.php\/wp-json\/wp\/v2\/media\/1262"}],"wp:attachment":[{"href":"https:\/\/locket-transport.com\/index.php\/wp-json\/wp\/v2\/media?parent=1801"}],"curies":[{"name":"wp","href":"https:\/\/api.w.org\/{rel}","templated":true}]}}