{"id":1814,"date":"2025-03-04T15:00:35","date_gmt":"2025-03-04T14:00:35","guid":{"rendered":"https:\/\/locket-transport.com\/?page_id=1814"},"modified":"2025-03-04T15:09:00","modified_gmt":"2025-03-04T14:09:00","slug":"transport-hors-gabarit-definition","status":"publish","type":"page","link":"https:\/\/locket-transport.com\/index.php\/transport-industriel-fonctionnement\/transport-hors-gabarit-definition\/","title":{"rendered":"Qu&rsquo;est-ce qu&rsquo;un transport hors gabarit ?"},"content":{"rendered":"\t\t<div data-elementor-type=\"wp-page\" data-elementor-id=\"1814\" class=\"elementor elementor-1814\">\n\t\t\t\t<div class=\"elementor-element elementor-element-8b53549 e-flex e-con-boxed e-con e-parent\" data-id=\"8b53549\" data-element_type=\"container\">\n\t\t\t\t\t<div class=\"e-con-inner\">\n\t\t\t\t<div class=\"elementor-element elementor-element-c66f79c elementor-widget elementor-widget-spacer\" data-id=\"c66f79c\" data-element_type=\"widget\" data-widget_type=\"spacer.default\">\n\t\t\t\t<div class=\"elementor-widget-container\">\n\t\t\t\t\t\t\t<div class=\"elementor-spacer\">\n\t\t\t<div class=\"elementor-spacer-inner\"><\/div>\n\t\t<\/div>\n\t\t\t\t\t\t<\/div>\n\t\t\t\t<\/div>\n\t\t\t\t\t<\/div>\n\t\t\t\t<\/div>\n\t\t<div class=\"elementor-element elementor-element-e9225c1 e-flex e-con-boxed e-con e-parent\" data-id=\"e9225c1\" data-element_type=\"container\">\n\t\t\t\t\t<div class=\"e-con-inner\">\n\t\t<div class=\"elementor-element elementor-element-dac0e2a e-flex e-con-boxed e-con e-child\" data-id=\"dac0e2a\" data-element_type=\"container\">\n\t\t\t\t\t<div class=\"e-con-inner\">\n\t\t\t\t<div class=\"elementor-element elementor-element-903e83a elementor-widget elementor-widget-heading\" data-id=\"903e83a\" data-element_type=\"widget\" data-widget_type=\"heading.default\">\n\t\t\t\t<div class=\"elementor-widget-container\">\n\t\t\t\t\t<h1 class=\"elementor-heading-title elementor-size-default\">Qu'est-ce qu'un transport hors gabarit ?<\/h1>\t\t\t\t<\/div>\n\t\t\t\t<\/div>\n\t\t\t\t\t<\/div>\n\t\t\t\t<\/div>\n\t\t\t\t\t<\/div>\n\t\t\t\t<\/div>\n\t\t<div class=\"elementor-element elementor-element-7d57b94 e-flex e-con-boxed e-con e-parent\" data-id=\"7d57b94\" data-element_type=\"container\">\n\t\t\t\t\t<div class=\"e-con-inner\">\n\t\t\t\t<div class=\"elementor-element elementor-element-d2f6934 elementor-widget elementor-widget-text-editor\" data-id=\"d2f6934\" data-element_type=\"widget\" data-widget_type=\"text-editor.default\">\n\t\t\t\t<div class=\"elementor-widget-container\">\n\t\t\t\t\t\t\t\t\t<p>Le <a href=\"https:\/\/locket-transport.com\/index.php\/transport-exceptionnel\/transport-hors-gabarit\/\">transport hors gabarit<\/a> : une solution sur mesure pour les <strong>charges exceptionnelles<\/strong> !<\/p><p>Chez Locket Transport, nous mettons notre expertise au service des transports les plus exigeants. Le <strong>transport hors gabarit<\/strong> est une solution essentielle pour acheminer des marchandises dont les dimensions ou le poids <strong>d\u00e9passent les normes standards<\/strong> du <a href=\"https:\/\/locket-transport.com\/index.php\/transport-routier\/\">transport routier<\/a>. Gr\u00e2ce \u00e0 des \u00e9quipements adapt\u00e9s et une planification rigoureuse, nous assurons des livraisons s\u00e9curis\u00e9es et conformes \u00e0 la r\u00e9glementation en vigueur.<\/p><p>Le <strong>transport hors gabarit<\/strong> concerne les charges d\u00e9passant 2,55 m\u00e8tres de largeur, 4 m\u00e8tres de hauteur ou 44 tonnes de poids total autoris\u00e9 en charge (PTAC). Il n\u00e9cessite des v\u00e9hicules sp\u00e9cialis\u00e9s comme des plateaux extensibles, des <strong>remorques surbaiss\u00e9es<\/strong> ou des convois exceptionnels \u00e9quip\u00e9s de dispositifs de s\u00e9curit\u00e9 sp\u00e9cifiques. Ces op\u00e9rations exigent \u00e9galement des <strong>autorisations administratives<\/strong> et, dans certains cas, un accompagnement par des v\u00e9hicules d\u2019escorte.<\/p><p>Ce mode de transport est particuli\u00e8rement utilis\u00e9 dans des secteurs tels que la construction, l\u2019industrie, l\u2019\u00e9nergie ou l\u2019agriculture, pour le d\u00e9placement de structures m\u00e9talliques, d\u2019engins de chantier, de pi\u00e8ces industrielles ou d\u2019\u00e9oliennes. En garantissant une organisation pr\u00e9cise et une s\u00e9curit\u00e9 optimale, le transport hors gabarit permet aux <strong>transporteurs<\/strong> de proposer une solution fiable et adapt\u00e9e aux besoins sp\u00e9cifiques de leurs clients.<\/p>\t\t\t\t\t\t\t\t<\/div>\n\t\t\t\t<\/div>\n\t\t\t\t\t<\/div>\n\t\t\t\t<\/div>\n\t\t<div class=\"elementor-element elementor-element-46f2d62 e-flex e-con-boxed e-con e-parent\" data-id=\"46f2d62\" data-element_type=\"container\">\n\t\t\t\t\t<div class=\"e-con-inner\">\n\t\t\t\t<div class=\"elementor-element elementor-element-e7fc417 elementor-widget elementor-widget-image\" data-id=\"e7fc417\" data-element_type=\"widget\" data-widget_type=\"image.default\">\n\t\t\t\t<div class=\"elementor-widget-container\">\n\t\t\t\t\t\t\t\t\t\t\t\t\t\t\t<img fetchpriority=\"high\" decoding=\"async\" width=\"1024\" height=\"768\" src=\"https:\/\/locket-transport.com\/wp-content\/uploads\/2024\/11\/transport-machines-locket-transport-1024x768.jpg\" class=\"attachment-large size-large wp-image-1319\" alt=\"Transportez, levez et d\u00e9placez vos machines, engins, algecos, caravanes, ateliers, o\u00f9 que ce soit avec Locket Transport.\" srcset=\"https:\/\/locket-transport.com\/wp-content\/uploads\/2024\/11\/transport-machines-locket-transport-1024x768.jpg 1024w, https:\/\/locket-transport.com\/wp-content\/uploads\/2024\/11\/transport-machines-locket-transport-300x225.jpg 300w, https:\/\/locket-transport.com\/wp-content\/uploads\/2024\/11\/transport-machines-locket-transport-768x576.jpg 768w, https:\/\/locket-transport.com\/wp-content\/uploads\/2024\/11\/transport-machines-locket-transport-1536x1152.jpg 1536w, https:\/\/locket-transport.com\/wp-content\/uploads\/2024\/11\/transport-machines-locket-transport-2048x1536.jpg 2048w\" sizes=\"(max-width: 1024px) 100vw, 1024px\" \/>\t\t\t\t\t\t\t\t\t\t\t\t\t\t\t<\/div>\n\t\t\t\t<\/div>\n\t\t\t\t\t<\/div>\n\t\t\t\t<\/div>\n\t\t<div class=\"elementor-element elementor-element-f121ba2 e-flex e-con-boxed e-con e-parent\" data-id=\"f121ba2\" data-element_type=\"container\" data-settings=\"{&quot;background_background&quot;:&quot;classic&quot;}\">\n\t\t\t\t\t<div class=\"e-con-inner\">\n\t\t<div class=\"elementor-element elementor-element-bee746e e-con-full e-flex e-con e-child\" data-id=\"bee746e\" data-element_type=\"container\" data-settings=\"{&quot;background_background&quot;:&quot;classic&quot;}\">\n\t\t\t\t<div class=\"elementor-element elementor-element-383d2ea elementor-widget elementor-widget-heading\" data-id=\"383d2ea\" data-element_type=\"widget\" data-widget_type=\"heading.default\">\n\t\t\t\t<div class=\"elementor-widget-container\">\n\t\t\t\t\t<h5 class=\"elementor-heading-title elementor-size-default\">Contactez-nous ! <\/h5>\t\t\t\t<\/div>\n\t\t\t\t<\/div>\n\t\t<div class=\"elementor-element elementor-element-0709cec e-con-full e-flex e-con e-child\" data-id=\"0709cec\" data-element_type=\"container\">\n\t\t\t\t<div class=\"elementor-element elementor-element-678e9ba elementor-widget elementor-widget-text-editor\" data-id=\"678e9ba\" data-element_type=\"widget\" data-widget_type=\"text-editor.default\">\n\t\t\t\t<div class=\"elementor-widget-container\">\n\t\t\t\t\t\t\t\t\t<p>T\u00e9l : (+33) 06 85 38 38 50<\/p><p>@ : trs.locquet@gmail.com<\/p>\t\t\t\t\t\t\t\t<\/div>\n\t\t\t\t<\/div>\n\t\t\t\t<\/div>\n\t\t<div class=\"elementor-element elementor-element-495d103 e-con-full e-flex e-con e-child\" data-id=\"495d103\" data-element_type=\"container\">\n\t\t\t\t<div class=\"elementor-element elementor-element-ad070b5 elementor-align-center elementor-widget elementor-widget-button\" data-id=\"ad070b5\" data-element_type=\"widget\" data-widget_type=\"button.default\">\n\t\t\t\t<div class=\"elementor-widget-container\">\n\t\t\t\t\t\t\t\t\t<div class=\"elementor-button-wrapper\">\n\t\t\t\t\t<a class=\"elementor-button elementor-button-link elementor-size-sm\" href=\"https:\/\/locket-transport.com\/index.php\/contact\/\">\n\t\t\t\t\t\t<span class=\"elementor-button-content-wrapper\">\n\t\t\t\t\t\t\t\t\t<span class=\"elementor-button-text\">Devis gratuit<\/span>\n\t\t\t\t\t<\/span>\n\t\t\t\t\t<\/a>\n\t\t\t\t<\/div>\n\t\t\t\t\t\t\t\t<\/div>\n\t\t\t\t<\/div>\n\t\t\t\t<\/div>\n\t\t\t\t<\/div>\n\t\t<div class=\"elementor-element elementor-element-6f1ab17 e-con-full e-flex e-con e-child\" data-id=\"6f1ab17\" data-element_type=\"container\" data-settings=\"{&quot;background_background&quot;:&quot;classic&quot;}\">\n\t\t<div class=\"elementor-element elementor-element-581a567 e-flex e-con-boxed e-con e-child\" data-id=\"581a567\" data-element_type=\"container\">\n\t\t\t\t\t<div class=\"e-con-inner\">\n\t\t<div class=\"elementor-element elementor-element-a9a8562 e-con-full e-flex e-con e-child\" data-id=\"a9a8562\" data-element_type=\"container\">\n\t\t\t\t<div class=\"elementor-element elementor-element-886c381 elementor-widget elementor-widget-image\" data-id=\"886c381\" data-element_type=\"widget\" data-widget_type=\"image.default\">\n\t\t\t\t<div class=\"elementor-widget-container\">\n\t\t\t\t\t\t\t\t\t\t\t\t\t\t\t<img decoding=\"async\" width=\"1024\" height=\"299\" src=\"https:\/\/locket-transport.com\/wp-content\/uploads\/2024\/07\/locketTransport_logoTxtGraphisme2-1024x299.png\" class=\"attachment-large size-large wp-image-233\" alt=\"\" srcset=\"https:\/\/locket-transport.com\/wp-content\/uploads\/2024\/07\/locketTransport_logoTxtGraphisme2-1024x299.png 1024w, https:\/\/locket-transport.com\/wp-content\/uploads\/2024\/07\/locketTransport_logoTxtGraphisme2-300x88.png 300w, https:\/\/locket-transport.com\/wp-content\/uploads\/2024\/07\/locketTransport_logoTxtGraphisme2-768x225.png 768w, https:\/\/locket-transport.com\/wp-content\/uploads\/2024\/07\/locketTransport_logoTxtGraphisme2-1536x449.png 1536w, https:\/\/locket-transport.com\/wp-content\/uploads\/2024\/07\/locketTransport_logoTxtGraphisme2-2048x599.png 2048w, https:\/\/locket-transport.com\/wp-content\/uploads\/2024\/07\/locketTransport_logoTxtGraphisme2-600x175.png 600w\" sizes=\"(max-width: 1024px) 100vw, 1024px\" \/>\t\t\t\t\t\t\t\t\t\t\t\t\t\t\t<\/div>\n\t\t\t\t<\/div>\n\t\t\t\t<\/div>\n\t\t<div class=\"elementor-element elementor-element-eac399d e-con-full e-flex e-con e-child\" data-id=\"eac399d\" data-element_type=\"container\">\n\t\t\t\t<div class=\"elementor-element elementor-element-5dff753 elementor-widget elementor-widget-text-editor\" data-id=\"5dff753\" data-element_type=\"widget\" data-widget_type=\"text-editor.default\">\n\t\t\t\t<div class=\"elementor-widget-container\">\n\t\t\t\t\t\t\t\t\t<p><strong>Locket Transport, l&rsquo;expert de vos transports quotidiens.<\/strong><\/p>\t\t\t\t\t\t\t\t<\/div>\n\t\t\t\t<\/div>\n\t\t\t\t<\/div>\n\t\t\t\t\t<\/div>\n\t\t\t\t<\/div>\n\t\t\t\t<\/div>\n\t\t\t\t\t<\/div>\n\t\t\t\t<\/div>\n\t\t<div class=\"elementor-element elementor-element-2fd4e1b e-flex e-con-boxed e-con e-parent\" data-id=\"2fd4e1b\" data-element_type=\"container\">\n\t\t\t\t\t<div class=\"e-con-inner\">\n\t\t\t\t<div class=\"elementor-element elementor-element-9ae42b2 elementor-widget elementor-widget-spacer\" data-id=\"9ae42b2\" data-element_type=\"widget\" data-widget_type=\"spacer.default\">\n\t\t\t\t<div class=\"elementor-widget-container\">\n\t\t\t\t\t\t\t<div class=\"elementor-spacer\">\n\t\t\t<div class=\"elementor-spacer-inner\"><\/div>\n\t\t<\/div>\n\t\t\t\t\t\t<\/div>\n\t\t\t\t<\/div>\n\t\t\t\t\t<\/div>\n\t\t\t\t<\/div>\n\t\t\t\t<\/div>\n\t\t","protected":false},"excerpt":{"rendered":"<p>Qu&rsquo;est-ce qu&rsquo;un transport hors gabarit ? Le transport hors gabarit : une solution sur mesure pour les charges exceptionnelles !&#8230;<\/p>\n","protected":false},"author":1,"featured_media":1319,"parent":1713,"menu_order":0,"comment_status":"closed","ping_status":"closed","template":"","meta":{"footnotes":""},"class_list":["post-1814","page","type-page","status-publish","has-post-thumbnail","hentry"],"yoast_head":"<!-- This site is optimized with the Yoast SEO plugin v25.9 - https:\/\/yoast.com\/wordpress\/plugins\/seo\/ -->\n<title>Transport hors gabarit : principe et organisation - LOCKET Transport<\/title>\n<meta name=\"description\" content=\"L&#039;\u00e9quipe de Locket Transport vous donne toutes les informations cl\u00e9s sur le transport hors gabarit gr\u00e2ce \u00e0 son exp\u00e9rience sur le terrain.\" \/>\n<meta name=\"robots\" content=\"index, follow, max-snippet:-1, max-image-preview:large, max-video-preview:-1\" \/>\n<link rel=\"canonical\" href=\"https:\/\/locket-transport.com\/index.php\/transport-industriel-fonctionnement\/transport-hors-gabarit-definition\/\" \/>\n<meta property=\"og:locale\" content=\"fr_FR\" \/>\n<meta property=\"og:type\" content=\"article\" \/>\n<meta property=\"og:title\" content=\"Transport hors gabarit : principe et organisation - LOCKET Transport\" \/>\n<meta property=\"og:description\" content=\"L&#039;\u00e9quipe de Locket Transport vous donne toutes les informations cl\u00e9s sur le transport hors gabarit gr\u00e2ce \u00e0 son exp\u00e9rience sur le terrain.\" \/>\n<meta property=\"og:url\" content=\"https:\/\/locket-transport.com\/index.php\/transport-industriel-fonctionnement\/transport-hors-gabarit-definition\/\" \/>\n<meta property=\"og:site_name\" content=\"LOCKET Transport\" \/>\n<meta property=\"article:modified_time\" content=\"2025-03-04T14:09:00+00:00\" \/>\n<meta property=\"og:image\" content=\"https:\/\/locket-transport.com\/wp-content\/uploads\/2024\/11\/transport-machines-locket-transport-scaled.jpg\" \/>\n\t<meta property=\"og:image:width\" content=\"2560\" \/>\n\t<meta property=\"og:image:height\" content=\"1920\" \/>\n\t<meta property=\"og:image:type\" content=\"image\/jpeg\" \/>\n<meta name=\"twitter:card\" content=\"summary_large_image\" \/>\n<meta name=\"twitter:label1\" content=\"Dur\u00e9e de lecture estim\u00e9e\" \/>\n\t<meta name=\"twitter:data1\" content=\"2 minutes\" \/>\n<script type=\"application\/ld+json\" class=\"yoast-schema-graph\">{\"@context\":\"https:\/\/schema.org\",\"@graph\":[{\"@type\":\"WebPage\",\"@id\":\"https:\/\/locket-transport.com\/index.php\/transport-industriel-fonctionnement\/transport-hors-gabarit-definition\/\",\"url\":\"https:\/\/locket-transport.com\/index.php\/transport-industriel-fonctionnement\/transport-hors-gabarit-definition\/\",\"name\":\"Transport hors gabarit : principe et organisation - LOCKET Transport\",\"isPartOf\":{\"@id\":\"https:\/\/locket-transport.com\/#website\"},\"primaryImageOfPage\":{\"@id\":\"https:\/\/locket-transport.com\/index.php\/transport-industriel-fonctionnement\/transport-hors-gabarit-definition\/#primaryimage\"},\"image\":{\"@id\":\"https:\/\/locket-transport.com\/index.php\/transport-industriel-fonctionnement\/transport-hors-gabarit-definition\/#primaryimage\"},\"thumbnailUrl\":\"https:\/\/locket-transport.com\/wp-content\/uploads\/2024\/11\/transport-machines-locket-transport-scaled.jpg\",\"datePublished\":\"2025-03-04T14:00:35+00:00\",\"dateModified\":\"2025-03-04T14:09:00+00:00\",\"description\":\"L'\u00e9quipe de Locket Transport vous donne toutes les informations cl\u00e9s sur le transport hors gabarit gr\u00e2ce \u00e0 son exp\u00e9rience sur le terrain.\",\"breadcrumb\":{\"@id\":\"https:\/\/locket-transport.com\/index.php\/transport-industriel-fonctionnement\/transport-hors-gabarit-definition\/#breadcrumb\"},\"inLanguage\":\"fr-FR\",\"potentialAction\":[{\"@type\":\"ReadAction\",\"target\":[\"https:\/\/locket-transport.com\/index.php\/transport-industriel-fonctionnement\/transport-hors-gabarit-definition\/\"]}]},{\"@type\":\"ImageObject\",\"inLanguage\":\"fr-FR\",\"@id\":\"https:\/\/locket-transport.com\/index.php\/transport-industriel-fonctionnement\/transport-hors-gabarit-definition\/#primaryimage\",\"url\":\"https:\/\/locket-transport.com\/wp-content\/uploads\/2024\/11\/transport-machines-locket-transport-scaled.jpg\",\"contentUrl\":\"https:\/\/locket-transport.com\/wp-content\/uploads\/2024\/11\/transport-machines-locket-transport-scaled.jpg\",\"width\":2560,\"height\":1920,\"caption\":\"Transport hors gabarit\"},{\"@type\":\"BreadcrumbList\",\"@id\":\"https:\/\/locket-transport.com\/index.php\/transport-industriel-fonctionnement\/transport-hors-gabarit-definition\/#breadcrumb\",\"itemListElement\":[{\"@type\":\"ListItem\",\"position\":1,\"name\":\"Accueil\",\"item\":\"https:\/\/locket-transport.com\/\"},{\"@type\":\"ListItem\",\"position\":2,\"name\":\"Transport industriel : termes &amp; fonctionnement\",\"item\":\"https:\/\/locket-transport.com\/index.php\/transport-industriel-fonctionnement\/\"},{\"@type\":\"ListItem\",\"position\":3,\"name\":\"Qu&rsquo;est-ce qu&rsquo;un transport hors gabarit ?\"}]},{\"@type\":\"WebSite\",\"@id\":\"https:\/\/locket-transport.com\/#website\",\"url\":\"https:\/\/locket-transport.com\/\",\"name\":\"LOCKET Transport\",\"description\":\"Le sp\u00e9cialiste qui d\u00e9place vos envies !\",\"publisher\":{\"@id\":\"https:\/\/locket-transport.com\/#organization\"},\"potentialAction\":[{\"@type\":\"SearchAction\",\"target\":{\"@type\":\"EntryPoint\",\"urlTemplate\":\"https:\/\/locket-transport.com\/?s={search_term_string}\"},\"query-input\":{\"@type\":\"PropertyValueSpecification\",\"valueRequired\":true,\"valueName\":\"search_term_string\"}}],\"inLanguage\":\"fr-FR\"},{\"@type\":\"Organization\",\"@id\":\"https:\/\/locket-transport.com\/#organization\",\"name\":\"LOCKET Transport\",\"url\":\"https:\/\/locket-transport.com\/\",\"logo\":{\"@type\":\"ImageObject\",\"inLanguage\":\"fr-FR\",\"@id\":\"https:\/\/locket-transport.com\/#\/schema\/logo\/image\/\",\"url\":\"https:\/\/locket-transport.com\/wp-content\/uploads\/2024\/07\/cropped-locketTransport_logoTxtGraphisme1-2.png\",\"contentUrl\":\"https:\/\/locket-transport.com\/wp-content\/uploads\/2024\/07\/cropped-locketTransport_logoTxtGraphisme1-2.png\",\"width\":1273,\"height\":1102,\"caption\":\"LOCKET Transport\"},\"image\":{\"@id\":\"https:\/\/locket-transport.com\/#\/schema\/logo\/image\/\"}}]}<\/script>\n<!-- \/ Yoast SEO plugin. -->","yoast_head_json":{"title":"Transport hors gabarit : principe et organisation - LOCKET Transport","description":"L'\u00e9quipe de Locket Transport vous donne toutes les informations cl\u00e9s sur le transport hors gabarit gr\u00e2ce \u00e0 son exp\u00e9rience sur le terrain.","robots":{"index":"index","follow":"follow","max-snippet":"max-snippet:-1","max-image-preview":"max-image-preview:large","max-video-preview":"max-video-preview:-1"},"canonical":"https:\/\/locket-transport.com\/index.php\/transport-industriel-fonctionnement\/transport-hors-gabarit-definition\/","og_locale":"fr_FR","og_type":"article","og_title":"Transport hors gabarit : principe et organisation - LOCKET Transport","og_description":"L'\u00e9quipe de Locket Transport vous donne toutes les informations cl\u00e9s sur le transport hors gabarit gr\u00e2ce \u00e0 son exp\u00e9rience sur le terrain.","og_url":"https:\/\/locket-transport.com\/index.php\/transport-industriel-fonctionnement\/transport-hors-gabarit-definition\/","og_site_name":"LOCKET Transport","article_modified_time":"2025-03-04T14:09:00+00:00","og_image":[{"width":2560,"height":1920,"url":"https:\/\/locket-transport.com\/wp-content\/uploads\/2024\/11\/transport-machines-locket-transport-scaled.jpg","type":"image\/jpeg"}],"twitter_card":"summary_large_image","twitter_misc":{"Dur\u00e9e de lecture estim\u00e9e":"2 minutes"},"schema":{"@context":"https:\/\/schema.org","@graph":[{"@type":"WebPage","@id":"https:\/\/locket-transport.com\/index.php\/transport-industriel-fonctionnement\/transport-hors-gabarit-definition\/","url":"https:\/\/locket-transport.com\/index.php\/transport-industriel-fonctionnement\/transport-hors-gabarit-definition\/","name":"Transport hors gabarit : principe et organisation - LOCKET Transport","isPartOf":{"@id":"https:\/\/locket-transport.com\/#website"},"primaryImageOfPage":{"@id":"https:\/\/locket-transport.com\/index.php\/transport-industriel-fonctionnement\/transport-hors-gabarit-definition\/#primaryimage"},"image":{"@id":"https:\/\/locket-transport.com\/index.php\/transport-industriel-fonctionnement\/transport-hors-gabarit-definition\/#primaryimage"},"thumbnailUrl":"https:\/\/locket-transport.com\/wp-content\/uploads\/2024\/11\/transport-machines-locket-transport-scaled.jpg","datePublished":"2025-03-04T14:00:35+00:00","dateModified":"2025-03-04T14:09:00+00:00","description":"L'\u00e9quipe de Locket Transport vous donne toutes les informations cl\u00e9s sur le transport hors gabarit gr\u00e2ce \u00e0 son exp\u00e9rience sur le terrain.","breadcrumb":{"@id":"https:\/\/locket-transport.com\/index.php\/transport-industriel-fonctionnement\/transport-hors-gabarit-definition\/#breadcrumb"},"inLanguage":"fr-FR","potentialAction":[{"@type":"ReadAction","target":["https:\/\/locket-transport.com\/index.php\/transport-industriel-fonctionnement\/transport-hors-gabarit-definition\/"]}]},{"@type":"ImageObject","inLanguage":"fr-FR","@id":"https:\/\/locket-transport.com\/index.php\/transport-industriel-fonctionnement\/transport-hors-gabarit-definition\/#primaryimage","url":"https:\/\/locket-transport.com\/wp-content\/uploads\/2024\/11\/transport-machines-locket-transport-scaled.jpg","contentUrl":"https:\/\/locket-transport.com\/wp-content\/uploads\/2024\/11\/transport-machines-locket-transport-scaled.jpg","width":2560,"height":1920,"caption":"Transport hors gabarit"},{"@type":"BreadcrumbList","@id":"https:\/\/locket-transport.com\/index.php\/transport-industriel-fonctionnement\/transport-hors-gabarit-definition\/#breadcrumb","itemListElement":[{"@type":"ListItem","position":1,"name":"Accueil","item":"https:\/\/locket-transport.com\/"},{"@type":"ListItem","position":2,"name":"Transport industriel : termes &amp; fonctionnement","item":"https:\/\/locket-transport.com\/index.php\/transport-industriel-fonctionnement\/"},{"@type":"ListItem","position":3,"name":"Qu&rsquo;est-ce qu&rsquo;un transport hors gabarit ?"}]},{"@type":"WebSite","@id":"https:\/\/locket-transport.com\/#website","url":"https:\/\/locket-transport.com\/","name":"LOCKET Transport","description":"Le sp\u00e9cialiste qui d\u00e9place vos envies !","publisher":{"@id":"https:\/\/locket-transport.com\/#organization"},"potentialAction":[{"@type":"SearchAction","target":{"@type":"EntryPoint","urlTemplate":"https:\/\/locket-transport.com\/?s={search_term_string}"},"query-input":{"@type":"PropertyValueSpecification","valueRequired":true,"valueName":"search_term_string"}}],"inLanguage":"fr-FR"},{"@type":"Organization","@id":"https:\/\/locket-transport.com\/#organization","name":"LOCKET Transport","url":"https:\/\/locket-transport.com\/","logo":{"@type":"ImageObject","inLanguage":"fr-FR","@id":"https:\/\/locket-transport.com\/#\/schema\/logo\/image\/","url":"https:\/\/locket-transport.com\/wp-content\/uploads\/2024\/07\/cropped-locketTransport_logoTxtGraphisme1-2.png","contentUrl":"https:\/\/locket-transport.com\/wp-content\/uploads\/2024\/07\/cropped-locketTransport_logoTxtGraphisme1-2.png","width":1273,"height":1102,"caption":"LOCKET Transport"},"image":{"@id":"https:\/\/locket-transport.com\/#\/schema\/logo\/image\/"}}]}},"_links":{"self":[{"href":"https:\/\/locket-transport.com\/index.php\/wp-json\/wp\/v2\/pages\/1814","targetHints":{"allow":["GET"]}}],"collection":[{"href":"https:\/\/locket-transport.com\/index.php\/wp-json\/wp\/v2\/pages"}],"about":[{"href":"https:\/\/locket-transport.com\/index.php\/wp-json\/wp\/v2\/types\/page"}],"author":[{"embeddable":true,"href":"https:\/\/locket-transport.com\/index.php\/wp-json\/wp\/v2\/users\/1"}],"replies":[{"embeddable":true,"href":"https:\/\/locket-transport.com\/index.php\/wp-json\/wp\/v2\/comments?post=1814"}],"version-history":[{"count":7,"href":"https:\/\/locket-transport.com\/index.php\/wp-json\/wp\/v2\/pages\/1814\/revisions"}],"predecessor-version":[{"id":1821,"href":"https:\/\/locket-transport.com\/index.php\/wp-json\/wp\/v2\/pages\/1814\/revisions\/1821"}],"up":[{"embeddable":true,"href":"https:\/\/locket-transport.com\/index.php\/wp-json\/wp\/v2\/pages\/1713"}],"wp:featuredmedia":[{"embeddable":true,"href":"https:\/\/locket-transport.com\/index.php\/wp-json\/wp\/v2\/media\/1319"}],"wp:attachment":[{"href":"https:\/\/locket-transport.com\/index.php\/wp-json\/wp\/v2\/media?parent=1814"}],"curies":[{"name":"wp","href":"https:\/\/api.w.org\/{rel}","templated":true}]}}