{"id":1823,"date":"2025-03-04T15:18:18","date_gmt":"2025-03-04T14:18:18","guid":{"rendered":"https:\/\/locket-transport.com\/?page_id=1823"},"modified":"2025-03-04T15:21:45","modified_gmt":"2025-03-04T14:21:45","slug":"organiser-un-transport","status":"publish","type":"page","link":"https:\/\/locket-transport.com\/index.php\/transport-industriel-fonctionnement\/organiser-un-transport\/","title":{"rendered":"Quelles sont les informations utiles \u00e0 communiquer \u00e0 un transporteur ?"},"content":{"rendered":"\t\t<div data-elementor-type=\"wp-page\" data-elementor-id=\"1823\" class=\"elementor elementor-1823\">\n\t\t\t\t<div class=\"elementor-element elementor-element-9b661f4 e-flex e-con-boxed e-con e-parent\" data-id=\"9b661f4\" data-element_type=\"container\">\n\t\t\t\t\t<div class=\"e-con-inner\">\n\t\t\t\t<div class=\"elementor-element elementor-element-ea58e61 elementor-widget elementor-widget-spacer\" data-id=\"ea58e61\" data-element_type=\"widget\" data-widget_type=\"spacer.default\">\n\t\t\t\t<div class=\"elementor-widget-container\">\n\t\t\t\t\t\t\t<div class=\"elementor-spacer\">\n\t\t\t<div class=\"elementor-spacer-inner\"><\/div>\n\t\t<\/div>\n\t\t\t\t\t\t<\/div>\n\t\t\t\t<\/div>\n\t\t\t\t\t<\/div>\n\t\t\t\t<\/div>\n\t\t<div class=\"elementor-element elementor-element-898e2e5 e-flex e-con-boxed e-con e-parent\" data-id=\"898e2e5\" data-element_type=\"container\">\n\t\t\t\t\t<div class=\"e-con-inner\">\n\t\t<div class=\"elementor-element elementor-element-1ed366d e-flex e-con-boxed e-con e-child\" data-id=\"1ed366d\" data-element_type=\"container\">\n\t\t\t\t\t<div class=\"e-con-inner\">\n\t\t\t\t<div class=\"elementor-element elementor-element-b006aa3 elementor-widget elementor-widget-heading\" data-id=\"b006aa3\" data-element_type=\"widget\" data-widget_type=\"heading.default\">\n\t\t\t\t<div class=\"elementor-widget-container\">\n\t\t\t\t\t<h1 class=\"elementor-heading-title elementor-size-default\">Quelles sont les informations utiles \u00e0 communiquer \u00e0 un transporteur ?<\/h1>\t\t\t\t<\/div>\n\t\t\t\t<\/div>\n\t\t\t\t\t<\/div>\n\t\t\t\t<\/div>\n\t\t\t\t\t<\/div>\n\t\t\t\t<\/div>\n\t\t<div class=\"elementor-element elementor-element-8b4894f e-flex e-con-boxed e-con e-parent\" data-id=\"8b4894f\" data-element_type=\"container\">\n\t\t\t\t\t<div class=\"e-con-inner\">\n\t\t\t\t<div class=\"elementor-element elementor-element-ff2ac38 elementor-widget elementor-widget-text-editor\" data-id=\"ff2ac38\" data-element_type=\"widget\" data-widget_type=\"text-editor.default\">\n\t\t\t\t<div class=\"elementor-widget-container\">\n\t\t\t\t\t\t\t\t\t<p>Lorsque vous contactez une <a href=\"https:\/\/locket-transport.com\/\"><strong>soci\u00e9t\u00e9 de transport<\/strong><\/a> pour d\u00e9placer vos biens et mat\u00e9riaux, vous devez imp\u00e9rativement communiquer les bonnes informations \u00e0 cette derni\u00e8re. Elle pourra assurer votre demande de transport de la meilleure des fa\u00e7ons.\u00a0<\/p><p>Voici donc les informations importantes \u00e0 donner \u00e0 votre transporteur avant qu\u2019il effectue le <strong>transport<\/strong> de votre bien :\u00a0<\/p><ul><li aria-level=\"1\">Le poids, les dimensions et la nature des charges \u00e0 d\u00e9placer\u00a0<\/li><li aria-level=\"1\">L\u2019adresse de d\u00e9part et ses \u00e9ventuelles complexit\u00e9s\u00a0<\/li><li aria-level=\"1\">L\u2019adresse de livraison et ses \u00e9ventuelles complexit\u00e9s\u00a0<\/li><li aria-level=\"1\">La date et l\u2019heure souhait\u00e9es<\/li><li aria-level=\"1\">Les coordonn\u00e9es de la personne r\u00e9f\u00e9rente<\/li><\/ul>\t\t\t\t\t\t\t\t<\/div>\n\t\t\t\t<\/div>\n\t\t\t\t\t<\/div>\n\t\t\t\t<\/div>\n\t\t<div class=\"elementor-element elementor-element-3df017c e-flex e-con-boxed e-con e-parent\" data-id=\"3df017c\" data-element_type=\"container\">\n\t\t\t\t\t<div class=\"e-con-inner\">\n\t\t\t\t<div class=\"elementor-element elementor-element-fab0798 elementor-widget elementor-widget-image\" data-id=\"fab0798\" data-element_type=\"widget\" data-widget_type=\"image.default\">\n\t\t\t\t<div class=\"elementor-widget-container\">\n\t\t\t\t\t\t\t\t\t\t\t\t\t\t\t<img fetchpriority=\"high\" decoding=\"async\" width=\"1024\" height=\"682\" src=\"https:\/\/locket-transport.com\/wp-content\/uploads\/2024\/12\/organisations-transports-1024x682.jpg\" class=\"attachment-large size-large wp-image-1389\" alt=\"Validation de la conceptualisation du transport\" srcset=\"https:\/\/locket-transport.com\/wp-content\/uploads\/2024\/12\/organisations-transports-1024x682.jpg 1024w, https:\/\/locket-transport.com\/wp-content\/uploads\/2024\/12\/organisations-transports-300x200.jpg 300w, https:\/\/locket-transport.com\/wp-content\/uploads\/2024\/12\/organisations-transports-768x512.jpg 768w, https:\/\/locket-transport.com\/wp-content\/uploads\/2024\/12\/organisations-transports.jpg 1280w\" sizes=\"(max-width: 1024px) 100vw, 1024px\" \/>\t\t\t\t\t\t\t\t\t\t\t\t\t\t\t<\/div>\n\t\t\t\t<\/div>\n\t\t\t\t\t<\/div>\n\t\t\t\t<\/div>\n\t\t<div class=\"elementor-element elementor-element-555749f e-flex e-con-boxed e-con e-parent\" data-id=\"555749f\" data-element_type=\"container\" data-settings=\"{&quot;background_background&quot;:&quot;classic&quot;}\">\n\t\t\t\t\t<div class=\"e-con-inner\">\n\t\t<div class=\"elementor-element elementor-element-4755e45 e-con-full e-flex e-con e-child\" data-id=\"4755e45\" data-element_type=\"container\" data-settings=\"{&quot;background_background&quot;:&quot;classic&quot;}\">\n\t\t\t\t<div class=\"elementor-element elementor-element-e9959fd elementor-widget elementor-widget-heading\" data-id=\"e9959fd\" data-element_type=\"widget\" data-widget_type=\"heading.default\">\n\t\t\t\t<div class=\"elementor-widget-container\">\n\t\t\t\t\t<h5 class=\"elementor-heading-title elementor-size-default\">Contactez-nous ! <\/h5>\t\t\t\t<\/div>\n\t\t\t\t<\/div>\n\t\t<div class=\"elementor-element elementor-element-4929dff e-con-full e-flex e-con e-child\" data-id=\"4929dff\" data-element_type=\"container\">\n\t\t\t\t<div class=\"elementor-element elementor-element-50f3d70 elementor-widget elementor-widget-text-editor\" data-id=\"50f3d70\" data-element_type=\"widget\" data-widget_type=\"text-editor.default\">\n\t\t\t\t<div class=\"elementor-widget-container\">\n\t\t\t\t\t\t\t\t\t<p>T\u00e9l : (+33) 06 85 38 38 50<\/p><p>@ : trs.locquet@gmail.com<\/p>\t\t\t\t\t\t\t\t<\/div>\n\t\t\t\t<\/div>\n\t\t\t\t<\/div>\n\t\t<div class=\"elementor-element elementor-element-ec9ccef e-con-full e-flex e-con e-child\" data-id=\"ec9ccef\" data-element_type=\"container\">\n\t\t\t\t<div class=\"elementor-element elementor-element-20e48b4 elementor-align-center elementor-widget elementor-widget-button\" data-id=\"20e48b4\" data-element_type=\"widget\" data-widget_type=\"button.default\">\n\t\t\t\t<div class=\"elementor-widget-container\">\n\t\t\t\t\t\t\t\t\t<div class=\"elementor-button-wrapper\">\n\t\t\t\t\t<a class=\"elementor-button elementor-button-link elementor-size-sm\" href=\"https:\/\/locket-transport.com\/index.php\/contact\/\">\n\t\t\t\t\t\t<span class=\"elementor-button-content-wrapper\">\n\t\t\t\t\t\t\t\t\t<span class=\"elementor-button-text\">Devis gratuit<\/span>\n\t\t\t\t\t<\/span>\n\t\t\t\t\t<\/a>\n\t\t\t\t<\/div>\n\t\t\t\t\t\t\t\t<\/div>\n\t\t\t\t<\/div>\n\t\t\t\t<\/div>\n\t\t\t\t<\/div>\n\t\t<div class=\"elementor-element elementor-element-bc1cb3e e-con-full e-flex e-con e-child\" data-id=\"bc1cb3e\" data-element_type=\"container\" data-settings=\"{&quot;background_background&quot;:&quot;classic&quot;}\">\n\t\t<div class=\"elementor-element elementor-element-3876d9d e-flex e-con-boxed e-con e-child\" data-id=\"3876d9d\" data-element_type=\"container\">\n\t\t\t\t\t<div class=\"e-con-inner\">\n\t\t<div class=\"elementor-element elementor-element-f377204 e-con-full e-flex e-con e-child\" data-id=\"f377204\" data-element_type=\"container\">\n\t\t\t\t<div class=\"elementor-element elementor-element-b0e10ed elementor-widget elementor-widget-image\" data-id=\"b0e10ed\" data-element_type=\"widget\" data-widget_type=\"image.default\">\n\t\t\t\t<div class=\"elementor-widget-container\">\n\t\t\t\t\t\t\t\t\t\t\t\t\t\t\t<img decoding=\"async\" width=\"1024\" height=\"299\" src=\"https:\/\/locket-transport.com\/wp-content\/uploads\/2024\/07\/locketTransport_logoTxtGraphisme2-1024x299.png\" class=\"attachment-large size-large wp-image-233\" alt=\"\" srcset=\"https:\/\/locket-transport.com\/wp-content\/uploads\/2024\/07\/locketTransport_logoTxtGraphisme2-1024x299.png 1024w, https:\/\/locket-transport.com\/wp-content\/uploads\/2024\/07\/locketTransport_logoTxtGraphisme2-300x88.png 300w, https:\/\/locket-transport.com\/wp-content\/uploads\/2024\/07\/locketTransport_logoTxtGraphisme2-768x225.png 768w, https:\/\/locket-transport.com\/wp-content\/uploads\/2024\/07\/locketTransport_logoTxtGraphisme2-1536x449.png 1536w, https:\/\/locket-transport.com\/wp-content\/uploads\/2024\/07\/locketTransport_logoTxtGraphisme2-2048x599.png 2048w, https:\/\/locket-transport.com\/wp-content\/uploads\/2024\/07\/locketTransport_logoTxtGraphisme2-600x175.png 600w\" sizes=\"(max-width: 1024px) 100vw, 1024px\" \/>\t\t\t\t\t\t\t\t\t\t\t\t\t\t\t<\/div>\n\t\t\t\t<\/div>\n\t\t\t\t<\/div>\n\t\t<div class=\"elementor-element elementor-element-dbff9a9 e-con-full e-flex e-con e-child\" data-id=\"dbff9a9\" data-element_type=\"container\">\n\t\t\t\t<div class=\"elementor-element elementor-element-88d6358 elementor-widget elementor-widget-text-editor\" data-id=\"88d6358\" data-element_type=\"widget\" data-widget_type=\"text-editor.default\">\n\t\t\t\t<div class=\"elementor-widget-container\">\n\t\t\t\t\t\t\t\t\t<p><strong>Locket Transport, l&rsquo;expert de vos transports quotidiens.<\/strong><\/p>\t\t\t\t\t\t\t\t<\/div>\n\t\t\t\t<\/div>\n\t\t\t\t<\/div>\n\t\t\t\t\t<\/div>\n\t\t\t\t<\/div>\n\t\t\t\t<\/div>\n\t\t\t\t\t<\/div>\n\t\t\t\t<\/div>\n\t\t<div class=\"elementor-element elementor-element-806000c e-flex e-con-boxed e-con e-parent\" data-id=\"806000c\" data-element_type=\"container\">\n\t\t\t\t\t<div class=\"e-con-inner\">\n\t\t\t\t<div class=\"elementor-element elementor-element-99b0ec1 elementor-widget elementor-widget-spacer\" data-id=\"99b0ec1\" data-element_type=\"widget\" data-widget_type=\"spacer.default\">\n\t\t\t\t<div class=\"elementor-widget-container\">\n\t\t\t\t\t\t\t<div class=\"elementor-spacer\">\n\t\t\t<div class=\"elementor-spacer-inner\"><\/div>\n\t\t<\/div>\n\t\t\t\t\t\t<\/div>\n\t\t\t\t<\/div>\n\t\t\t\t\t<\/div>\n\t\t\t\t<\/div>\n\t\t\t\t<\/div>\n\t\t","protected":false},"excerpt":{"rendered":"<p>Quelles sont les informations utiles \u00e0 communiquer \u00e0 un transporteur ? Lorsque vous contactez une soci\u00e9t\u00e9 de transport pour d\u00e9placer&#8230;<\/p>\n","protected":false},"author":1,"featured_media":1389,"parent":1713,"menu_order":0,"comment_status":"closed","ping_status":"closed","template":"","meta":{"footnotes":""},"class_list":["post-1823","page","type-page","status-publish","has-post-thumbnail","hentry"],"yoast_head":"<!-- This site is optimized with the Yoast SEO plugin v25.9 - https:\/\/yoast.com\/wordpress\/plugins\/seo\/ -->\n<title>Organiser un transport : les informations cl\u00e9s<\/title>\n<meta name=\"description\" content=\"Avec Locket Transport, d\u00e9couvrez toutes les informations pratiques \u00e0 communiquer \u00e0 votre transporteur pour faciliter son d\u00e9placement.\" \/>\n<meta name=\"robots\" content=\"index, follow, max-snippet:-1, max-image-preview:large, max-video-preview:-1\" \/>\n<link rel=\"canonical\" href=\"https:\/\/locket-transport.com\/index.php\/transport-industriel-fonctionnement\/organiser-un-transport\/\" \/>\n<meta property=\"og:locale\" content=\"fr_FR\" \/>\n<meta property=\"og:type\" content=\"article\" \/>\n<meta property=\"og:title\" content=\"Organiser un transport : les informations cl\u00e9s\" \/>\n<meta property=\"og:description\" content=\"Avec Locket Transport, d\u00e9couvrez toutes les informations pratiques \u00e0 communiquer \u00e0 votre transporteur pour faciliter son d\u00e9placement.\" \/>\n<meta property=\"og:url\" content=\"https:\/\/locket-transport.com\/index.php\/transport-industriel-fonctionnement\/organiser-un-transport\/\" \/>\n<meta property=\"og:site_name\" content=\"LOCKET Transport\" \/>\n<meta property=\"article:modified_time\" content=\"2025-03-04T14:21:45+00:00\" \/>\n<meta property=\"og:image\" content=\"https:\/\/locket-transport.com\/wp-content\/uploads\/2024\/12\/organisations-transports.jpg\" \/>\n\t<meta property=\"og:image:width\" content=\"1280\" \/>\n\t<meta property=\"og:image:height\" content=\"853\" \/>\n\t<meta property=\"og:image:type\" content=\"image\/jpeg\" \/>\n<meta name=\"twitter:card\" content=\"summary_large_image\" \/>\n<meta name=\"twitter:label1\" content=\"Dur\u00e9e de lecture estim\u00e9e\" \/>\n\t<meta name=\"twitter:data1\" content=\"2 minutes\" \/>\n<script type=\"application\/ld+json\" class=\"yoast-schema-graph\">{\"@context\":\"https:\/\/schema.org\",\"@graph\":[{\"@type\":\"WebPage\",\"@id\":\"https:\/\/locket-transport.com\/index.php\/transport-industriel-fonctionnement\/organiser-un-transport\/\",\"url\":\"https:\/\/locket-transport.com\/index.php\/transport-industriel-fonctionnement\/organiser-un-transport\/\",\"name\":\"Organiser un transport : les informations cl\u00e9s\",\"isPartOf\":{\"@id\":\"https:\/\/locket-transport.com\/#website\"},\"primaryImageOfPage\":{\"@id\":\"https:\/\/locket-transport.com\/index.php\/transport-industriel-fonctionnement\/organiser-un-transport\/#primaryimage\"},\"image\":{\"@id\":\"https:\/\/locket-transport.com\/index.php\/transport-industriel-fonctionnement\/organiser-un-transport\/#primaryimage\"},\"thumbnailUrl\":\"https:\/\/locket-transport.com\/wp-content\/uploads\/2024\/12\/organisations-transports.jpg\",\"datePublished\":\"2025-03-04T14:18:18+00:00\",\"dateModified\":\"2025-03-04T14:21:45+00:00\",\"description\":\"Avec Locket Transport, d\u00e9couvrez toutes les informations pratiques \u00e0 communiquer \u00e0 votre transporteur pour faciliter son d\u00e9placement.\",\"breadcrumb\":{\"@id\":\"https:\/\/locket-transport.com\/index.php\/transport-industriel-fonctionnement\/organiser-un-transport\/#breadcrumb\"},\"inLanguage\":\"fr-FR\",\"potentialAction\":[{\"@type\":\"ReadAction\",\"target\":[\"https:\/\/locket-transport.com\/index.php\/transport-industriel-fonctionnement\/organiser-un-transport\/\"]}]},{\"@type\":\"ImageObject\",\"inLanguage\":\"fr-FR\",\"@id\":\"https:\/\/locket-transport.com\/index.php\/transport-industriel-fonctionnement\/organiser-un-transport\/#primaryimage\",\"url\":\"https:\/\/locket-transport.com\/wp-content\/uploads\/2024\/12\/organisations-transports.jpg\",\"contentUrl\":\"https:\/\/locket-transport.com\/wp-content\/uploads\/2024\/12\/organisations-transports.jpg\",\"width\":1280,\"height\":853,\"caption\":\"Validation de la conceptualisation du transport\"},{\"@type\":\"BreadcrumbList\",\"@id\":\"https:\/\/locket-transport.com\/index.php\/transport-industriel-fonctionnement\/organiser-un-transport\/#breadcrumb\",\"itemListElement\":[{\"@type\":\"ListItem\",\"position\":1,\"name\":\"Accueil\",\"item\":\"https:\/\/locket-transport.com\/\"},{\"@type\":\"ListItem\",\"position\":2,\"name\":\"Transport industriel : termes &amp; fonctionnement\",\"item\":\"https:\/\/locket-transport.com\/index.php\/transport-industriel-fonctionnement\/\"},{\"@type\":\"ListItem\",\"position\":3,\"name\":\"Quelles sont les informations utiles \u00e0 communiquer \u00e0 un transporteur ?\"}]},{\"@type\":\"WebSite\",\"@id\":\"https:\/\/locket-transport.com\/#website\",\"url\":\"https:\/\/locket-transport.com\/\",\"name\":\"LOCKET Transport\",\"description\":\"Le sp\u00e9cialiste qui d\u00e9place vos envies !\",\"publisher\":{\"@id\":\"https:\/\/locket-transport.com\/#organization\"},\"potentialAction\":[{\"@type\":\"SearchAction\",\"target\":{\"@type\":\"EntryPoint\",\"urlTemplate\":\"https:\/\/locket-transport.com\/?s={search_term_string}\"},\"query-input\":{\"@type\":\"PropertyValueSpecification\",\"valueRequired\":true,\"valueName\":\"search_term_string\"}}],\"inLanguage\":\"fr-FR\"},{\"@type\":\"Organization\",\"@id\":\"https:\/\/locket-transport.com\/#organization\",\"name\":\"LOCKET Transport\",\"url\":\"https:\/\/locket-transport.com\/\",\"logo\":{\"@type\":\"ImageObject\",\"inLanguage\":\"fr-FR\",\"@id\":\"https:\/\/locket-transport.com\/#\/schema\/logo\/image\/\",\"url\":\"https:\/\/locket-transport.com\/wp-content\/uploads\/2024\/07\/cropped-locketTransport_logoTxtGraphisme1-2.png\",\"contentUrl\":\"https:\/\/locket-transport.com\/wp-content\/uploads\/2024\/07\/cropped-locketTransport_logoTxtGraphisme1-2.png\",\"width\":1273,\"height\":1102,\"caption\":\"LOCKET Transport\"},\"image\":{\"@id\":\"https:\/\/locket-transport.com\/#\/schema\/logo\/image\/\"}}]}<\/script>\n<!-- \/ Yoast SEO plugin. -->","yoast_head_json":{"title":"Organiser un transport : les informations cl\u00e9s","description":"Avec Locket Transport, d\u00e9couvrez toutes les informations pratiques \u00e0 communiquer \u00e0 votre transporteur pour faciliter son d\u00e9placement.","robots":{"index":"index","follow":"follow","max-snippet":"max-snippet:-1","max-image-preview":"max-image-preview:large","max-video-preview":"max-video-preview:-1"},"canonical":"https:\/\/locket-transport.com\/index.php\/transport-industriel-fonctionnement\/organiser-un-transport\/","og_locale":"fr_FR","og_type":"article","og_title":"Organiser un transport : les informations cl\u00e9s","og_description":"Avec Locket Transport, d\u00e9couvrez toutes les informations pratiques \u00e0 communiquer \u00e0 votre transporteur pour faciliter son d\u00e9placement.","og_url":"https:\/\/locket-transport.com\/index.php\/transport-industriel-fonctionnement\/organiser-un-transport\/","og_site_name":"LOCKET Transport","article_modified_time":"2025-03-04T14:21:45+00:00","og_image":[{"width":1280,"height":853,"url":"https:\/\/locket-transport.com\/wp-content\/uploads\/2024\/12\/organisations-transports.jpg","type":"image\/jpeg"}],"twitter_card":"summary_large_image","twitter_misc":{"Dur\u00e9e de lecture estim\u00e9e":"2 minutes"},"schema":{"@context":"https:\/\/schema.org","@graph":[{"@type":"WebPage","@id":"https:\/\/locket-transport.com\/index.php\/transport-industriel-fonctionnement\/organiser-un-transport\/","url":"https:\/\/locket-transport.com\/index.php\/transport-industriel-fonctionnement\/organiser-un-transport\/","name":"Organiser un transport : les informations cl\u00e9s","isPartOf":{"@id":"https:\/\/locket-transport.com\/#website"},"primaryImageOfPage":{"@id":"https:\/\/locket-transport.com\/index.php\/transport-industriel-fonctionnement\/organiser-un-transport\/#primaryimage"},"image":{"@id":"https:\/\/locket-transport.com\/index.php\/transport-industriel-fonctionnement\/organiser-un-transport\/#primaryimage"},"thumbnailUrl":"https:\/\/locket-transport.com\/wp-content\/uploads\/2024\/12\/organisations-transports.jpg","datePublished":"2025-03-04T14:18:18+00:00","dateModified":"2025-03-04T14:21:45+00:00","description":"Avec Locket Transport, d\u00e9couvrez toutes les informations pratiques \u00e0 communiquer \u00e0 votre transporteur pour faciliter son d\u00e9placement.","breadcrumb":{"@id":"https:\/\/locket-transport.com\/index.php\/transport-industriel-fonctionnement\/organiser-un-transport\/#breadcrumb"},"inLanguage":"fr-FR","potentialAction":[{"@type":"ReadAction","target":["https:\/\/locket-transport.com\/index.php\/transport-industriel-fonctionnement\/organiser-un-transport\/"]}]},{"@type":"ImageObject","inLanguage":"fr-FR","@id":"https:\/\/locket-transport.com\/index.php\/transport-industriel-fonctionnement\/organiser-un-transport\/#primaryimage","url":"https:\/\/locket-transport.com\/wp-content\/uploads\/2024\/12\/organisations-transports.jpg","contentUrl":"https:\/\/locket-transport.com\/wp-content\/uploads\/2024\/12\/organisations-transports.jpg","width":1280,"height":853,"caption":"Validation de la conceptualisation du transport"},{"@type":"BreadcrumbList","@id":"https:\/\/locket-transport.com\/index.php\/transport-industriel-fonctionnement\/organiser-un-transport\/#breadcrumb","itemListElement":[{"@type":"ListItem","position":1,"name":"Accueil","item":"https:\/\/locket-transport.com\/"},{"@type":"ListItem","position":2,"name":"Transport industriel : termes &amp; fonctionnement","item":"https:\/\/locket-transport.com\/index.php\/transport-industriel-fonctionnement\/"},{"@type":"ListItem","position":3,"name":"Quelles sont les informations utiles \u00e0 communiquer \u00e0 un transporteur ?"}]},{"@type":"WebSite","@id":"https:\/\/locket-transport.com\/#website","url":"https:\/\/locket-transport.com\/","name":"LOCKET Transport","description":"Le sp\u00e9cialiste qui d\u00e9place vos envies !","publisher":{"@id":"https:\/\/locket-transport.com\/#organization"},"potentialAction":[{"@type":"SearchAction","target":{"@type":"EntryPoint","urlTemplate":"https:\/\/locket-transport.com\/?s={search_term_string}"},"query-input":{"@type":"PropertyValueSpecification","valueRequired":true,"valueName":"search_term_string"}}],"inLanguage":"fr-FR"},{"@type":"Organization","@id":"https:\/\/locket-transport.com\/#organization","name":"LOCKET Transport","url":"https:\/\/locket-transport.com\/","logo":{"@type":"ImageObject","inLanguage":"fr-FR","@id":"https:\/\/locket-transport.com\/#\/schema\/logo\/image\/","url":"https:\/\/locket-transport.com\/wp-content\/uploads\/2024\/07\/cropped-locketTransport_logoTxtGraphisme1-2.png","contentUrl":"https:\/\/locket-transport.com\/wp-content\/uploads\/2024\/07\/cropped-locketTransport_logoTxtGraphisme1-2.png","width":1273,"height":1102,"caption":"LOCKET Transport"},"image":{"@id":"https:\/\/locket-transport.com\/#\/schema\/logo\/image\/"}}]}},"_links":{"self":[{"href":"https:\/\/locket-transport.com\/index.php\/wp-json\/wp\/v2\/pages\/1823","targetHints":{"allow":["GET"]}}],"collection":[{"href":"https:\/\/locket-transport.com\/index.php\/wp-json\/wp\/v2\/pages"}],"about":[{"href":"https:\/\/locket-transport.com\/index.php\/wp-json\/wp\/v2\/types\/page"}],"author":[{"embeddable":true,"href":"https:\/\/locket-transport.com\/index.php\/wp-json\/wp\/v2\/users\/1"}],"replies":[{"embeddable":true,"href":"https:\/\/locket-transport.com\/index.php\/wp-json\/wp\/v2\/comments?post=1823"}],"version-history":[{"count":4,"href":"https:\/\/locket-transport.com\/index.php\/wp-json\/wp\/v2\/pages\/1823\/revisions"}],"predecessor-version":[{"id":1827,"href":"https:\/\/locket-transport.com\/index.php\/wp-json\/wp\/v2\/pages\/1823\/revisions\/1827"}],"up":[{"embeddable":true,"href":"https:\/\/locket-transport.com\/index.php\/wp-json\/wp\/v2\/pages\/1713"}],"wp:featuredmedia":[{"embeddable":true,"href":"https:\/\/locket-transport.com\/index.php\/wp-json\/wp\/v2\/media\/1389"}],"wp:attachment":[{"href":"https:\/\/locket-transport.com\/index.php\/wp-json\/wp\/v2\/media?parent=1823"}],"curies":[{"name":"wp","href":"https:\/\/api.w.org\/{rel}","templated":true}]}}