{"id":1835,"date":"2025-03-04T15:34:13","date_gmt":"2025-03-04T14:34:13","guid":{"rendered":"https:\/\/locket-transport.com\/?page_id=1835"},"modified":"2025-03-04T15:43:30","modified_gmt":"2025-03-04T14:43:30","slug":"demarches-administratives-transport-exceptionnel","status":"publish","type":"page","link":"https:\/\/locket-transport.com\/index.php\/transport-industriel-fonctionnement\/demarches-administratives-transport-exceptionnel\/","title":{"rendered":"Quelles sont les d\u00e9marches administratives \u00e0 effectuer pour un transport exceptionnel ?"},"content":{"rendered":"\t\t<div data-elementor-type=\"wp-page\" data-elementor-id=\"1835\" class=\"elementor elementor-1835\">\n\t\t\t\t<div class=\"elementor-element elementor-element-26870a7 e-flex e-con-boxed e-con e-parent\" data-id=\"26870a7\" data-element_type=\"container\">\n\t\t\t\t\t<div class=\"e-con-inner\">\n\t\t\t\t<div class=\"elementor-element elementor-element-e3a97e5 elementor-widget elementor-widget-spacer\" data-id=\"e3a97e5\" data-element_type=\"widget\" data-widget_type=\"spacer.default\">\n\t\t\t\t<div class=\"elementor-widget-container\">\n\t\t\t\t\t\t\t<div class=\"elementor-spacer\">\n\t\t\t<div class=\"elementor-spacer-inner\"><\/div>\n\t\t<\/div>\n\t\t\t\t\t\t<\/div>\n\t\t\t\t<\/div>\n\t\t\t\t\t<\/div>\n\t\t\t\t<\/div>\n\t\t<div class=\"elementor-element elementor-element-ae5ca2e e-flex e-con-boxed e-con e-parent\" data-id=\"ae5ca2e\" data-element_type=\"container\">\n\t\t\t\t\t<div class=\"e-con-inner\">\n\t\t\t\t<div class=\"elementor-element elementor-element-b0025d2 elementor-widget elementor-widget-heading\" data-id=\"b0025d2\" data-element_type=\"widget\" data-widget_type=\"heading.default\">\n\t\t\t\t<div class=\"elementor-widget-container\">\n\t\t\t\t\t<h1 class=\"elementor-heading-title elementor-size-default\">Quelles sont les d\u00e9marches administratives \u00e0 effectuer pour un transport exceptionnel ?<\/h1>\t\t\t\t<\/div>\n\t\t\t\t<\/div>\n\t\t\t\t\t<\/div>\n\t\t\t\t<\/div>\n\t\t<div class=\"elementor-element elementor-element-bebde48 e-flex e-con-boxed e-con e-parent\" data-id=\"bebde48\" data-element_type=\"container\">\n\t\t\t\t\t<div class=\"e-con-inner\">\n\t\t<div class=\"elementor-element elementor-element-949dba8 e-flex e-con-boxed e-con e-child\" data-id=\"949dba8\" data-element_type=\"container\">\n\t\t\t\t\t<div class=\"e-con-inner\">\n\t\t\t\t<div class=\"elementor-element elementor-element-22af64b elementor-widget elementor-widget-text-editor\" data-id=\"22af64b\" data-element_type=\"widget\" data-widget_type=\"text-editor.default\">\n\t\t\t\t<div class=\"elementor-widget-container\">\n\t\t\t\t\t\t\t\t\t<p>Chez <a href=\"https:\/\/locket-transport.com\/\"><strong>Locket Transport<\/strong><\/a>, nous ma\u00eetrisons l\u2019ensemble des proc\u00e9dures n\u00e9cessaires au <strong>transport exceptionnel<\/strong>, une activit\u00e9 r\u00e9glement\u00e9e qui exige des autorisations sp\u00e9cifiques pour assurer des livraisons en toute s\u00e9curit\u00e9 et en conformit\u00e9 avec la l\u00e9gislation.<\/p><p>Le <a href=\"https:\/\/locket-transport.com\/index.php\/transport-exceptionnel\/\">transport exceptionnel<\/a> concerne les v\u00e9hicules transportant des charges d\u00e9passant les dimensions et poids standards. Avant tout d\u00e9placement, il est obligatoire d\u2019obtenir une <strong>autorisation pr\u00e9fectorale<\/strong>, dont la cat\u00e9gorie d\u00e9pend du niveau de d\u00e9passement (1re, 2e ou 3e cat\u00e9gorie). Cette demande doit \u00eatre d\u00e9pos\u00e9e aupr\u00e8s des services comp\u00e9tents (DREAL ou pr\u00e9fecture), accompagn\u00e9e de plans de transport et d\u2019une <a href=\"https:\/\/locket-transport.com\/index.php\/transport-etude-de-faisabilite\/\">\u00e9tude de faisabilit\u00e9<\/a>.<\/p><p>Selon l\u2019itin\u00e9raire et l\u2019envergure du convoi, des dispositions compl\u00e9mentaires peuvent \u00eatre exig\u00e9es :<\/p><ul><li aria-level=\"1\">Mise en place d\u2019un <strong>v\u00e9hicule d\u2019accompagnement<\/strong> pour s\u00e9curiser le trajet.<\/li><li aria-level=\"1\">Coordination avec les autorit\u00e9s pour <strong>adapter la circulation<\/strong> (interdictions horaires, itin\u00e9raires sp\u00e9cifiques).<\/li><li aria-level=\"1\"><strong>Signalisation<\/strong> adapt\u00e9e sur le convoi pour pr\u00e9venir les autres usagers.<\/li><\/ul><p>Gr\u00e2ce \u00e0 une planification rigoureuse et au respect des r\u00e9glementations en vigueur, Locket Transport garantit un <strong>transport exceptionnel s\u00e9curis\u00e9<\/strong> et optimis\u00e9, r\u00e9pondant aux besoins sp\u00e9cifiques de ses clients.<\/p>\t\t\t\t\t\t\t\t<\/div>\n\t\t\t\t<\/div>\n\t\t\t\t\t<\/div>\n\t\t\t\t<\/div>\n\t\t\t\t\t<\/div>\n\t\t\t\t<\/div>\n\t\t<div class=\"elementor-element elementor-element-baeaf76 e-flex e-con-boxed e-con e-parent\" data-id=\"baeaf76\" data-element_type=\"container\">\n\t\t\t\t\t<div class=\"e-con-inner\">\n\t\t\t\t<div class=\"elementor-element elementor-element-f276fa5 elementor-widget elementor-widget-image\" data-id=\"f276fa5\" data-element_type=\"widget\" data-widget_type=\"image.default\">\n\t\t\t\t<div class=\"elementor-widget-container\">\n\t\t\t\t\t\t\t\t\t\t\t\t\t\t\t<img fetchpriority=\"high\" decoding=\"async\" width=\"1024\" height=\"682\" src=\"https:\/\/locket-transport.com\/wp-content\/uploads\/2024\/12\/explication-operation-manutention-1024x682.jpg\" class=\"attachment-large size-large wp-image-1376\" alt=\"\" srcset=\"https:\/\/locket-transport.com\/wp-content\/uploads\/2024\/12\/explication-operation-manutention-1024x682.jpg 1024w, https:\/\/locket-transport.com\/wp-content\/uploads\/2024\/12\/explication-operation-manutention-300x200.jpg 300w, https:\/\/locket-transport.com\/wp-content\/uploads\/2024\/12\/explication-operation-manutention-768x512.jpg 768w, https:\/\/locket-transport.com\/wp-content\/uploads\/2024\/12\/explication-operation-manutention.jpg 1280w\" sizes=\"(max-width: 1024px) 100vw, 1024px\" \/>\t\t\t\t\t\t\t\t\t\t\t\t\t\t\t<\/div>\n\t\t\t\t<\/div>\n\t\t\t\t\t<\/div>\n\t\t\t\t<\/div>\n\t\t<div class=\"elementor-element elementor-element-9a99b90 e-flex e-con-boxed e-con e-parent\" data-id=\"9a99b90\" data-element_type=\"container\" data-settings=\"{&quot;background_background&quot;:&quot;classic&quot;}\">\n\t\t\t\t\t<div class=\"e-con-inner\">\n\t\t<div class=\"elementor-element elementor-element-0e46009 e-con-full e-flex e-con e-child\" data-id=\"0e46009\" data-element_type=\"container\" data-settings=\"{&quot;background_background&quot;:&quot;classic&quot;}\">\n\t\t\t\t<div class=\"elementor-element elementor-element-f5cfa24 elementor-widget elementor-widget-heading\" data-id=\"f5cfa24\" data-element_type=\"widget\" data-widget_type=\"heading.default\">\n\t\t\t\t<div class=\"elementor-widget-container\">\n\t\t\t\t\t<h5 class=\"elementor-heading-title elementor-size-default\">Contactez-nous ! <\/h5>\t\t\t\t<\/div>\n\t\t\t\t<\/div>\n\t\t<div class=\"elementor-element elementor-element-21fa3c0 e-con-full e-flex e-con e-child\" data-id=\"21fa3c0\" data-element_type=\"container\">\n\t\t\t\t<div class=\"elementor-element elementor-element-514c795 elementor-widget elementor-widget-text-editor\" data-id=\"514c795\" data-element_type=\"widget\" data-widget_type=\"text-editor.default\">\n\t\t\t\t<div class=\"elementor-widget-container\">\n\t\t\t\t\t\t\t\t\t<p>T\u00e9l : (+33) 06 85 38 38 50<\/p><p>@ : trs.locquet@gmail.com<\/p>\t\t\t\t\t\t\t\t<\/div>\n\t\t\t\t<\/div>\n\t\t\t\t<\/div>\n\t\t<div class=\"elementor-element elementor-element-33e6462 e-con-full e-flex e-con e-child\" data-id=\"33e6462\" data-element_type=\"container\">\n\t\t\t\t<div class=\"elementor-element elementor-element-bc2f71c elementor-align-center elementor-widget elementor-widget-button\" data-id=\"bc2f71c\" data-element_type=\"widget\" data-widget_type=\"button.default\">\n\t\t\t\t<div class=\"elementor-widget-container\">\n\t\t\t\t\t\t\t\t\t<div class=\"elementor-button-wrapper\">\n\t\t\t\t\t<a class=\"elementor-button elementor-button-link elementor-size-sm\" href=\"https:\/\/locket-transport.com\/index.php\/contact\/\">\n\t\t\t\t\t\t<span class=\"elementor-button-content-wrapper\">\n\t\t\t\t\t\t\t\t\t<span class=\"elementor-button-text\">Devis gratuit<\/span>\n\t\t\t\t\t<\/span>\n\t\t\t\t\t<\/a>\n\t\t\t\t<\/div>\n\t\t\t\t\t\t\t\t<\/div>\n\t\t\t\t<\/div>\n\t\t\t\t<\/div>\n\t\t\t\t<\/div>\n\t\t<div class=\"elementor-element elementor-element-7d5c629 e-con-full e-flex e-con e-child\" data-id=\"7d5c629\" data-element_type=\"container\" data-settings=\"{&quot;background_background&quot;:&quot;classic&quot;}\">\n\t\t<div class=\"elementor-element elementor-element-e5e14e2 e-flex e-con-boxed e-con e-child\" data-id=\"e5e14e2\" data-element_type=\"container\">\n\t\t\t\t\t<div class=\"e-con-inner\">\n\t\t<div class=\"elementor-element elementor-element-59cd489 e-con-full e-flex e-con e-child\" data-id=\"59cd489\" data-element_type=\"container\">\n\t\t\t\t<div class=\"elementor-element elementor-element-4bfd5f7 elementor-widget elementor-widget-image\" data-id=\"4bfd5f7\" data-element_type=\"widget\" data-widget_type=\"image.default\">\n\t\t\t\t<div class=\"elementor-widget-container\">\n\t\t\t\t\t\t\t\t\t\t\t\t\t\t\t<img decoding=\"async\" width=\"1024\" height=\"299\" src=\"https:\/\/locket-transport.com\/wp-content\/uploads\/2024\/07\/locketTransport_logoTxtGraphisme2-1024x299.png\" class=\"attachment-large size-large wp-image-233\" alt=\"\" srcset=\"https:\/\/locket-transport.com\/wp-content\/uploads\/2024\/07\/locketTransport_logoTxtGraphisme2-1024x299.png 1024w, https:\/\/locket-transport.com\/wp-content\/uploads\/2024\/07\/locketTransport_logoTxtGraphisme2-300x88.png 300w, https:\/\/locket-transport.com\/wp-content\/uploads\/2024\/07\/locketTransport_logoTxtGraphisme2-768x225.png 768w, https:\/\/locket-transport.com\/wp-content\/uploads\/2024\/07\/locketTransport_logoTxtGraphisme2-1536x449.png 1536w, https:\/\/locket-transport.com\/wp-content\/uploads\/2024\/07\/locketTransport_logoTxtGraphisme2-2048x599.png 2048w, https:\/\/locket-transport.com\/wp-content\/uploads\/2024\/07\/locketTransport_logoTxtGraphisme2-600x175.png 600w\" sizes=\"(max-width: 1024px) 100vw, 1024px\" \/>\t\t\t\t\t\t\t\t\t\t\t\t\t\t\t<\/div>\n\t\t\t\t<\/div>\n\t\t\t\t<\/div>\n\t\t<div class=\"elementor-element elementor-element-424ea1b e-con-full e-flex e-con e-child\" data-id=\"424ea1b\" data-element_type=\"container\">\n\t\t\t\t<div class=\"elementor-element elementor-element-b9efac6 elementor-widget elementor-widget-text-editor\" data-id=\"b9efac6\" data-element_type=\"widget\" data-widget_type=\"text-editor.default\">\n\t\t\t\t<div class=\"elementor-widget-container\">\n\t\t\t\t\t\t\t\t\t<p><strong>Locket Transport, l&rsquo;expert de vos transports quotidiens.<\/strong><\/p>\t\t\t\t\t\t\t\t<\/div>\n\t\t\t\t<\/div>\n\t\t\t\t<\/div>\n\t\t\t\t\t<\/div>\n\t\t\t\t<\/div>\n\t\t\t\t<\/div>\n\t\t\t\t\t<\/div>\n\t\t\t\t<\/div>\n\t\t<div class=\"elementor-element elementor-element-589c642 e-flex e-con-boxed e-con e-parent\" data-id=\"589c642\" data-element_type=\"container\">\n\t\t\t\t\t<div class=\"e-con-inner\">\n\t\t\t\t<div class=\"elementor-element elementor-element-0c82892 elementor-widget elementor-widget-spacer\" data-id=\"0c82892\" data-element_type=\"widget\" data-widget_type=\"spacer.default\">\n\t\t\t\t<div class=\"elementor-widget-container\">\n\t\t\t\t\t\t\t<div class=\"elementor-spacer\">\n\t\t\t<div class=\"elementor-spacer-inner\"><\/div>\n\t\t<\/div>\n\t\t\t\t\t\t<\/div>\n\t\t\t\t<\/div>\n\t\t\t\t\t<\/div>\n\t\t\t\t<\/div>\n\t\t\t\t<\/div>\n\t\t","protected":false},"excerpt":{"rendered":"<p>Quelles sont les d\u00e9marches administratives \u00e0 effectuer pour un transport exceptionnel ? Chez Locket Transport, nous ma\u00eetrisons l\u2019ensemble des proc\u00e9dures&#8230;<\/p>\n","protected":false},"author":1,"featured_media":1388,"parent":1713,"menu_order":0,"comment_status":"closed","ping_status":"closed","template":"","meta":{"footnotes":""},"class_list":["post-1835","page","type-page","status-publish","has-post-thumbnail","hentry"],"yoast_head":"<!-- This site is optimized with the Yoast SEO plugin v25.9 - https:\/\/yoast.com\/wordpress\/plugins\/seo\/ -->\n<title>Les d\u00e9marches administratives pour le transport exceptionnel - LOCKET Transport<\/title>\n<meta name=\"description\" content=\"Locket Transport vous explique et vous accompagne dans d\u00e9marches administratives d&#039;un transport exceptionnel.\" \/>\n<meta name=\"robots\" content=\"index, follow, max-snippet:-1, max-image-preview:large, max-video-preview:-1\" \/>\n<link rel=\"canonical\" href=\"https:\/\/locket-transport.com\/index.php\/transport-industriel-fonctionnement\/demarches-administratives-transport-exceptionnel\/\" \/>\n<meta property=\"og:locale\" content=\"fr_FR\" \/>\n<meta property=\"og:type\" content=\"article\" \/>\n<meta property=\"og:title\" content=\"Les d\u00e9marches administratives pour le transport exceptionnel - LOCKET Transport\" \/>\n<meta property=\"og:description\" content=\"Locket Transport vous explique et vous accompagne dans d\u00e9marches administratives d&#039;un transport exceptionnel.\" \/>\n<meta property=\"og:url\" content=\"https:\/\/locket-transport.com\/index.php\/transport-industriel-fonctionnement\/demarches-administratives-transport-exceptionnel\/\" \/>\n<meta property=\"og:site_name\" content=\"LOCKET Transport\" \/>\n<meta property=\"article:modified_time\" content=\"2025-03-04T14:43:30+00:00\" \/>\n<meta property=\"og:image\" content=\"https:\/\/locket-transport.com\/wp-content\/uploads\/2024\/12\/planification-trasnport.jpg\" \/>\n\t<meta property=\"og:image:width\" content=\"1280\" \/>\n\t<meta property=\"og:image:height\" content=\"854\" \/>\n\t<meta property=\"og:image:type\" content=\"image\/jpeg\" \/>\n<meta name=\"twitter:card\" content=\"summary_large_image\" \/>\n<meta name=\"twitter:label1\" content=\"Dur\u00e9e de lecture estim\u00e9e\" \/>\n\t<meta name=\"twitter:data1\" content=\"2 minutes\" \/>\n<script type=\"application\/ld+json\" class=\"yoast-schema-graph\">{\"@context\":\"https:\/\/schema.org\",\"@graph\":[{\"@type\":\"WebPage\",\"@id\":\"https:\/\/locket-transport.com\/index.php\/transport-industriel-fonctionnement\/demarches-administratives-transport-exceptionnel\/\",\"url\":\"https:\/\/locket-transport.com\/index.php\/transport-industriel-fonctionnement\/demarches-administratives-transport-exceptionnel\/\",\"name\":\"Les d\u00e9marches administratives pour le transport exceptionnel - LOCKET Transport\",\"isPartOf\":{\"@id\":\"https:\/\/locket-transport.com\/#website\"},\"primaryImageOfPage\":{\"@id\":\"https:\/\/locket-transport.com\/index.php\/transport-industriel-fonctionnement\/demarches-administratives-transport-exceptionnel\/#primaryimage\"},\"image\":{\"@id\":\"https:\/\/locket-transport.com\/index.php\/transport-industriel-fonctionnement\/demarches-administratives-transport-exceptionnel\/#primaryimage\"},\"thumbnailUrl\":\"https:\/\/locket-transport.com\/wp-content\/uploads\/2024\/12\/planification-trasnport.jpg\",\"datePublished\":\"2025-03-04T14:34:13+00:00\",\"dateModified\":\"2025-03-04T14:43:30+00:00\",\"description\":\"Locket Transport vous explique et vous accompagne dans d\u00e9marches administratives d'un transport exceptionnel.\",\"breadcrumb\":{\"@id\":\"https:\/\/locket-transport.com\/index.php\/transport-industriel-fonctionnement\/demarches-administratives-transport-exceptionnel\/#breadcrumb\"},\"inLanguage\":\"fr-FR\",\"potentialAction\":[{\"@type\":\"ReadAction\",\"target\":[\"https:\/\/locket-transport.com\/index.php\/transport-industriel-fonctionnement\/demarches-administratives-transport-exceptionnel\/\"]}]},{\"@type\":\"ImageObject\",\"inLanguage\":\"fr-FR\",\"@id\":\"https:\/\/locket-transport.com\/index.php\/transport-industriel-fonctionnement\/demarches-administratives-transport-exceptionnel\/#primaryimage\",\"url\":\"https:\/\/locket-transport.com\/wp-content\/uploads\/2024\/12\/planification-trasnport.jpg\",\"contentUrl\":\"https:\/\/locket-transport.com\/wp-content\/uploads\/2024\/12\/planification-trasnport.jpg\",\"width\":1280,\"height\":854,\"caption\":\"Des hommes \u00e9changeant sur les complexit\u00e9s du transport \u00e0 r\u00e9aliser\"},{\"@type\":\"BreadcrumbList\",\"@id\":\"https:\/\/locket-transport.com\/index.php\/transport-industriel-fonctionnement\/demarches-administratives-transport-exceptionnel\/#breadcrumb\",\"itemListElement\":[{\"@type\":\"ListItem\",\"position\":1,\"name\":\"Accueil\",\"item\":\"https:\/\/locket-transport.com\/\"},{\"@type\":\"ListItem\",\"position\":2,\"name\":\"Transport industriel : termes &amp; fonctionnement\",\"item\":\"https:\/\/locket-transport.com\/index.php\/transport-industriel-fonctionnement\/\"},{\"@type\":\"ListItem\",\"position\":3,\"name\":\"Quelles sont les d\u00e9marches administratives \u00e0 effectuer pour un transport exceptionnel ?\"}]},{\"@type\":\"WebSite\",\"@id\":\"https:\/\/locket-transport.com\/#website\",\"url\":\"https:\/\/locket-transport.com\/\",\"name\":\"LOCKET Transport\",\"description\":\"Le sp\u00e9cialiste qui d\u00e9place vos envies !\",\"publisher\":{\"@id\":\"https:\/\/locket-transport.com\/#organization\"},\"potentialAction\":[{\"@type\":\"SearchAction\",\"target\":{\"@type\":\"EntryPoint\",\"urlTemplate\":\"https:\/\/locket-transport.com\/?s={search_term_string}\"},\"query-input\":{\"@type\":\"PropertyValueSpecification\",\"valueRequired\":true,\"valueName\":\"search_term_string\"}}],\"inLanguage\":\"fr-FR\"},{\"@type\":\"Organization\",\"@id\":\"https:\/\/locket-transport.com\/#organization\",\"name\":\"LOCKET Transport\",\"url\":\"https:\/\/locket-transport.com\/\",\"logo\":{\"@type\":\"ImageObject\",\"inLanguage\":\"fr-FR\",\"@id\":\"https:\/\/locket-transport.com\/#\/schema\/logo\/image\/\",\"url\":\"https:\/\/locket-transport.com\/wp-content\/uploads\/2024\/07\/cropped-locketTransport_logoTxtGraphisme1-2.png\",\"contentUrl\":\"https:\/\/locket-transport.com\/wp-content\/uploads\/2024\/07\/cropped-locketTransport_logoTxtGraphisme1-2.png\",\"width\":1273,\"height\":1102,\"caption\":\"LOCKET Transport\"},\"image\":{\"@id\":\"https:\/\/locket-transport.com\/#\/schema\/logo\/image\/\"}}]}<\/script>\n<!-- \/ Yoast SEO plugin. -->","yoast_head_json":{"title":"Les d\u00e9marches administratives pour le transport exceptionnel - LOCKET Transport","description":"Locket Transport vous explique et vous accompagne dans d\u00e9marches administratives d'un transport exceptionnel.","robots":{"index":"index","follow":"follow","max-snippet":"max-snippet:-1","max-image-preview":"max-image-preview:large","max-video-preview":"max-video-preview:-1"},"canonical":"https:\/\/locket-transport.com\/index.php\/transport-industriel-fonctionnement\/demarches-administratives-transport-exceptionnel\/","og_locale":"fr_FR","og_type":"article","og_title":"Les d\u00e9marches administratives pour le transport exceptionnel - LOCKET Transport","og_description":"Locket Transport vous explique et vous accompagne dans d\u00e9marches administratives d'un transport exceptionnel.","og_url":"https:\/\/locket-transport.com\/index.php\/transport-industriel-fonctionnement\/demarches-administratives-transport-exceptionnel\/","og_site_name":"LOCKET Transport","article_modified_time":"2025-03-04T14:43:30+00:00","og_image":[{"width":1280,"height":854,"url":"https:\/\/locket-transport.com\/wp-content\/uploads\/2024\/12\/planification-trasnport.jpg","type":"image\/jpeg"}],"twitter_card":"summary_large_image","twitter_misc":{"Dur\u00e9e de lecture estim\u00e9e":"2 minutes"},"schema":{"@context":"https:\/\/schema.org","@graph":[{"@type":"WebPage","@id":"https:\/\/locket-transport.com\/index.php\/transport-industriel-fonctionnement\/demarches-administratives-transport-exceptionnel\/","url":"https:\/\/locket-transport.com\/index.php\/transport-industriel-fonctionnement\/demarches-administratives-transport-exceptionnel\/","name":"Les d\u00e9marches administratives pour le transport exceptionnel - LOCKET Transport","isPartOf":{"@id":"https:\/\/locket-transport.com\/#website"},"primaryImageOfPage":{"@id":"https:\/\/locket-transport.com\/index.php\/transport-industriel-fonctionnement\/demarches-administratives-transport-exceptionnel\/#primaryimage"},"image":{"@id":"https:\/\/locket-transport.com\/index.php\/transport-industriel-fonctionnement\/demarches-administratives-transport-exceptionnel\/#primaryimage"},"thumbnailUrl":"https:\/\/locket-transport.com\/wp-content\/uploads\/2024\/12\/planification-trasnport.jpg","datePublished":"2025-03-04T14:34:13+00:00","dateModified":"2025-03-04T14:43:30+00:00","description":"Locket Transport vous explique et vous accompagne dans d\u00e9marches administratives d'un transport exceptionnel.","breadcrumb":{"@id":"https:\/\/locket-transport.com\/index.php\/transport-industriel-fonctionnement\/demarches-administratives-transport-exceptionnel\/#breadcrumb"},"inLanguage":"fr-FR","potentialAction":[{"@type":"ReadAction","target":["https:\/\/locket-transport.com\/index.php\/transport-industriel-fonctionnement\/demarches-administratives-transport-exceptionnel\/"]}]},{"@type":"ImageObject","inLanguage":"fr-FR","@id":"https:\/\/locket-transport.com\/index.php\/transport-industriel-fonctionnement\/demarches-administratives-transport-exceptionnel\/#primaryimage","url":"https:\/\/locket-transport.com\/wp-content\/uploads\/2024\/12\/planification-trasnport.jpg","contentUrl":"https:\/\/locket-transport.com\/wp-content\/uploads\/2024\/12\/planification-trasnport.jpg","width":1280,"height":854,"caption":"Des hommes \u00e9changeant sur les complexit\u00e9s du transport \u00e0 r\u00e9aliser"},{"@type":"BreadcrumbList","@id":"https:\/\/locket-transport.com\/index.php\/transport-industriel-fonctionnement\/demarches-administratives-transport-exceptionnel\/#breadcrumb","itemListElement":[{"@type":"ListItem","position":1,"name":"Accueil","item":"https:\/\/locket-transport.com\/"},{"@type":"ListItem","position":2,"name":"Transport industriel : termes &amp; fonctionnement","item":"https:\/\/locket-transport.com\/index.php\/transport-industriel-fonctionnement\/"},{"@type":"ListItem","position":3,"name":"Quelles sont les d\u00e9marches administratives \u00e0 effectuer pour un transport exceptionnel ?"}]},{"@type":"WebSite","@id":"https:\/\/locket-transport.com\/#website","url":"https:\/\/locket-transport.com\/","name":"LOCKET Transport","description":"Le sp\u00e9cialiste qui d\u00e9place vos envies !","publisher":{"@id":"https:\/\/locket-transport.com\/#organization"},"potentialAction":[{"@type":"SearchAction","target":{"@type":"EntryPoint","urlTemplate":"https:\/\/locket-transport.com\/?s={search_term_string}"},"query-input":{"@type":"PropertyValueSpecification","valueRequired":true,"valueName":"search_term_string"}}],"inLanguage":"fr-FR"},{"@type":"Organization","@id":"https:\/\/locket-transport.com\/#organization","name":"LOCKET Transport","url":"https:\/\/locket-transport.com\/","logo":{"@type":"ImageObject","inLanguage":"fr-FR","@id":"https:\/\/locket-transport.com\/#\/schema\/logo\/image\/","url":"https:\/\/locket-transport.com\/wp-content\/uploads\/2024\/07\/cropped-locketTransport_logoTxtGraphisme1-2.png","contentUrl":"https:\/\/locket-transport.com\/wp-content\/uploads\/2024\/07\/cropped-locketTransport_logoTxtGraphisme1-2.png","width":1273,"height":1102,"caption":"LOCKET Transport"},"image":{"@id":"https:\/\/locket-transport.com\/#\/schema\/logo\/image\/"}}]}},"_links":{"self":[{"href":"https:\/\/locket-transport.com\/index.php\/wp-json\/wp\/v2\/pages\/1835","targetHints":{"allow":["GET"]}}],"collection":[{"href":"https:\/\/locket-transport.com\/index.php\/wp-json\/wp\/v2\/pages"}],"about":[{"href":"https:\/\/locket-transport.com\/index.php\/wp-json\/wp\/v2\/types\/page"}],"author":[{"embeddable":true,"href":"https:\/\/locket-transport.com\/index.php\/wp-json\/wp\/v2\/users\/1"}],"replies":[{"embeddable":true,"href":"https:\/\/locket-transport.com\/index.php\/wp-json\/wp\/v2\/comments?post=1835"}],"version-history":[{"count":7,"href":"https:\/\/locket-transport.com\/index.php\/wp-json\/wp\/v2\/pages\/1835\/revisions"}],"predecessor-version":[{"id":1843,"href":"https:\/\/locket-transport.com\/index.php\/wp-json\/wp\/v2\/pages\/1835\/revisions\/1843"}],"up":[{"embeddable":true,"href":"https:\/\/locket-transport.com\/index.php\/wp-json\/wp\/v2\/pages\/1713"}],"wp:featuredmedia":[{"embeddable":true,"href":"https:\/\/locket-transport.com\/index.php\/wp-json\/wp\/v2\/media\/1388"}],"wp:attachment":[{"href":"https:\/\/locket-transport.com\/index.php\/wp-json\/wp\/v2\/media?parent=1835"}],"curies":[{"name":"wp","href":"https:\/\/api.w.org\/{rel}","templated":true}]}}