{"id":1885,"date":"2025-03-05T15:34:53","date_gmt":"2025-03-05T14:34:53","guid":{"rendered":"https:\/\/locket-transport.com\/?page_id=1885"},"modified":"2025-03-05T15:57:43","modified_gmt":"2025-03-05T14:57:43","slug":"chariot-embarque","status":"publish","type":"page","link":"https:\/\/locket-transport.com\/index.php\/transport-industriel-fonctionnement\/chariot-embarque\/","title":{"rendered":"Qu&rsquo;est-ce qu&rsquo;un chariot embarqu\u00e9 ?"},"content":{"rendered":"\t\t<div data-elementor-type=\"wp-page\" data-elementor-id=\"1885\" class=\"elementor elementor-1885\">\n\t\t\t\t<div class=\"elementor-element elementor-element-e93ef67 e-flex e-con-boxed e-con e-parent\" data-id=\"e93ef67\" data-element_type=\"container\">\n\t\t\t\t\t<div class=\"e-con-inner\">\n\t\t\t\t<div class=\"elementor-element elementor-element-1105010 elementor-widget elementor-widget-spacer\" data-id=\"1105010\" data-element_type=\"widget\" data-widget_type=\"spacer.default\">\n\t\t\t\t<div class=\"elementor-widget-container\">\n\t\t\t\t\t\t\t<div class=\"elementor-spacer\">\n\t\t\t<div class=\"elementor-spacer-inner\"><\/div>\n\t\t<\/div>\n\t\t\t\t\t\t<\/div>\n\t\t\t\t<\/div>\n\t\t\t\t\t<\/div>\n\t\t\t\t<\/div>\n\t\t<div class=\"elementor-element elementor-element-b3e576f e-flex e-con-boxed e-con e-parent\" data-id=\"b3e576f\" data-element_type=\"container\">\n\t\t\t\t\t<div class=\"e-con-inner\">\n\t\t<div class=\"elementor-element elementor-element-9e1471e e-flex e-con-boxed e-con e-child\" data-id=\"9e1471e\" data-element_type=\"container\">\n\t\t\t\t\t<div class=\"e-con-inner\">\n\t\t\t\t<div class=\"elementor-element elementor-element-fd7f0c5 elementor-widget elementor-widget-heading\" data-id=\"fd7f0c5\" data-element_type=\"widget\" data-widget_type=\"heading.default\">\n\t\t\t\t<div class=\"elementor-widget-container\">\n\t\t\t\t\t<h1 class=\"elementor-heading-title elementor-size-default\">Qu'est-ce qu'un chariot embarqu\u00e9 ?<\/h1>\t\t\t\t<\/div>\n\t\t\t\t<\/div>\n\t\t\t\t\t<\/div>\n\t\t\t\t<\/div>\n\t\t\t\t\t<\/div>\n\t\t\t\t<\/div>\n\t\t<div class=\"elementor-element elementor-element-8ffa0b8 e-flex e-con-boxed e-con e-parent\" data-id=\"8ffa0b8\" data-element_type=\"container\">\n\t\t\t\t\t<div class=\"e-con-inner\">\n\t\t\t\t<div class=\"elementor-element elementor-element-fd8440f elementor-widget elementor-widget-text-editor\" data-id=\"fd8440f\" data-element_type=\"widget\" data-widget_type=\"text-editor.default\">\n\t\t\t\t<div class=\"elementor-widget-container\">\n\t\t\t\t\t\t\t\t\t<p>Le <strong>chariot embarqu\u00e9<\/strong> : une solution pratique et s\u00e9curis\u00e9e pour les livraisons.<\/p><p>Chez <a href=\"https:\/\/locket-transport.com\/\">Locket Transport<\/a>, nous mettons un point d&rsquo;honneur \u00e0 optimiser nos op\u00e9rations de transport afin de garantir un service fiable et efficace.<\/p><p>C\u2019est pourquoi nous utilisons des chariots embarqu\u00e9s, des \u00e9quipements essentiels pour assurer des livraisons en toute <strong>s\u00e9curit\u00e9<\/strong>, notamment sur des sites d\u00e9pourvus de <strong>moyens de d\u00e9chargement<\/strong>.<\/p><p>Un chariot embarqu\u00e9 est un <strong>chariot \u00e9l\u00e9vateur<\/strong> compact fix\u00e9 \u00e0 l\u2019arri\u00e8re d\u2019un semi-remorque. Il est compos\u00e9 d\u2019un moteur thermique ou \u00e9lectrique, d\u2019un m\u00e2t de levage, de <strong>fourches r\u00e9glables<\/strong> et d\u2019un syst\u00e8me de fixation s\u00e9curis\u00e9 permettant son transport sans encombre.<\/p><p>Gr\u00e2ce \u00e0 sa conception robuste et maniable, il permet de manipuler des<strong> charges lourdes et volumineuses<\/strong>, m\u00eame sur terrains accident\u00e9s.<\/p>\t\t\t\t\t\t\t\t<\/div>\n\t\t\t\t<\/div>\n\t\t\t\t\t<\/div>\n\t\t\t\t<\/div>\n\t\t<div class=\"elementor-element elementor-element-4b606ad e-flex e-con-boxed e-con e-parent\" data-id=\"4b606ad\" data-element_type=\"container\">\n\t\t\t\t\t<div class=\"e-con-inner\">\n\t\t\t\t<div class=\"elementor-element elementor-element-c103fb2 elementor-widget elementor-widget-image\" data-id=\"c103fb2\" data-element_type=\"widget\" data-widget_type=\"image.default\">\n\t\t\t\t<div class=\"elementor-widget-container\">\n\t\t\t\t\t\t\t\t\t\t\t\t\t\t\t<img fetchpriority=\"high\" decoding=\"async\" width=\"1024\" height=\"577\" src=\"https:\/\/locket-transport.com\/wp-content\/uploads\/2025\/03\/truck-6488011_1280-1024x577.jpg\" class=\"attachment-large size-large wp-image-1887\" alt=\"Chargement de marchandises gr\u00e2ce \u00e0 un chariot embarqu\u00e9\" srcset=\"https:\/\/locket-transport.com\/wp-content\/uploads\/2025\/03\/truck-6488011_1280-1024x577.jpg 1024w, https:\/\/locket-transport.com\/wp-content\/uploads\/2025\/03\/truck-6488011_1280-300x169.jpg 300w, https:\/\/locket-transport.com\/wp-content\/uploads\/2025\/03\/truck-6488011_1280-768x433.jpg 768w, https:\/\/locket-transport.com\/wp-content\/uploads\/2025\/03\/truck-6488011_1280.jpg 1280w\" sizes=\"(max-width: 1024px) 100vw, 1024px\" \/>\t\t\t\t\t\t\t\t\t\t\t\t\t\t\t<\/div>\n\t\t\t\t<\/div>\n\t\t\t\t\t<\/div>\n\t\t\t\t<\/div>\n\t\t<div class=\"elementor-element elementor-element-88f3b3f e-flex e-con-boxed e-con e-parent\" data-id=\"88f3b3f\" data-element_type=\"container\">\n\t\t\t\t\t<div class=\"e-con-inner\">\n\t\t\t\t<div class=\"elementor-element elementor-element-0c377b7 elementor-widget elementor-widget-text-editor\" data-id=\"0c377b7\" data-element_type=\"widget\" data-widget_type=\"text-editor.default\">\n\t\t\t\t<div class=\"elementor-widget-container\">\n\t\t\t\t\t\t\t\t\t<p>Son utilisation est id\u00e9ale dans des secteurs comme la <strong>construction<\/strong>, l\u2019agroalimentaire ou le n\u00e9goce de mat\u00e9riaux, o\u00f9 les points de livraison ne sont pas toujours \u00e9quip\u00e9s de <strong>quais<\/strong>.<\/p><p>Il permet de gagner un temps pr\u00e9cieux en offrant une autonomie totale au chauffeur-livreur, qui peut ainsi charger et <strong>d\u00e9charger sans assistance ext\u00e9rieure<\/strong>.<\/p><p>Le <strong>chariot embarqu\u00e9<\/strong> est un v\u00e9ritable atout pour les transporteurs, en compl\u00e9tant efficacement leurs services. Il simplifie consid\u00e9rablement les op\u00e9rations de livraison en garantissant un <a href=\"https:\/\/locket-transport.com\/index.php\/transport-levage\/transport-manutention-levage\/\">d\u00e9chargement rapide et s\u00e9curis\u00e9<\/a>.<\/p>\t\t\t\t\t\t\t\t<\/div>\n\t\t\t\t<\/div>\n\t\t\t\t\t<\/div>\n\t\t\t\t<\/div>\n\t\t<div class=\"elementor-element elementor-element-57493d0 e-flex e-con-boxed e-con e-parent\" data-id=\"57493d0\" data-element_type=\"container\" data-settings=\"{&quot;background_background&quot;:&quot;classic&quot;}\">\n\t\t\t\t\t<div class=\"e-con-inner\">\n\t\t<div class=\"elementor-element elementor-element-4271955 e-con-full e-flex e-con e-child\" data-id=\"4271955\" data-element_type=\"container\" data-settings=\"{&quot;background_background&quot;:&quot;classic&quot;}\">\n\t\t\t\t<div class=\"elementor-element elementor-element-5f5375f elementor-widget elementor-widget-heading\" data-id=\"5f5375f\" data-element_type=\"widget\" data-widget_type=\"heading.default\">\n\t\t\t\t<div class=\"elementor-widget-container\">\n\t\t\t\t\t<h5 class=\"elementor-heading-title elementor-size-default\">Contactez-nous ! <\/h5>\t\t\t\t<\/div>\n\t\t\t\t<\/div>\n\t\t<div class=\"elementor-element elementor-element-70ff188 e-con-full e-flex e-con e-child\" data-id=\"70ff188\" data-element_type=\"container\">\n\t\t\t\t<div class=\"elementor-element elementor-element-158dc1e elementor-widget elementor-widget-text-editor\" data-id=\"158dc1e\" data-element_type=\"widget\" data-widget_type=\"text-editor.default\">\n\t\t\t\t<div class=\"elementor-widget-container\">\n\t\t\t\t\t\t\t\t\t<p>T\u00e9l : (+33) 06 85 38 38 50<\/p><p>@ : trs.locquet@gmail.com<\/p>\t\t\t\t\t\t\t\t<\/div>\n\t\t\t\t<\/div>\n\t\t\t\t<\/div>\n\t\t<div class=\"elementor-element elementor-element-643f3be e-con-full e-flex e-con e-child\" data-id=\"643f3be\" data-element_type=\"container\">\n\t\t\t\t<div class=\"elementor-element elementor-element-5934660 elementor-align-center elementor-widget elementor-widget-button\" data-id=\"5934660\" data-element_type=\"widget\" data-widget_type=\"button.default\">\n\t\t\t\t<div class=\"elementor-widget-container\">\n\t\t\t\t\t\t\t\t\t<div class=\"elementor-button-wrapper\">\n\t\t\t\t\t<a class=\"elementor-button elementor-button-link elementor-size-sm\" href=\"https:\/\/locket-transport.com\/index.php\/contact\/\">\n\t\t\t\t\t\t<span class=\"elementor-button-content-wrapper\">\n\t\t\t\t\t\t\t\t\t<span class=\"elementor-button-text\">Devis gratuit<\/span>\n\t\t\t\t\t<\/span>\n\t\t\t\t\t<\/a>\n\t\t\t\t<\/div>\n\t\t\t\t\t\t\t\t<\/div>\n\t\t\t\t<\/div>\n\t\t\t\t<\/div>\n\t\t\t\t<\/div>\n\t\t<div class=\"elementor-element elementor-element-f0e270a e-con-full e-flex e-con e-child\" data-id=\"f0e270a\" data-element_type=\"container\" data-settings=\"{&quot;background_background&quot;:&quot;classic&quot;}\">\n\t\t<div class=\"elementor-element elementor-element-74a7410 e-flex e-con-boxed e-con e-child\" data-id=\"74a7410\" data-element_type=\"container\">\n\t\t\t\t\t<div class=\"e-con-inner\">\n\t\t<div class=\"elementor-element elementor-element-2e3f3ed e-con-full e-flex e-con e-child\" data-id=\"2e3f3ed\" data-element_type=\"container\">\n\t\t\t\t<div class=\"elementor-element elementor-element-3dfc3c0 elementor-widget elementor-widget-image\" data-id=\"3dfc3c0\" data-element_type=\"widget\" data-widget_type=\"image.default\">\n\t\t\t\t<div class=\"elementor-widget-container\">\n\t\t\t\t\t\t\t\t\t\t\t\t\t\t\t<img decoding=\"async\" width=\"1024\" height=\"299\" src=\"https:\/\/locket-transport.com\/wp-content\/uploads\/2024\/07\/locketTransport_logoTxtGraphisme2-1024x299.png\" class=\"attachment-large size-large wp-image-233\" alt=\"\" srcset=\"https:\/\/locket-transport.com\/wp-content\/uploads\/2024\/07\/locketTransport_logoTxtGraphisme2-1024x299.png 1024w, https:\/\/locket-transport.com\/wp-content\/uploads\/2024\/07\/locketTransport_logoTxtGraphisme2-300x88.png 300w, https:\/\/locket-transport.com\/wp-content\/uploads\/2024\/07\/locketTransport_logoTxtGraphisme2-768x225.png 768w, https:\/\/locket-transport.com\/wp-content\/uploads\/2024\/07\/locketTransport_logoTxtGraphisme2-1536x449.png 1536w, https:\/\/locket-transport.com\/wp-content\/uploads\/2024\/07\/locketTransport_logoTxtGraphisme2-2048x599.png 2048w, https:\/\/locket-transport.com\/wp-content\/uploads\/2024\/07\/locketTransport_logoTxtGraphisme2-600x175.png 600w\" sizes=\"(max-width: 1024px) 100vw, 1024px\" \/>\t\t\t\t\t\t\t\t\t\t\t\t\t\t\t<\/div>\n\t\t\t\t<\/div>\n\t\t\t\t<\/div>\n\t\t<div class=\"elementor-element elementor-element-8033aad e-con-full e-flex e-con e-child\" data-id=\"8033aad\" data-element_type=\"container\">\n\t\t\t\t<div class=\"elementor-element elementor-element-44b7855 elementor-widget elementor-widget-text-editor\" data-id=\"44b7855\" data-element_type=\"widget\" data-widget_type=\"text-editor.default\">\n\t\t\t\t<div class=\"elementor-widget-container\">\n\t\t\t\t\t\t\t\t\t<p><strong>Locket Transport, l&rsquo;expert de vos transports quotidiens.<\/strong><\/p>\t\t\t\t\t\t\t\t<\/div>\n\t\t\t\t<\/div>\n\t\t\t\t<\/div>\n\t\t\t\t\t<\/div>\n\t\t\t\t<\/div>\n\t\t\t\t<\/div>\n\t\t\t\t\t<\/div>\n\t\t\t\t<\/div>\n\t\t<div class=\"elementor-element elementor-element-4c34925 e-flex e-con-boxed e-con e-parent\" data-id=\"4c34925\" data-element_type=\"container\">\n\t\t\t\t\t<div class=\"e-con-inner\">\n\t\t\t\t<div class=\"elementor-element elementor-element-f465c97 elementor-widget elementor-widget-spacer\" data-id=\"f465c97\" data-element_type=\"widget\" data-widget_type=\"spacer.default\">\n\t\t\t\t<div class=\"elementor-widget-container\">\n\t\t\t\t\t\t\t<div class=\"elementor-spacer\">\n\t\t\t<div class=\"elementor-spacer-inner\"><\/div>\n\t\t<\/div>\n\t\t\t\t\t\t<\/div>\n\t\t\t\t<\/div>\n\t\t\t\t\t<\/div>\n\t\t\t\t<\/div>\n\t\t\t\t<\/div>\n\t\t","protected":false},"excerpt":{"rendered":"<p>Qu&rsquo;est-ce qu&rsquo;un chariot embarqu\u00e9 ? Le chariot embarqu\u00e9 : une solution pratique et s\u00e9curis\u00e9e pour les livraisons. Chez Locket Transport,&#8230;<\/p>\n","protected":false},"author":1,"featured_media":1887,"parent":1713,"menu_order":0,"comment_status":"closed","ping_status":"closed","template":"","meta":{"footnotes":""},"class_list":["post-1885","page","type-page","status-publish","has-post-thumbnail","hentry"],"yoast_head":"<!-- This site is optimized with the Yoast SEO plugin v25.9 - https:\/\/yoast.com\/wordpress\/plugins\/seo\/ -->\n<title>Chariot embarqu\u00e9 sur un camion, \u00e0 quoi \u00e7a sert ? - LOCKET Transport<\/title>\n<meta name=\"description\" content=\"Un chariot embarqu\u00e9 sur un camion est tr\u00e8s utile pour d\u00e9charger les marchandises transport\u00e9es par un transporteur. On vous explique !\" \/>\n<meta name=\"robots\" content=\"index, follow, max-snippet:-1, max-image-preview:large, max-video-preview:-1\" \/>\n<link rel=\"canonical\" href=\"https:\/\/locket-transport.com\/index.php\/transport-industriel-fonctionnement\/chariot-embarque\/\" \/>\n<meta property=\"og:locale\" content=\"fr_FR\" \/>\n<meta property=\"og:type\" content=\"article\" \/>\n<meta property=\"og:title\" content=\"Chariot embarqu\u00e9 sur un camion, \u00e0 quoi \u00e7a sert ? - LOCKET Transport\" \/>\n<meta property=\"og:description\" content=\"Un chariot embarqu\u00e9 sur un camion est tr\u00e8s utile pour d\u00e9charger les marchandises transport\u00e9es par un transporteur. On vous explique !\" \/>\n<meta property=\"og:url\" content=\"https:\/\/locket-transport.com\/index.php\/transport-industriel-fonctionnement\/chariot-embarque\/\" \/>\n<meta property=\"og:site_name\" content=\"LOCKET Transport\" \/>\n<meta property=\"article:modified_time\" content=\"2025-03-05T14:57:43+00:00\" \/>\n<meta property=\"og:image\" content=\"https:\/\/locket-transport.com\/wp-content\/uploads\/2025\/03\/truck-6488011_1280.jpg\" \/>\n\t<meta property=\"og:image:width\" content=\"1280\" \/>\n\t<meta property=\"og:image:height\" content=\"721\" \/>\n\t<meta property=\"og:image:type\" content=\"image\/jpeg\" \/>\n<meta name=\"twitter:card\" content=\"summary_large_image\" \/>\n<meta name=\"twitter:label1\" content=\"Dur\u00e9e de lecture estim\u00e9e\" \/>\n\t<meta name=\"twitter:data1\" content=\"2 minutes\" \/>\n<script type=\"application\/ld+json\" class=\"yoast-schema-graph\">{\"@context\":\"https:\/\/schema.org\",\"@graph\":[{\"@type\":\"WebPage\",\"@id\":\"https:\/\/locket-transport.com\/index.php\/transport-industriel-fonctionnement\/chariot-embarque\/\",\"url\":\"https:\/\/locket-transport.com\/index.php\/transport-industriel-fonctionnement\/chariot-embarque\/\",\"name\":\"Chariot embarqu\u00e9 sur un camion, \u00e0 quoi \u00e7a sert ? - LOCKET Transport\",\"isPartOf\":{\"@id\":\"https:\/\/locket-transport.com\/#website\"},\"primaryImageOfPage\":{\"@id\":\"https:\/\/locket-transport.com\/index.php\/transport-industriel-fonctionnement\/chariot-embarque\/#primaryimage\"},\"image\":{\"@id\":\"https:\/\/locket-transport.com\/index.php\/transport-industriel-fonctionnement\/chariot-embarque\/#primaryimage\"},\"thumbnailUrl\":\"https:\/\/locket-transport.com\/wp-content\/uploads\/2025\/03\/truck-6488011_1280.jpg\",\"datePublished\":\"2025-03-05T14:34:53+00:00\",\"dateModified\":\"2025-03-05T14:57:43+00:00\",\"description\":\"Un chariot embarqu\u00e9 sur un camion est tr\u00e8s utile pour d\u00e9charger les marchandises transport\u00e9es par un transporteur. On vous explique !\",\"breadcrumb\":{\"@id\":\"https:\/\/locket-transport.com\/index.php\/transport-industriel-fonctionnement\/chariot-embarque\/#breadcrumb\"},\"inLanguage\":\"fr-FR\",\"potentialAction\":[{\"@type\":\"ReadAction\",\"target\":[\"https:\/\/locket-transport.com\/index.php\/transport-industriel-fonctionnement\/chariot-embarque\/\"]}]},{\"@type\":\"ImageObject\",\"inLanguage\":\"fr-FR\",\"@id\":\"https:\/\/locket-transport.com\/index.php\/transport-industriel-fonctionnement\/chariot-embarque\/#primaryimage\",\"url\":\"https:\/\/locket-transport.com\/wp-content\/uploads\/2025\/03\/truck-6488011_1280.jpg\",\"contentUrl\":\"https:\/\/locket-transport.com\/wp-content\/uploads\/2025\/03\/truck-6488011_1280.jpg\",\"width\":1280,\"height\":721,\"caption\":\"Chargement de marchandises gr\u00e2ce \u00e0 un chariot embarqu\u00e9\"},{\"@type\":\"BreadcrumbList\",\"@id\":\"https:\/\/locket-transport.com\/index.php\/transport-industriel-fonctionnement\/chariot-embarque\/#breadcrumb\",\"itemListElement\":[{\"@type\":\"ListItem\",\"position\":1,\"name\":\"Accueil\",\"item\":\"https:\/\/locket-transport.com\/\"},{\"@type\":\"ListItem\",\"position\":2,\"name\":\"Transport industriel : termes &amp; fonctionnement\",\"item\":\"https:\/\/locket-transport.com\/index.php\/transport-industriel-fonctionnement\/\"},{\"@type\":\"ListItem\",\"position\":3,\"name\":\"Qu&rsquo;est-ce qu&rsquo;un chariot embarqu\u00e9 ?\"}]},{\"@type\":\"WebSite\",\"@id\":\"https:\/\/locket-transport.com\/#website\",\"url\":\"https:\/\/locket-transport.com\/\",\"name\":\"LOCKET Transport\",\"description\":\"Le sp\u00e9cialiste qui d\u00e9place vos envies !\",\"publisher\":{\"@id\":\"https:\/\/locket-transport.com\/#organization\"},\"potentialAction\":[{\"@type\":\"SearchAction\",\"target\":{\"@type\":\"EntryPoint\",\"urlTemplate\":\"https:\/\/locket-transport.com\/?s={search_term_string}\"},\"query-input\":{\"@type\":\"PropertyValueSpecification\",\"valueRequired\":true,\"valueName\":\"search_term_string\"}}],\"inLanguage\":\"fr-FR\"},{\"@type\":\"Organization\",\"@id\":\"https:\/\/locket-transport.com\/#organization\",\"name\":\"LOCKET Transport\",\"url\":\"https:\/\/locket-transport.com\/\",\"logo\":{\"@type\":\"ImageObject\",\"inLanguage\":\"fr-FR\",\"@id\":\"https:\/\/locket-transport.com\/#\/schema\/logo\/image\/\",\"url\":\"https:\/\/locket-transport.com\/wp-content\/uploads\/2024\/07\/cropped-locketTransport_logoTxtGraphisme1-2.png\",\"contentUrl\":\"https:\/\/locket-transport.com\/wp-content\/uploads\/2024\/07\/cropped-locketTransport_logoTxtGraphisme1-2.png\",\"width\":1273,\"height\":1102,\"caption\":\"LOCKET Transport\"},\"image\":{\"@id\":\"https:\/\/locket-transport.com\/#\/schema\/logo\/image\/\"}}]}<\/script>\n<!-- \/ Yoast SEO plugin. -->","yoast_head_json":{"title":"Chariot embarqu\u00e9 sur un camion, \u00e0 quoi \u00e7a sert ? - LOCKET Transport","description":"Un chariot embarqu\u00e9 sur un camion est tr\u00e8s utile pour d\u00e9charger les marchandises transport\u00e9es par un transporteur. On vous explique !","robots":{"index":"index","follow":"follow","max-snippet":"max-snippet:-1","max-image-preview":"max-image-preview:large","max-video-preview":"max-video-preview:-1"},"canonical":"https:\/\/locket-transport.com\/index.php\/transport-industriel-fonctionnement\/chariot-embarque\/","og_locale":"fr_FR","og_type":"article","og_title":"Chariot embarqu\u00e9 sur un camion, \u00e0 quoi \u00e7a sert ? - LOCKET Transport","og_description":"Un chariot embarqu\u00e9 sur un camion est tr\u00e8s utile pour d\u00e9charger les marchandises transport\u00e9es par un transporteur. On vous explique !","og_url":"https:\/\/locket-transport.com\/index.php\/transport-industriel-fonctionnement\/chariot-embarque\/","og_site_name":"LOCKET Transport","article_modified_time":"2025-03-05T14:57:43+00:00","og_image":[{"width":1280,"height":721,"url":"https:\/\/locket-transport.com\/wp-content\/uploads\/2025\/03\/truck-6488011_1280.jpg","type":"image\/jpeg"}],"twitter_card":"summary_large_image","twitter_misc":{"Dur\u00e9e de lecture estim\u00e9e":"2 minutes"},"schema":{"@context":"https:\/\/schema.org","@graph":[{"@type":"WebPage","@id":"https:\/\/locket-transport.com\/index.php\/transport-industriel-fonctionnement\/chariot-embarque\/","url":"https:\/\/locket-transport.com\/index.php\/transport-industriel-fonctionnement\/chariot-embarque\/","name":"Chariot embarqu\u00e9 sur un camion, \u00e0 quoi \u00e7a sert ? - LOCKET Transport","isPartOf":{"@id":"https:\/\/locket-transport.com\/#website"},"primaryImageOfPage":{"@id":"https:\/\/locket-transport.com\/index.php\/transport-industriel-fonctionnement\/chariot-embarque\/#primaryimage"},"image":{"@id":"https:\/\/locket-transport.com\/index.php\/transport-industriel-fonctionnement\/chariot-embarque\/#primaryimage"},"thumbnailUrl":"https:\/\/locket-transport.com\/wp-content\/uploads\/2025\/03\/truck-6488011_1280.jpg","datePublished":"2025-03-05T14:34:53+00:00","dateModified":"2025-03-05T14:57:43+00:00","description":"Un chariot embarqu\u00e9 sur un camion est tr\u00e8s utile pour d\u00e9charger les marchandises transport\u00e9es par un transporteur. On vous explique !","breadcrumb":{"@id":"https:\/\/locket-transport.com\/index.php\/transport-industriel-fonctionnement\/chariot-embarque\/#breadcrumb"},"inLanguage":"fr-FR","potentialAction":[{"@type":"ReadAction","target":["https:\/\/locket-transport.com\/index.php\/transport-industriel-fonctionnement\/chariot-embarque\/"]}]},{"@type":"ImageObject","inLanguage":"fr-FR","@id":"https:\/\/locket-transport.com\/index.php\/transport-industriel-fonctionnement\/chariot-embarque\/#primaryimage","url":"https:\/\/locket-transport.com\/wp-content\/uploads\/2025\/03\/truck-6488011_1280.jpg","contentUrl":"https:\/\/locket-transport.com\/wp-content\/uploads\/2025\/03\/truck-6488011_1280.jpg","width":1280,"height":721,"caption":"Chargement de marchandises gr\u00e2ce \u00e0 un chariot embarqu\u00e9"},{"@type":"BreadcrumbList","@id":"https:\/\/locket-transport.com\/index.php\/transport-industriel-fonctionnement\/chariot-embarque\/#breadcrumb","itemListElement":[{"@type":"ListItem","position":1,"name":"Accueil","item":"https:\/\/locket-transport.com\/"},{"@type":"ListItem","position":2,"name":"Transport industriel : termes &amp; fonctionnement","item":"https:\/\/locket-transport.com\/index.php\/transport-industriel-fonctionnement\/"},{"@type":"ListItem","position":3,"name":"Qu&rsquo;est-ce qu&rsquo;un chariot embarqu\u00e9 ?"}]},{"@type":"WebSite","@id":"https:\/\/locket-transport.com\/#website","url":"https:\/\/locket-transport.com\/","name":"LOCKET Transport","description":"Le sp\u00e9cialiste qui d\u00e9place vos envies !","publisher":{"@id":"https:\/\/locket-transport.com\/#organization"},"potentialAction":[{"@type":"SearchAction","target":{"@type":"EntryPoint","urlTemplate":"https:\/\/locket-transport.com\/?s={search_term_string}"},"query-input":{"@type":"PropertyValueSpecification","valueRequired":true,"valueName":"search_term_string"}}],"inLanguage":"fr-FR"},{"@type":"Organization","@id":"https:\/\/locket-transport.com\/#organization","name":"LOCKET Transport","url":"https:\/\/locket-transport.com\/","logo":{"@type":"ImageObject","inLanguage":"fr-FR","@id":"https:\/\/locket-transport.com\/#\/schema\/logo\/image\/","url":"https:\/\/locket-transport.com\/wp-content\/uploads\/2024\/07\/cropped-locketTransport_logoTxtGraphisme1-2.png","contentUrl":"https:\/\/locket-transport.com\/wp-content\/uploads\/2024\/07\/cropped-locketTransport_logoTxtGraphisme1-2.png","width":1273,"height":1102,"caption":"LOCKET Transport"},"image":{"@id":"https:\/\/locket-transport.com\/#\/schema\/logo\/image\/"}}]}},"_links":{"self":[{"href":"https:\/\/locket-transport.com\/index.php\/wp-json\/wp\/v2\/pages\/1885","targetHints":{"allow":["GET"]}}],"collection":[{"href":"https:\/\/locket-transport.com\/index.php\/wp-json\/wp\/v2\/pages"}],"about":[{"href":"https:\/\/locket-transport.com\/index.php\/wp-json\/wp\/v2\/types\/page"}],"author":[{"embeddable":true,"href":"https:\/\/locket-transport.com\/index.php\/wp-json\/wp\/v2\/users\/1"}],"replies":[{"embeddable":true,"href":"https:\/\/locket-transport.com\/index.php\/wp-json\/wp\/v2\/comments?post=1885"}],"version-history":[{"count":7,"href":"https:\/\/locket-transport.com\/index.php\/wp-json\/wp\/v2\/pages\/1885\/revisions"}],"predecessor-version":[{"id":1894,"href":"https:\/\/locket-transport.com\/index.php\/wp-json\/wp\/v2\/pages\/1885\/revisions\/1894"}],"up":[{"embeddable":true,"href":"https:\/\/locket-transport.com\/index.php\/wp-json\/wp\/v2\/pages\/1713"}],"wp:featuredmedia":[{"embeddable":true,"href":"https:\/\/locket-transport.com\/index.php\/wp-json\/wp\/v2\/media\/1887"}],"wp:attachment":[{"href":"https:\/\/locket-transport.com\/index.php\/wp-json\/wp\/v2\/media?parent=1885"}],"curies":[{"name":"wp","href":"https:\/\/api.w.org\/{rel}","templated":true}]}}