{"id":1895,"date":"2025-03-05T16:02:45","date_gmt":"2025-03-05T15:02:45","guid":{"rendered":"https:\/\/locket-transport.com\/?page_id=1895"},"modified":"2025-03-10T13:57:53","modified_gmt":"2025-03-10T12:57:53","slug":"camion-plateau-grue","status":"publish","type":"page","link":"https:\/\/locket-transport.com\/index.php\/accueil\/camion-plateau-grue\/","title":{"rendered":"Qu&rsquo;est-ce qu&rsquo;un camion avec un plateau grue ?"},"content":{"rendered":"\t\t<div data-elementor-type=\"wp-page\" data-elementor-id=\"1895\" class=\"elementor elementor-1895\">\n\t\t\t\t<div class=\"elementor-element elementor-element-69735a2 e-flex e-con-boxed e-con e-parent\" data-id=\"69735a2\" data-element_type=\"container\">\n\t\t\t\t\t<div class=\"e-con-inner\">\n\t\t\t\t<div class=\"elementor-element elementor-element-d924a7c elementor-widget elementor-widget-spacer\" data-id=\"d924a7c\" data-element_type=\"widget\" data-widget_type=\"spacer.default\">\n\t\t\t\t<div class=\"elementor-widget-container\">\n\t\t\t\t\t\t\t<div class=\"elementor-spacer\">\n\t\t\t<div class=\"elementor-spacer-inner\"><\/div>\n\t\t<\/div>\n\t\t\t\t\t\t<\/div>\n\t\t\t\t<\/div>\n\t\t\t\t\t<\/div>\n\t\t\t\t<\/div>\n\t\t<div class=\"elementor-element elementor-element-2821d05 e-flex e-con-boxed e-con e-parent\" data-id=\"2821d05\" data-element_type=\"container\">\n\t\t\t\t\t<div class=\"e-con-inner\">\n\t\t<div class=\"elementor-element elementor-element-8921893 e-flex e-con-boxed e-con e-child\" data-id=\"8921893\" data-element_type=\"container\">\n\t\t\t\t\t<div class=\"e-con-inner\">\n\t\t\t\t<div class=\"elementor-element elementor-element-a5c53a5 elementor-widget elementor-widget-heading\" data-id=\"a5c53a5\" data-element_type=\"widget\" data-widget_type=\"heading.default\">\n\t\t\t\t<div class=\"elementor-widget-container\">\n\t\t\t\t\t<h1 class=\"elementor-heading-title elementor-size-default\">Qu'est-ce qu'un camion avec plateau grue ?<\/h1>\t\t\t\t<\/div>\n\t\t\t\t<\/div>\n\t\t\t\t\t<\/div>\n\t\t\t\t<\/div>\n\t\t\t\t\t<\/div>\n\t\t\t\t<\/div>\n\t\t<div class=\"elementor-element elementor-element-5935b7c e-flex e-con-boxed e-con e-parent\" data-id=\"5935b7c\" data-element_type=\"container\">\n\t\t\t\t\t<div class=\"e-con-inner\">\n\t\t\t\t<div class=\"elementor-element elementor-element-a999201 elementor-widget elementor-widget-text-editor\" data-id=\"a999201\" data-element_type=\"widget\" data-widget_type=\"text-editor.default\">\n\t\t\t\t<div class=\"elementor-widget-container\">\n\t\t\t\t\t\t\t\t\t<p>Le plateau grue : une <strong>solution polyvalente<\/strong> pour des livraisons autonomes et s\u00e9curis\u00e9es.<\/p><p>Chez <a href=\"https:\/\/locket-transport.com\/\">Locket Transport<\/a>, nous nous engageons \u00e0 offrir des <a href=\"https:\/\/locket-transport.com\/index.php\/transport-sur-mesure\/\">solutions de transport adapt\u00e9es<\/a> aux besoins sp\u00e9cifiques de nos clients. Parmi nos \u00e9quipements, le <strong>plateau grue<\/strong> se distingue par sa capacit\u00e9 \u00e0 assurer des livraisons autonomes, s\u00e9curis\u00e9es et efficaces, notamment sur les <a href=\"https:\/\/locket-transport.com\/index.php\/transport-levage\/transport-acces-difficile\/\">chantiers ou les zones difficiles d\u2019acc\u00e8s<\/a>.<\/p><p>Un plateau grue est un camion \u00e9quip\u00e9 d\u2019une <strong>grue hydraulique<\/strong> mont\u00e9e directement sur le ch\u00e2ssis. Il se compose d\u2019un plateau de chargement robuste, d\u2019une <strong>grue articul\u00e9e<\/strong> avec diff\u00e9rentes capacit\u00e9s de levage et d\u2019un syst\u00e8me de stabilisation garantissant une manipulation en toute s\u00e9curit\u00e9.<\/p><p>Gr\u00e2ce \u00e0 cette configuration, il permet de soulever, d\u00e9placer et d\u00e9poser des charges lourdes sans n\u00e9cessiter d\u2019\u00e9quipement externe.<\/p><p>Cet outil est particuli\u00e8rement adapt\u00e9 aux <strong>secteurs de la construction<\/strong>, du BTP et de l\u2019industrie, o\u00f9 il facilite la livraison de mat\u00e9riaux, de structures m\u00e9talliques ou d\u2019\u00e9quipements volumineux. En offrant une grande flexibilit\u00e9 et une autonomie totale au chauffeur, le <strong>plateau grue<\/strong> permet un gain de temps consid\u00e9rable et une meilleure organisation des op\u00e9rations de livraison.<\/p><p>Gr\u00e2ce \u00e0 cette solution, les transporteurs peuvent proposer un service plus complet et adapt\u00e9 aux exigences de leurs clients, en simplifiant le d\u00e9chargement et en am\u00e9liorant la s\u00e9curit\u00e9 sur site.<\/p>\t\t\t\t\t\t\t\t<\/div>\n\t\t\t\t<\/div>\n\t\t\t\t\t<\/div>\n\t\t\t\t<\/div>\n\t\t<div class=\"elementor-element elementor-element-39d7f9d e-flex e-con-boxed e-con e-parent\" data-id=\"39d7f9d\" data-element_type=\"container\">\n\t\t\t\t\t<div class=\"e-con-inner\">\n\t\t\t\t<div class=\"elementor-element elementor-element-d159cdf elementor-widget elementor-widget-image\" data-id=\"d159cdf\" data-element_type=\"widget\" data-widget_type=\"image.default\">\n\t\t\t\t<div class=\"elementor-widget-container\">\n\t\t\t\t\t\t\t\t\t\t\t\t\t\t\t<img fetchpriority=\"high\" decoding=\"async\" width=\"1024\" height=\"642\" src=\"https:\/\/locket-transport.com\/wp-content\/uploads\/2025\/03\/festival-1539084_1280-1024x642.jpg\" class=\"attachment-large size-large wp-image-1896\" alt=\"Chantier sur lequel un camion grue est utilis\u00e9 pour d\u00e9placer le mat\u00e9riel\" srcset=\"https:\/\/locket-transport.com\/wp-content\/uploads\/2025\/03\/festival-1539084_1280-1024x642.jpg 1024w, https:\/\/locket-transport.com\/wp-content\/uploads\/2025\/03\/festival-1539084_1280-300x188.jpg 300w, https:\/\/locket-transport.com\/wp-content\/uploads\/2025\/03\/festival-1539084_1280-768x482.jpg 768w, https:\/\/locket-transport.com\/wp-content\/uploads\/2025\/03\/festival-1539084_1280.jpg 1280w\" sizes=\"(max-width: 1024px) 100vw, 1024px\" \/>\t\t\t\t\t\t\t\t\t\t\t\t\t\t\t<\/div>\n\t\t\t\t<\/div>\n\t\t\t\t\t<\/div>\n\t\t\t\t<\/div>\n\t\t<div class=\"elementor-element elementor-element-7472a69 e-flex e-con-boxed e-con e-parent\" data-id=\"7472a69\" data-element_type=\"container\" data-settings=\"{&quot;background_background&quot;:&quot;classic&quot;}\">\n\t\t\t\t\t<div class=\"e-con-inner\">\n\t\t<div class=\"elementor-element elementor-element-217371c e-con-full e-flex e-con e-child\" data-id=\"217371c\" data-element_type=\"container\" data-settings=\"{&quot;background_background&quot;:&quot;classic&quot;}\">\n\t\t\t\t<div class=\"elementor-element elementor-element-63cffd9 elementor-widget elementor-widget-heading\" data-id=\"63cffd9\" data-element_type=\"widget\" data-widget_type=\"heading.default\">\n\t\t\t\t<div class=\"elementor-widget-container\">\n\t\t\t\t\t<h5 class=\"elementor-heading-title elementor-size-default\">Contactez-nous ! <\/h5>\t\t\t\t<\/div>\n\t\t\t\t<\/div>\n\t\t<div class=\"elementor-element elementor-element-68dd064 e-con-full e-flex e-con e-child\" data-id=\"68dd064\" data-element_type=\"container\">\n\t\t\t\t<div class=\"elementor-element elementor-element-1679e0b elementor-widget elementor-widget-text-editor\" data-id=\"1679e0b\" data-element_type=\"widget\" data-widget_type=\"text-editor.default\">\n\t\t\t\t<div class=\"elementor-widget-container\">\n\t\t\t\t\t\t\t\t\t<p>T\u00e9l : (+33) 06 85 38 38 50<\/p><p>@ : trs.locquet@gmail.com<\/p>\t\t\t\t\t\t\t\t<\/div>\n\t\t\t\t<\/div>\n\t\t\t\t<\/div>\n\t\t<div class=\"elementor-element elementor-element-40b8ac2 e-con-full e-flex e-con e-child\" data-id=\"40b8ac2\" data-element_type=\"container\">\n\t\t\t\t<div class=\"elementor-element elementor-element-cf13cb2 elementor-align-center elementor-widget elementor-widget-button\" data-id=\"cf13cb2\" data-element_type=\"widget\" data-widget_type=\"button.default\">\n\t\t\t\t<div class=\"elementor-widget-container\">\n\t\t\t\t\t\t\t\t\t<div class=\"elementor-button-wrapper\">\n\t\t\t\t\t<a class=\"elementor-button elementor-button-link elementor-size-sm\" href=\"https:\/\/locket-transport.com\/index.php\/contact\/\">\n\t\t\t\t\t\t<span class=\"elementor-button-content-wrapper\">\n\t\t\t\t\t\t\t\t\t<span class=\"elementor-button-text\">Devis gratuit<\/span>\n\t\t\t\t\t<\/span>\n\t\t\t\t\t<\/a>\n\t\t\t\t<\/div>\n\t\t\t\t\t\t\t\t<\/div>\n\t\t\t\t<\/div>\n\t\t\t\t<\/div>\n\t\t\t\t<\/div>\n\t\t<div class=\"elementor-element elementor-element-df3c844 e-con-full e-flex e-con e-child\" data-id=\"df3c844\" data-element_type=\"container\" data-settings=\"{&quot;background_background&quot;:&quot;classic&quot;}\">\n\t\t<div class=\"elementor-element elementor-element-c20a20e e-flex e-con-boxed e-con e-child\" data-id=\"c20a20e\" data-element_type=\"container\">\n\t\t\t\t\t<div class=\"e-con-inner\">\n\t\t<div class=\"elementor-element elementor-element-3c71771 e-con-full e-flex e-con e-child\" data-id=\"3c71771\" data-element_type=\"container\">\n\t\t\t\t<div class=\"elementor-element elementor-element-ebebcac elementor-widget elementor-widget-image\" data-id=\"ebebcac\" data-element_type=\"widget\" data-widget_type=\"image.default\">\n\t\t\t\t<div class=\"elementor-widget-container\">\n\t\t\t\t\t\t\t\t\t\t\t\t\t\t\t<img decoding=\"async\" width=\"1024\" height=\"299\" src=\"https:\/\/locket-transport.com\/wp-content\/uploads\/2024\/07\/locketTransport_logoTxtGraphisme2-1024x299.png\" class=\"attachment-large size-large wp-image-233\" alt=\"\" srcset=\"https:\/\/locket-transport.com\/wp-content\/uploads\/2024\/07\/locketTransport_logoTxtGraphisme2-1024x299.png 1024w, https:\/\/locket-transport.com\/wp-content\/uploads\/2024\/07\/locketTransport_logoTxtGraphisme2-300x88.png 300w, https:\/\/locket-transport.com\/wp-content\/uploads\/2024\/07\/locketTransport_logoTxtGraphisme2-768x225.png 768w, https:\/\/locket-transport.com\/wp-content\/uploads\/2024\/07\/locketTransport_logoTxtGraphisme2-1536x449.png 1536w, https:\/\/locket-transport.com\/wp-content\/uploads\/2024\/07\/locketTransport_logoTxtGraphisme2-2048x599.png 2048w, https:\/\/locket-transport.com\/wp-content\/uploads\/2024\/07\/locketTransport_logoTxtGraphisme2-600x175.png 600w\" sizes=\"(max-width: 1024px) 100vw, 1024px\" \/>\t\t\t\t\t\t\t\t\t\t\t\t\t\t\t<\/div>\n\t\t\t\t<\/div>\n\t\t\t\t<\/div>\n\t\t<div class=\"elementor-element elementor-element-3956794 e-con-full e-flex e-con e-child\" data-id=\"3956794\" data-element_type=\"container\">\n\t\t\t\t<div class=\"elementor-element elementor-element-79ea34e elementor-widget elementor-widget-text-editor\" data-id=\"79ea34e\" data-element_type=\"widget\" data-widget_type=\"text-editor.default\">\n\t\t\t\t<div class=\"elementor-widget-container\">\n\t\t\t\t\t\t\t\t\t<p><strong>Locket Transport, l&rsquo;expert de vos transports quotidiens.<\/strong><\/p>\t\t\t\t\t\t\t\t<\/div>\n\t\t\t\t<\/div>\n\t\t\t\t<\/div>\n\t\t\t\t\t<\/div>\n\t\t\t\t<\/div>\n\t\t\t\t<\/div>\n\t\t\t\t\t<\/div>\n\t\t\t\t<\/div>\n\t\t<div class=\"elementor-element elementor-element-aa6f375 e-flex e-con-boxed e-con e-parent\" data-id=\"aa6f375\" data-element_type=\"container\">\n\t\t\t\t\t<div class=\"e-con-inner\">\n\t\t\t\t<div class=\"elementor-element elementor-element-2e4cd20 elementor-widget elementor-widget-spacer\" data-id=\"2e4cd20\" data-element_type=\"widget\" data-widget_type=\"spacer.default\">\n\t\t\t\t<div class=\"elementor-widget-container\">\n\t\t\t\t\t\t\t<div class=\"elementor-spacer\">\n\t\t\t<div class=\"elementor-spacer-inner\"><\/div>\n\t\t<\/div>\n\t\t\t\t\t\t<\/div>\n\t\t\t\t<\/div>\n\t\t\t\t\t<\/div>\n\t\t\t\t<\/div>\n\t\t\t\t<\/div>\n\t\t","protected":false},"excerpt":{"rendered":"<p>Qu&rsquo;est-ce qu&rsquo;un camion avec plateau grue ? Le plateau grue : une solution polyvalente pour des livraisons autonomes et s\u00e9curis\u00e9es&#8230;.<\/p>\n","protected":false},"author":1,"featured_media":1896,"parent":2,"menu_order":0,"comment_status":"closed","ping_status":"closed","template":"","meta":{"footnotes":""},"class_list":["post-1895","page","type-page","status-publish","has-post-thumbnail","hentry"],"yoast_head":"<!-- This site is optimized with the Yoast SEO plugin v25.9 - https:\/\/yoast.com\/wordpress\/plugins\/seo\/ -->\n<title>Qu&#039;est-ce qu&#039;un camion avec un plateau grue ? - LOCKET Transport<\/title>\n<meta name=\"description\" content=\"Le camion avec un plateau plat et une grue est une solution de transport pratique pour d\u00e9placer des charges lourdes et hors gabarit.\" \/>\n<meta name=\"robots\" content=\"index, follow, max-snippet:-1, max-image-preview:large, max-video-preview:-1\" \/>\n<link rel=\"canonical\" href=\"https:\/\/locket-transport.com\/index.php\/accueil\/camion-plateau-grue\/\" \/>\n<meta property=\"og:locale\" content=\"fr_FR\" \/>\n<meta property=\"og:type\" content=\"article\" \/>\n<meta property=\"og:title\" content=\"Qu&#039;est-ce qu&#039;un camion avec un plateau grue ? - LOCKET Transport\" \/>\n<meta property=\"og:description\" content=\"Le camion avec un plateau plat et une grue est une solution de transport pratique pour d\u00e9placer des charges lourdes et hors gabarit.\" \/>\n<meta property=\"og:url\" content=\"https:\/\/locket-transport.com\/index.php\/accueil\/camion-plateau-grue\/\" \/>\n<meta property=\"og:site_name\" content=\"LOCKET Transport\" \/>\n<meta property=\"article:modified_time\" content=\"2025-03-10T12:57:53+00:00\" \/>\n<meta property=\"og:image\" content=\"https:\/\/locket-transport.com\/wp-content\/uploads\/2025\/03\/festival-1539084_1280.jpg\" \/>\n\t<meta property=\"og:image:width\" content=\"1280\" \/>\n\t<meta property=\"og:image:height\" content=\"803\" \/>\n\t<meta property=\"og:image:type\" content=\"image\/jpeg\" \/>\n<meta name=\"twitter:card\" content=\"summary_large_image\" \/>\n<meta name=\"twitter:label1\" content=\"Dur\u00e9e de lecture estim\u00e9e\" \/>\n\t<meta name=\"twitter:data1\" content=\"2 minutes\" \/>\n<script type=\"application\/ld+json\" class=\"yoast-schema-graph\">{\"@context\":\"https:\/\/schema.org\",\"@graph\":[{\"@type\":\"WebPage\",\"@id\":\"https:\/\/locket-transport.com\/index.php\/accueil\/camion-plateau-grue\/\",\"url\":\"https:\/\/locket-transport.com\/index.php\/accueil\/camion-plateau-grue\/\",\"name\":\"Qu'est-ce qu'un camion avec un plateau grue ? - LOCKET Transport\",\"isPartOf\":{\"@id\":\"https:\/\/locket-transport.com\/#website\"},\"primaryImageOfPage\":{\"@id\":\"https:\/\/locket-transport.com\/index.php\/accueil\/camion-plateau-grue\/#primaryimage\"},\"image\":{\"@id\":\"https:\/\/locket-transport.com\/index.php\/accueil\/camion-plateau-grue\/#primaryimage\"},\"thumbnailUrl\":\"https:\/\/locket-transport.com\/wp-content\/uploads\/2025\/03\/festival-1539084_1280.jpg\",\"datePublished\":\"2025-03-05T15:02:45+00:00\",\"dateModified\":\"2025-03-10T12:57:53+00:00\",\"description\":\"Le camion avec un plateau plat et une grue est une solution de transport pratique pour d\u00e9placer des charges lourdes et hors gabarit.\",\"breadcrumb\":{\"@id\":\"https:\/\/locket-transport.com\/index.php\/accueil\/camion-plateau-grue\/#breadcrumb\"},\"inLanguage\":\"fr-FR\",\"potentialAction\":[{\"@type\":\"ReadAction\",\"target\":[\"https:\/\/locket-transport.com\/index.php\/accueil\/camion-plateau-grue\/\"]}]},{\"@type\":\"ImageObject\",\"inLanguage\":\"fr-FR\",\"@id\":\"https:\/\/locket-transport.com\/index.php\/accueil\/camion-plateau-grue\/#primaryimage\",\"url\":\"https:\/\/locket-transport.com\/wp-content\/uploads\/2025\/03\/festival-1539084_1280.jpg\",\"contentUrl\":\"https:\/\/locket-transport.com\/wp-content\/uploads\/2025\/03\/festival-1539084_1280.jpg\",\"width\":1280,\"height\":803,\"caption\":\"Chantier sur lequel un camion grue est utilis\u00e9 pour d\u00e9placer le mat\u00e9riel\"},{\"@type\":\"BreadcrumbList\",\"@id\":\"https:\/\/locket-transport.com\/index.php\/accueil\/camion-plateau-grue\/#breadcrumb\",\"itemListElement\":[{\"@type\":\"ListItem\",\"position\":1,\"name\":\"Accueil\",\"item\":\"https:\/\/locket-transport.com\/\"},{\"@type\":\"ListItem\",\"position\":2,\"name\":\"Page d'accueil\",\"item\":\"https:\/\/locket-transport.com\/\"},{\"@type\":\"ListItem\",\"position\":3,\"name\":\"Qu&rsquo;est-ce qu&rsquo;un camion avec un plateau grue ?\"}]},{\"@type\":\"WebSite\",\"@id\":\"https:\/\/locket-transport.com\/#website\",\"url\":\"https:\/\/locket-transport.com\/\",\"name\":\"LOCKET Transport\",\"description\":\"Le sp\u00e9cialiste qui d\u00e9place vos envies !\",\"publisher\":{\"@id\":\"https:\/\/locket-transport.com\/#organization\"},\"potentialAction\":[{\"@type\":\"SearchAction\",\"target\":{\"@type\":\"EntryPoint\",\"urlTemplate\":\"https:\/\/locket-transport.com\/?s={search_term_string}\"},\"query-input\":{\"@type\":\"PropertyValueSpecification\",\"valueRequired\":true,\"valueName\":\"search_term_string\"}}],\"inLanguage\":\"fr-FR\"},{\"@type\":\"Organization\",\"@id\":\"https:\/\/locket-transport.com\/#organization\",\"name\":\"LOCKET Transport\",\"url\":\"https:\/\/locket-transport.com\/\",\"logo\":{\"@type\":\"ImageObject\",\"inLanguage\":\"fr-FR\",\"@id\":\"https:\/\/locket-transport.com\/#\/schema\/logo\/image\/\",\"url\":\"https:\/\/locket-transport.com\/wp-content\/uploads\/2024\/07\/cropped-locketTransport_logoTxtGraphisme1-2.png\",\"contentUrl\":\"https:\/\/locket-transport.com\/wp-content\/uploads\/2024\/07\/cropped-locketTransport_logoTxtGraphisme1-2.png\",\"width\":1273,\"height\":1102,\"caption\":\"LOCKET Transport\"},\"image\":{\"@id\":\"https:\/\/locket-transport.com\/#\/schema\/logo\/image\/\"}}]}<\/script>\n<!-- \/ Yoast SEO plugin. -->","yoast_head_json":{"title":"Qu'est-ce qu'un camion avec un plateau grue ? - LOCKET Transport","description":"Le camion avec un plateau plat et une grue est une solution de transport pratique pour d\u00e9placer des charges lourdes et hors gabarit.","robots":{"index":"index","follow":"follow","max-snippet":"max-snippet:-1","max-image-preview":"max-image-preview:large","max-video-preview":"max-video-preview:-1"},"canonical":"https:\/\/locket-transport.com\/index.php\/accueil\/camion-plateau-grue\/","og_locale":"fr_FR","og_type":"article","og_title":"Qu'est-ce qu'un camion avec un plateau grue ? - LOCKET Transport","og_description":"Le camion avec un plateau plat et une grue est une solution de transport pratique pour d\u00e9placer des charges lourdes et hors gabarit.","og_url":"https:\/\/locket-transport.com\/index.php\/accueil\/camion-plateau-grue\/","og_site_name":"LOCKET Transport","article_modified_time":"2025-03-10T12:57:53+00:00","og_image":[{"width":1280,"height":803,"url":"https:\/\/locket-transport.com\/wp-content\/uploads\/2025\/03\/festival-1539084_1280.jpg","type":"image\/jpeg"}],"twitter_card":"summary_large_image","twitter_misc":{"Dur\u00e9e de lecture estim\u00e9e":"2 minutes"},"schema":{"@context":"https:\/\/schema.org","@graph":[{"@type":"WebPage","@id":"https:\/\/locket-transport.com\/index.php\/accueil\/camion-plateau-grue\/","url":"https:\/\/locket-transport.com\/index.php\/accueil\/camion-plateau-grue\/","name":"Qu'est-ce qu'un camion avec un plateau grue ? - LOCKET Transport","isPartOf":{"@id":"https:\/\/locket-transport.com\/#website"},"primaryImageOfPage":{"@id":"https:\/\/locket-transport.com\/index.php\/accueil\/camion-plateau-grue\/#primaryimage"},"image":{"@id":"https:\/\/locket-transport.com\/index.php\/accueil\/camion-plateau-grue\/#primaryimage"},"thumbnailUrl":"https:\/\/locket-transport.com\/wp-content\/uploads\/2025\/03\/festival-1539084_1280.jpg","datePublished":"2025-03-05T15:02:45+00:00","dateModified":"2025-03-10T12:57:53+00:00","description":"Le camion avec un plateau plat et une grue est une solution de transport pratique pour d\u00e9placer des charges lourdes et hors gabarit.","breadcrumb":{"@id":"https:\/\/locket-transport.com\/index.php\/accueil\/camion-plateau-grue\/#breadcrumb"},"inLanguage":"fr-FR","potentialAction":[{"@type":"ReadAction","target":["https:\/\/locket-transport.com\/index.php\/accueil\/camion-plateau-grue\/"]}]},{"@type":"ImageObject","inLanguage":"fr-FR","@id":"https:\/\/locket-transport.com\/index.php\/accueil\/camion-plateau-grue\/#primaryimage","url":"https:\/\/locket-transport.com\/wp-content\/uploads\/2025\/03\/festival-1539084_1280.jpg","contentUrl":"https:\/\/locket-transport.com\/wp-content\/uploads\/2025\/03\/festival-1539084_1280.jpg","width":1280,"height":803,"caption":"Chantier sur lequel un camion grue est utilis\u00e9 pour d\u00e9placer le mat\u00e9riel"},{"@type":"BreadcrumbList","@id":"https:\/\/locket-transport.com\/index.php\/accueil\/camion-plateau-grue\/#breadcrumb","itemListElement":[{"@type":"ListItem","position":1,"name":"Accueil","item":"https:\/\/locket-transport.com\/"},{"@type":"ListItem","position":2,"name":"Page d'accueil","item":"https:\/\/locket-transport.com\/"},{"@type":"ListItem","position":3,"name":"Qu&rsquo;est-ce qu&rsquo;un camion avec un plateau grue ?"}]},{"@type":"WebSite","@id":"https:\/\/locket-transport.com\/#website","url":"https:\/\/locket-transport.com\/","name":"LOCKET Transport","description":"Le sp\u00e9cialiste qui d\u00e9place vos envies !","publisher":{"@id":"https:\/\/locket-transport.com\/#organization"},"potentialAction":[{"@type":"SearchAction","target":{"@type":"EntryPoint","urlTemplate":"https:\/\/locket-transport.com\/?s={search_term_string}"},"query-input":{"@type":"PropertyValueSpecification","valueRequired":true,"valueName":"search_term_string"}}],"inLanguage":"fr-FR"},{"@type":"Organization","@id":"https:\/\/locket-transport.com\/#organization","name":"LOCKET Transport","url":"https:\/\/locket-transport.com\/","logo":{"@type":"ImageObject","inLanguage":"fr-FR","@id":"https:\/\/locket-transport.com\/#\/schema\/logo\/image\/","url":"https:\/\/locket-transport.com\/wp-content\/uploads\/2024\/07\/cropped-locketTransport_logoTxtGraphisme1-2.png","contentUrl":"https:\/\/locket-transport.com\/wp-content\/uploads\/2024\/07\/cropped-locketTransport_logoTxtGraphisme1-2.png","width":1273,"height":1102,"caption":"LOCKET Transport"},"image":{"@id":"https:\/\/locket-transport.com\/#\/schema\/logo\/image\/"}}]}},"_links":{"self":[{"href":"https:\/\/locket-transport.com\/index.php\/wp-json\/wp\/v2\/pages\/1895","targetHints":{"allow":["GET"]}}],"collection":[{"href":"https:\/\/locket-transport.com\/index.php\/wp-json\/wp\/v2\/pages"}],"about":[{"href":"https:\/\/locket-transport.com\/index.php\/wp-json\/wp\/v2\/types\/page"}],"author":[{"embeddable":true,"href":"https:\/\/locket-transport.com\/index.php\/wp-json\/wp\/v2\/users\/1"}],"replies":[{"embeddable":true,"href":"https:\/\/locket-transport.com\/index.php\/wp-json\/wp\/v2\/comments?post=1895"}],"version-history":[{"count":10,"href":"https:\/\/locket-transport.com\/index.php\/wp-json\/wp\/v2\/pages\/1895\/revisions"}],"predecessor-version":[{"id":1930,"href":"https:\/\/locket-transport.com\/index.php\/wp-json\/wp\/v2\/pages\/1895\/revisions\/1930"}],"up":[{"embeddable":true,"href":"https:\/\/locket-transport.com\/index.php\/wp-json\/wp\/v2\/pages\/2"}],"wp:featuredmedia":[{"embeddable":true,"href":"https:\/\/locket-transport.com\/index.php\/wp-json\/wp\/v2\/media\/1896"}],"wp:attachment":[{"href":"https:\/\/locket-transport.com\/index.php\/wp-json\/wp\/v2\/media?parent=1895"}],"curies":[{"name":"wp","href":"https:\/\/api.w.org\/{rel}","templated":true}]}}