{"id":220,"date":"2024-06-11T11:50:49","date_gmt":"2024-06-11T09:50:49","guid":{"rendered":"https:\/\/locket-transport.com\/?page_id=220"},"modified":"2025-06-26T11:51:18","modified_gmt":"2025-06-26T09:51:18","slug":"mentions-legales","status":"publish","type":"page","link":"https:\/\/locket-transport.com\/index.php\/mentions-legales\/","title":{"rendered":"Mentions l\u00e9gales"},"content":{"rendered":"\n<h2 class=\"wp-block-heading\"><strong>1. Informations g\u00e9n\u00e9rales<\/strong><\/h2>\n\n\n\n<ul class=\"wp-block-list\">\n<li><strong>Raison sociale<\/strong> : Locket Transport<\/li>\n\n\n\n<li><strong>Forme juridique<\/strong> : SASU (Soci\u00e9t\u00e9 par Actions Simplifi\u00e9e \u00e0 Associ\u00e9 Unique)<\/li>\n\n\n\n<li><strong>Si\u00e8ge social<\/strong> : 22 place des Hab\u00e8res, 74420, HABERE-POCHE, FRANCE<\/li>\n\n\n\n<li><strong>Num\u00e9ro de SIRET<\/strong> : 85097969100019<\/li>\n\n\n\n<li><strong>Code APE<\/strong> : 4941A (Transports routiers de fret interurbains)<\/li>\n\n\n\n<li><strong>TVA intracommunautaire<\/strong> : FR62850979691<\/li>\n\n\n\n<li><strong>Capital social<\/strong> : 15 000 euros<\/li>\n<\/ul>\n\n\n\n<h2 class=\"wp-block-heading\"><strong>2. H\u00e9bergement du site<\/strong><\/h2>\n\n\n\n<ul class=\"wp-block-list\">\n<li><strong>H\u00e9bergeur<\/strong> : Hostinger<\/li>\n\n\n\n<li><strong>Contact de l&rsquo;h\u00e9bergeur<\/strong> : https:\/\/www.hostinger.fr\/ <\/li>\n<\/ul>\n\n\n\n<h2 class=\"wp-block-heading\"><strong>3. Contact<\/strong><\/h2>\n\n\n\n<ul class=\"wp-block-list\">\n<li><strong>T\u00e9l\u00e9phone<\/strong> : +33 6 85 38 38 50<\/li>\n\n\n\n<li><strong>Email<\/strong> : <a>locket@locket-transport.com<\/a><\/li>\n<\/ul>\n\n\n\n<h2 class=\"wp-block-heading\"><strong>4. Directeur de la publication<\/strong><\/h2>\n\n\n\n<ul class=\"wp-block-list\">\n<li><strong>Nom du directeur de la publication<\/strong> : Fabrice LOCQUET<\/li>\n\n\n\n<li><strong>Email du directeur de la publication<\/strong> : trs.locquet@gmail.com <\/li>\n<\/ul>\n\n\n\n<h2 class=\"wp-block-heading\"><strong>5. Propri\u00e9t\u00e9 intellectuelle<\/strong><\/h2>\n\n\n\n<p>Le site internet de Locket Transport et l&rsquo;ensemble de son contenu (textes, images, graphismes, logo, ic\u00f4nes, etc.) sont la propri\u00e9t\u00e9 exclusive de Locket Transport, sauf mention contraire. Toute reproduction, distribution, modification, adaptation, retransmission ou publication, m\u00eame partielle, de ces diff\u00e9rents \u00e9l\u00e9ments est strictement interdite sans l&rsquo;accord \u00e9crit de Locket Transport.<\/p>\n\n\n\n<h2 class=\"wp-block-heading\"><strong>6. Protection des donn\u00e9es personnelles<\/strong><\/h2>\n\n\n\n<p>Locket Transport s&rsquo;engage \u00e0 ce que la collecte et le traitement de vos donn\u00e9es, effectu\u00e9s \u00e0 partir du site locket-transport.fr, soient conformes au R\u00e8glement G\u00e9n\u00e9ral sur la Protection des Donn\u00e9es (RGPD) et \u00e0 la loi Informatique et Libert\u00e9s. Pour toute information ou exercice de vos droits sur les traitements de vos donn\u00e9es personnelles, vous pouvez contacter notre D\u00e9l\u00e9gu\u00e9 \u00e0 la Protection des Donn\u00e9es (DPO) \u00e0 l&rsquo;adresse email suivante : <a>trs.locquet@gmail.com<\/a>.<\/p>\n\n\n\n<h2 class=\"wp-block-heading\"><strong>7. Cookies<\/strong><\/h2>\n\n\n\n<p>Le site locket-transport.com utilise des cookies pour am\u00e9liorer l&rsquo;exp\u00e9rience utilisateur et r\u00e9aliser des statistiques de visites. En naviguant sur ce site, vous acceptez l&rsquo;utilisation des cookies. Vous pouvez \u00e0 tout moment d\u00e9sactiver les cookies en configurant les param\u00e8tres de votre navigateur.<\/p>\n\n\n\n<h2 class=\"wp-block-heading\"><strong>8. Responsabilit\u00e9<\/strong><\/h2>\n\n\n\n<p>Locket Transport s&rsquo;efforce d&rsquo;assurer au mieux de ses possibilit\u00e9s, l&rsquo;exactitude et la mise \u00e0 jour des informations diffus\u00e9es sur ce site. Toutefois, Locket Transport ne peut garantir l&rsquo;exactitude, la pr\u00e9cision ou l&rsquo;exhaustivit\u00e9 des informations mises \u00e0 disposition sur ce site. En cons\u00e9quence, Locket Transport d\u00e9cline toute responsabilit\u00e9 pour toute impr\u00e9cision, inexactitude ou omission portant sur des informations disponibles sur ce site.<\/p>\n\n\n\n<h2 class=\"wp-block-heading\"><strong>9. Loi applicable<\/strong><\/h2>\n\n\n\n<p>Les pr\u00e9sentes mentions l\u00e9gales sont soumises au droit fran\u00e7ais. En cas de litige, et \u00e0 d\u00e9faut d&rsquo;accord amiable, les tribunaux fran\u00e7ais seront seuls comp\u00e9tents pour en conna\u00eetre.<\/p>\n\n\n\n<hr class=\"wp-block-separator has-alpha-channel-opacity\"\/>\n","protected":false},"excerpt":{"rendered":"<p>1. Informations g\u00e9n\u00e9rales 2. H\u00e9bergement du site 3. Contact 4. Directeur de la publication 5. Propri\u00e9t\u00e9 intellectuelle Le site internet&#8230;<\/p>\n","protected":false},"author":1,"featured_media":0,"parent":0,"menu_order":0,"comment_status":"closed","ping_status":"closed","template":"","meta":{"footnotes":""},"class_list":["post-220","page","type-page","status-publish","hentry"],"yoast_head":"<!-- This site is optimized with the Yoast SEO plugin v25.9 - https:\/\/yoast.com\/wordpress\/plugins\/seo\/ -->\n<title>Mentions l\u00e9gales - LOCKET Transport<\/title>\n<meta name=\"description\" content=\"D\u00e9couvrez sur ce lien toutes les informations utiles concernant les mentions l\u00e9gales de Locket Transport.\" \/>\n<meta name=\"robots\" content=\"index, follow, max-snippet:-1, max-image-preview:large, max-video-preview:-1\" \/>\n<link rel=\"canonical\" href=\"https:\/\/locket-transport.com\/index.php\/mentions-legales\/\" \/>\n<meta property=\"og:locale\" content=\"fr_FR\" \/>\n<meta property=\"og:type\" content=\"article\" \/>\n<meta property=\"og:title\" content=\"Mentions l\u00e9gales - LOCKET Transport\" \/>\n<meta property=\"og:description\" content=\"D\u00e9couvrez sur ce lien toutes les informations utiles concernant les mentions l\u00e9gales de Locket Transport.\" \/>\n<meta property=\"og:url\" content=\"https:\/\/locket-transport.com\/index.php\/mentions-legales\/\" \/>\n<meta property=\"og:site_name\" content=\"LOCKET Transport\" \/>\n<meta property=\"article:modified_time\" content=\"2025-06-26T09:51:18+00:00\" \/>\n<meta name=\"twitter:card\" content=\"summary_large_image\" \/>\n<meta name=\"twitter:label1\" content=\"Dur\u00e9e de lecture estim\u00e9e\" \/>\n\t<meta name=\"twitter:data1\" content=\"2 minutes\" \/>\n<script type=\"application\/ld+json\" class=\"yoast-schema-graph\">{\"@context\":\"https:\/\/schema.org\",\"@graph\":[{\"@type\":\"WebPage\",\"@id\":\"https:\/\/locket-transport.com\/index.php\/mentions-legales\/\",\"url\":\"https:\/\/locket-transport.com\/index.php\/mentions-legales\/\",\"name\":\"Mentions l\u00e9gales - LOCKET Transport\",\"isPartOf\":{\"@id\":\"https:\/\/locket-transport.com\/#website\"},\"datePublished\":\"2024-06-11T09:50:49+00:00\",\"dateModified\":\"2025-06-26T09:51:18+00:00\",\"description\":\"D\u00e9couvrez sur ce lien toutes les informations utiles concernant les mentions l\u00e9gales de Locket Transport.\",\"breadcrumb\":{\"@id\":\"https:\/\/locket-transport.com\/index.php\/mentions-legales\/#breadcrumb\"},\"inLanguage\":\"fr-FR\",\"potentialAction\":[{\"@type\":\"ReadAction\",\"target\":[\"https:\/\/locket-transport.com\/index.php\/mentions-legales\/\"]}]},{\"@type\":\"BreadcrumbList\",\"@id\":\"https:\/\/locket-transport.com\/index.php\/mentions-legales\/#breadcrumb\",\"itemListElement\":[{\"@type\":\"ListItem\",\"position\":1,\"name\":\"Accueil\",\"item\":\"https:\/\/locket-transport.com\/\"},{\"@type\":\"ListItem\",\"position\":2,\"name\":\"Mentions l\u00e9gales\"}]},{\"@type\":\"WebSite\",\"@id\":\"https:\/\/locket-transport.com\/#website\",\"url\":\"https:\/\/locket-transport.com\/\",\"name\":\"LOCKET Transport\",\"description\":\"Le sp\u00e9cialiste qui d\u00e9place vos envies !\",\"publisher\":{\"@id\":\"https:\/\/locket-transport.com\/#organization\"},\"potentialAction\":[{\"@type\":\"SearchAction\",\"target\":{\"@type\":\"EntryPoint\",\"urlTemplate\":\"https:\/\/locket-transport.com\/?s={search_term_string}\"},\"query-input\":{\"@type\":\"PropertyValueSpecification\",\"valueRequired\":true,\"valueName\":\"search_term_string\"}}],\"inLanguage\":\"fr-FR\"},{\"@type\":\"Organization\",\"@id\":\"https:\/\/locket-transport.com\/#organization\",\"name\":\"LOCKET Transport\",\"url\":\"https:\/\/locket-transport.com\/\",\"logo\":{\"@type\":\"ImageObject\",\"inLanguage\":\"fr-FR\",\"@id\":\"https:\/\/locket-transport.com\/#\/schema\/logo\/image\/\",\"url\":\"https:\/\/locket-transport.com\/wp-content\/uploads\/2024\/07\/cropped-locketTransport_logoTxtGraphisme1-2.png\",\"contentUrl\":\"https:\/\/locket-transport.com\/wp-content\/uploads\/2024\/07\/cropped-locketTransport_logoTxtGraphisme1-2.png\",\"width\":1273,\"height\":1102,\"caption\":\"LOCKET Transport\"},\"image\":{\"@id\":\"https:\/\/locket-transport.com\/#\/schema\/logo\/image\/\"}}]}<\/script>\n<!-- \/ Yoast SEO plugin. -->","yoast_head_json":{"title":"Mentions l\u00e9gales - LOCKET Transport","description":"D\u00e9couvrez sur ce lien toutes les informations utiles concernant les mentions l\u00e9gales de Locket Transport.","robots":{"index":"index","follow":"follow","max-snippet":"max-snippet:-1","max-image-preview":"max-image-preview:large","max-video-preview":"max-video-preview:-1"},"canonical":"https:\/\/locket-transport.com\/index.php\/mentions-legales\/","og_locale":"fr_FR","og_type":"article","og_title":"Mentions l\u00e9gales - LOCKET Transport","og_description":"D\u00e9couvrez sur ce lien toutes les informations utiles concernant les mentions l\u00e9gales de Locket Transport.","og_url":"https:\/\/locket-transport.com\/index.php\/mentions-legales\/","og_site_name":"LOCKET Transport","article_modified_time":"2025-06-26T09:51:18+00:00","twitter_card":"summary_large_image","twitter_misc":{"Dur\u00e9e de lecture estim\u00e9e":"2 minutes"},"schema":{"@context":"https:\/\/schema.org","@graph":[{"@type":"WebPage","@id":"https:\/\/locket-transport.com\/index.php\/mentions-legales\/","url":"https:\/\/locket-transport.com\/index.php\/mentions-legales\/","name":"Mentions l\u00e9gales - LOCKET Transport","isPartOf":{"@id":"https:\/\/locket-transport.com\/#website"},"datePublished":"2024-06-11T09:50:49+00:00","dateModified":"2025-06-26T09:51:18+00:00","description":"D\u00e9couvrez sur ce lien toutes les informations utiles concernant les mentions l\u00e9gales de Locket Transport.","breadcrumb":{"@id":"https:\/\/locket-transport.com\/index.php\/mentions-legales\/#breadcrumb"},"inLanguage":"fr-FR","potentialAction":[{"@type":"ReadAction","target":["https:\/\/locket-transport.com\/index.php\/mentions-legales\/"]}]},{"@type":"BreadcrumbList","@id":"https:\/\/locket-transport.com\/index.php\/mentions-legales\/#breadcrumb","itemListElement":[{"@type":"ListItem","position":1,"name":"Accueil","item":"https:\/\/locket-transport.com\/"},{"@type":"ListItem","position":2,"name":"Mentions l\u00e9gales"}]},{"@type":"WebSite","@id":"https:\/\/locket-transport.com\/#website","url":"https:\/\/locket-transport.com\/","name":"LOCKET Transport","description":"Le sp\u00e9cialiste qui d\u00e9place vos envies !","publisher":{"@id":"https:\/\/locket-transport.com\/#organization"},"potentialAction":[{"@type":"SearchAction","target":{"@type":"EntryPoint","urlTemplate":"https:\/\/locket-transport.com\/?s={search_term_string}"},"query-input":{"@type":"PropertyValueSpecification","valueRequired":true,"valueName":"search_term_string"}}],"inLanguage":"fr-FR"},{"@type":"Organization","@id":"https:\/\/locket-transport.com\/#organization","name":"LOCKET Transport","url":"https:\/\/locket-transport.com\/","logo":{"@type":"ImageObject","inLanguage":"fr-FR","@id":"https:\/\/locket-transport.com\/#\/schema\/logo\/image\/","url":"https:\/\/locket-transport.com\/wp-content\/uploads\/2024\/07\/cropped-locketTransport_logoTxtGraphisme1-2.png","contentUrl":"https:\/\/locket-transport.com\/wp-content\/uploads\/2024\/07\/cropped-locketTransport_logoTxtGraphisme1-2.png","width":1273,"height":1102,"caption":"LOCKET Transport"},"image":{"@id":"https:\/\/locket-transport.com\/#\/schema\/logo\/image\/"}}]}},"_links":{"self":[{"href":"https:\/\/locket-transport.com\/index.php\/wp-json\/wp\/v2\/pages\/220","targetHints":{"allow":["GET"]}}],"collection":[{"href":"https:\/\/locket-transport.com\/index.php\/wp-json\/wp\/v2\/pages"}],"about":[{"href":"https:\/\/locket-transport.com\/index.php\/wp-json\/wp\/v2\/types\/page"}],"author":[{"embeddable":true,"href":"https:\/\/locket-transport.com\/index.php\/wp-json\/wp\/v2\/users\/1"}],"replies":[{"embeddable":true,"href":"https:\/\/locket-transport.com\/index.php\/wp-json\/wp\/v2\/comments?post=220"}],"version-history":[{"count":5,"href":"https:\/\/locket-transport.com\/index.php\/wp-json\/wp\/v2\/pages\/220\/revisions"}],"predecessor-version":[{"id":2667,"href":"https:\/\/locket-transport.com\/index.php\/wp-json\/wp\/v2\/pages\/220\/revisions\/2667"}],"wp:attachment":[{"href":"https:\/\/locket-transport.com\/index.php\/wp-json\/wp\/v2\/media?parent=220"}],"curies":[{"name":"wp","href":"https:\/\/api.w.org\/{rel}","templated":true}]}}